{"id":348562,"date":"2024-07-02T13:46:33","date_gmt":"2024-07-02T12:47:59","guid":{"rendered":"https:\/\/www.moskito.cz\/produkt\/couteau-fixe-muela-peccary-8-o\/"},"modified":"2025-05-07T11:19:19","modified_gmt":"2025-05-07T10:19:19","slug":"couteau-fixe-muela-peccary-8-o","status":"publish","type":"product","link":"https:\/\/www.moskito.cz\/fr\/produkt\/couteau-fixe-muela-peccary-8-o\/","title":{"rendered":"Couteau Fixe Muela PECCARY-8.O"},"content":{"rendered":"<p>Couteau Fixe <strong>Muela<\/strong> PECCARY-8.O<\/p>\n<p>Muela est actuellement l&rsquo;une des entreprises les plus solides dans le domaine des couteaux de chasse artisanaux en Espagne et dans le reste du monde, et ses couteaux et couteaux de poche sont tr\u00e8s appr\u00e9ci\u00e9s pour leur qualit\u00e9 sup\u00e9rieure.<\/p>\n<p>Le couteau Muela Peccary est id\u00e9al pour un usage quotidien car il peut \u00eatre port\u00e9 autour du cou. Malgr\u00e9 ses petites dimensions, il est tr\u00e8s r\u00e9sistant, dynamique, agressif et robuste. T\u00f4le d&rsquo;acier MoVa. Manche en micarta. Comprend : &#8211; Trou pour cordon. -\u00c9tui Kydex -Cordon Paracord (550 lbs).<\/p>\n<p>CARACT\u00c9RISTIQUES DU COUTEAU :<\/p>\n<p>Longueur totale&nbsp;: 15,5 cm \/ 6,10 pouces<\/p>\n<p>Longueur de la lame&nbsp;: 7,0 cm \/ 2,75 pouces<\/p>\n<p>Type d&rsquo;acier : MoVa<\/p>\n<p>Mod\u00e8le : Droit<\/p>\n<p>Surface : satin\u00e9e.<\/p>\n<p>Type de meulage : Lisse<\/p>\n<p>Longueur du manche : 8,5 cm \/ 3,34 pouces<\/p>\n<p>Mat\u00e9riau du manche : Toile<\/p>\n<p>Couleur de la poign\u00e9e: noir<\/p>\n<p>Poids : 70 gr.<\/p>\n<p>Cas : Kydex Pays d\u2019origine : Espagne<\/p>\n<p>&nbsp;<\/p>\n","protected":false},"excerpt":{"rendered":"<p>Le couteau Muela Peccary est id\u00e9al pour un usage quotidien car il peut \u00eatre port\u00e9 autour du cou. Malgr\u00e9 ses petites dimensions, il est tr\u00e8s r\u00e9sistant, dynamique, agressif et robuste.<\/p>\n","protected":false},"featured_media":348539,"comment_status":"open","ping_status":"closed","template":"","meta":[],"pwb-brand":[3909],"product_brand":[],"product_cat":[3697,3696],"product_tag":[3754],"class_list":{"0":"post-348562","1":"product","2":"type-product","3":"status-publish","4":"has-post-thumbnail","6":"pwb-brand-elle-a-du","7":"product_cat-couteaux-solides","8":"product_cat-des-couteaux","9":"product_tag-b2b-fr","11":"first","12":"instock","13":"taxable","14":"shipping-taxable","15":"purchasable","16":"product-type-simple"},"brands":[{"id":3909,"name":"Elle a d\u00fb","slug":"elle-a-du"}],"_links":{"self":[{"href":"https:\/\/www.moskito.cz\/fr\/wp-json\/wp\/v2\/product\/348562","targetHints":{"allow":["GET"]}}],"collection":[{"href":"https:\/\/www.moskito.cz\/fr\/wp-json\/wp\/v2\/product"}],"about":[{"href":"https:\/\/www.moskito.cz\/fr\/wp-json\/wp\/v2\/types\/product"}],"replies":[{"embeddable":true,"href":"https:\/\/www.moskito.cz\/fr\/wp-json\/wp\/v2\/comments?post=348562"}],"wp:featuredmedia":[{"embeddable":true,"href":"https:\/\/www.moskito.cz\/fr\/wp-json\/wp\/v2\/media\/348539"}],"wp:attachment":[{"href":"https:\/\/www.moskito.cz\/fr\/wp-json\/wp\/v2\/media?parent=348562"}],"wp:term":[{"taxonomy":"pwb-brand","embeddable":true,"href":"https:\/\/www.moskito.cz\/fr\/wp-json\/wp\/v2\/pwb-brand?post=348562"},{"taxonomy":"product_brand","embeddable":true,"href":"https:\/\/www.moskito.cz\/fr\/wp-json\/wp\/v2\/product_brand?post=348562"},{"taxonomy":"product_cat","embeddable":true,"href":"https:\/\/www.moskito.cz\/fr\/wp-json\/wp\/v2\/product_cat?post=348562"},{"taxonomy":"product_tag","embeddable":true,"href":"https:\/\/www.moskito.cz\/fr\/wp-json\/wp\/v2\/product_tag?post=348562"}],"curies":[{"name":"wp","href":"https:\/\/api.w.org\/{rel}","templated":true}]}}