{"id":348627,"date":"2024-07-02T14:21:25","date_gmt":"2024-07-02T13:23:01","guid":{"rendered":"https:\/\/www.moskito.cz\/produkt\/couteau-de-fermeture-avec-etui-muela-bx-8gm\/"},"modified":"2025-05-07T11:19:21","modified_gmt":"2025-05-07T10:19:21","slug":"couteau-de-fermeture-avec-etui-muela-bx-8gm","status":"publish","type":"product","link":"https:\/\/www.moskito.cz\/fr\/produkt\/couteau-de-fermeture-avec-etui-muela-bx-8gm\/","title":{"rendered":"Couteau de fermeture avec \u00e9tui Muela BX-8GM"},"content":{"rendered":"<p>Couteau de fermeture avec \u00e9tui <strong>Muela<\/strong> BX-8GM.<\/p>\n<p>Couteau pliant Muela BX8GM, manches en micarta noir, s\u00e9curit\u00e9 arri\u00e8re, garnitures en acier gris, \u00e9tui en nylon.<\/p>\n<p>Un couteau de fermeture de la soci\u00e9t\u00e9 espagnole Muela avec une forme classique, mais dans un concept moderne. Il trouvera une application dans le tourisme, le camping et le camping, mais il sera certainement \u00e9galement utilis\u00e9 par les chasseurs et les chasseurs. Il a une taille et un poids agr\u00e9ables et est tr\u00e8s confortable \u00e0 travailler.<\/p>\n<p>Couteau de poche Muela avec lame en acier 440C de 8,5 cm. Manche en micarta noir et douille TiNi avec serrure. Un couteau l\u00e9ger et compact que vous pouvez toujours emporter dans votre poche. Mat\u00e9riaux : Lame : Acier 440C Manche : Mikarta noir Garniture : TiNi Dimensions : Longueur de la lame : 85 mm. Longueur du manche : 100 mm. Longueur totale : 185 mm. Poids : 120 grammes.<\/p>\n<p>&nbsp;<\/p>\n","protected":false},"excerpt":{"rendered":"<p><strong>Couteau pliant Muela BX8GM, manches en micarta noir, s\u00e9curit\u00e9 arri\u00e8re, garnitures en acier gris, \u00e9tui en nylon.<\/strong><\/p>\n","protected":false},"featured_media":348603,"comment_status":"open","ping_status":"closed","template":"","meta":[],"pwb-brand":[3909],"product_brand":[],"product_cat":[3700,3696],"product_tag":[3754],"class_list":{"0":"post-348627","1":"product","2":"type-product","3":"status-publish","4":"has-post-thumbnail","6":"pwb-brand-elle-a-du","7":"product_cat-couteaux-de-fermeture","8":"product_cat-des-couteaux","9":"product_tag-b2b-fr","11":"first","12":"instock","13":"taxable","14":"shipping-taxable","15":"purchasable","16":"product-type-simple"},"brands":[{"id":3909,"name":"Elle a d\u00fb","slug":"elle-a-du"}],"_links":{"self":[{"href":"https:\/\/www.moskito.cz\/fr\/wp-json\/wp\/v2\/product\/348627","targetHints":{"allow":["GET"]}}],"collection":[{"href":"https:\/\/www.moskito.cz\/fr\/wp-json\/wp\/v2\/product"}],"about":[{"href":"https:\/\/www.moskito.cz\/fr\/wp-json\/wp\/v2\/types\/product"}],"replies":[{"embeddable":true,"href":"https:\/\/www.moskito.cz\/fr\/wp-json\/wp\/v2\/comments?post=348627"}],"wp:featuredmedia":[{"embeddable":true,"href":"https:\/\/www.moskito.cz\/fr\/wp-json\/wp\/v2\/media\/348603"}],"wp:attachment":[{"href":"https:\/\/www.moskito.cz\/fr\/wp-json\/wp\/v2\/media?parent=348627"}],"wp:term":[{"taxonomy":"pwb-brand","embeddable":true,"href":"https:\/\/www.moskito.cz\/fr\/wp-json\/wp\/v2\/pwb-brand?post=348627"},{"taxonomy":"product_brand","embeddable":true,"href":"https:\/\/www.moskito.cz\/fr\/wp-json\/wp\/v2\/product_brand?post=348627"},{"taxonomy":"product_cat","embeddable":true,"href":"https:\/\/www.moskito.cz\/fr\/wp-json\/wp\/v2\/product_cat?post=348627"},{"taxonomy":"product_tag","embeddable":true,"href":"https:\/\/www.moskito.cz\/fr\/wp-json\/wp\/v2\/product_tag?post=348627"}],"curies":[{"name":"wp","href":"https:\/\/api.w.org\/{rel}","templated":true}]}}