{"id":348711,"date":"2024-07-02T14:58:40","date_gmt":"2024-07-02T14:11:26","guid":{"rendered":"https:\/\/www.moskito.cz\/produkt\/couteau-de-fermeture-muela-10-m\/"},"modified":"2025-05-07T11:19:27","modified_gmt":"2025-05-07T10:19:27","slug":"couteau-de-fermeture-muela-10-m","status":"publish","type":"product","link":"https:\/\/www.moskito.cz\/fr\/produkt\/couteau-de-fermeture-muela-10-m\/","title":{"rendered":"Couteau de fermeture Muela 10-M"},"content":{"rendered":"<p>Couteau de fermeture <strong>Muela<\/strong> 10-M.<\/p>\n<p>Un couteau pliant de la c\u00e9l\u00e8bre entreprise espagnole Muela, parfait pour tous ceux qui aiment un look traditionnel, associ\u00e9 \u00e0 des mat\u00e9riaux de qualit\u00e9 et \u00e0 une fabrication de premi\u00e8re qualit\u00e9.<\/p>\n<p>Il poss\u00e8de une lame lisse en acier au molybd\u00e8ne vanadium avec une finition gris satin\u00e9, s&rsquo;ouvre manuellement et est s\u00e9curis\u00e9e par un Backlock.<\/p>\n<p>La poign\u00e9e est compos\u00e9e d&rsquo;une combinaison de laiton et de bois, pour un design esth\u00e9tique. Avec trou pour cordon.<\/p>\n<p>Longueur totale : 22 cm<br \/>\nLongueur de la lame : 10,5 cm<br \/>\nPoids : 200g<br \/>\nMat\u00e9riau de la lame : molybd\u00e8ne vanadium<br \/>\nMat\u00e9riau du manche : bois<br \/>\nS\u00e9curit\u00e9&nbsp;: Backlock<\/p>\n","protected":false},"excerpt":{"rendered":"<p><strong>Un couteau pliant de la c\u00e9l\u00e8bre entreprise espagnole Muela, parfait pour tous ceux qui aiment le look traditionnel.<\/strong><\/p>\n","protected":false},"featured_media":348704,"comment_status":"open","ping_status":"closed","template":"","meta":[],"pwb-brand":[3909],"product_brand":[],"product_cat":[3700,3696],"product_tag":[3754],"class_list":{"0":"post-348711","1":"product","2":"type-product","3":"status-publish","4":"has-post-thumbnail","6":"pwb-brand-elle-a-du","7":"product_cat-couteaux-de-fermeture","8":"product_cat-des-couteaux","9":"product_tag-b2b-fr","11":"first","12":"outofstock","13":"taxable","14":"shipping-taxable","15":"purchasable","16":"product-type-simple"},"brands":[{"id":3909,"name":"Elle a d\u00fb","slug":"elle-a-du"}],"_links":{"self":[{"href":"https:\/\/www.moskito.cz\/fr\/wp-json\/wp\/v2\/product\/348711","targetHints":{"allow":["GET"]}}],"collection":[{"href":"https:\/\/www.moskito.cz\/fr\/wp-json\/wp\/v2\/product"}],"about":[{"href":"https:\/\/www.moskito.cz\/fr\/wp-json\/wp\/v2\/types\/product"}],"replies":[{"embeddable":true,"href":"https:\/\/www.moskito.cz\/fr\/wp-json\/wp\/v2\/comments?post=348711"}],"wp:featuredmedia":[{"embeddable":true,"href":"https:\/\/www.moskito.cz\/fr\/wp-json\/wp\/v2\/media\/348704"}],"wp:attachment":[{"href":"https:\/\/www.moskito.cz\/fr\/wp-json\/wp\/v2\/media?parent=348711"}],"wp:term":[{"taxonomy":"pwb-brand","embeddable":true,"href":"https:\/\/www.moskito.cz\/fr\/wp-json\/wp\/v2\/pwb-brand?post=348711"},{"taxonomy":"product_brand","embeddable":true,"href":"https:\/\/www.moskito.cz\/fr\/wp-json\/wp\/v2\/product_brand?post=348711"},{"taxonomy":"product_cat","embeddable":true,"href":"https:\/\/www.moskito.cz\/fr\/wp-json\/wp\/v2\/product_cat?post=348711"},{"taxonomy":"product_tag","embeddable":true,"href":"https:\/\/www.moskito.cz\/fr\/wp-json\/wp\/v2\/product_tag?post=348711"}],"curies":[{"name":"wp","href":"https:\/\/api.w.org\/{rel}","templated":true}]}}