{"id":348737,"date":"2022-10-18T20:51:40","date_gmt":"2024-07-02T14:24:21","guid":{"rendered":"https:\/\/www.moskito.cz\/produkt\/couteaux-heretiques-manticore-s-h025-8a-couteau-de-tir\/"},"modified":"2025-05-07T11:19:28","modified_gmt":"2025-05-07T10:19:28","slug":"couteaux-heretiques-manticore-s-h025-8a-couteau-de-tir","status":"publish","type":"product","link":"https:\/\/www.moskito.cz\/fr\/produkt\/couteaux-heretiques-manticore-s-h025-8a-couteau-de-tir\/","title":{"rendered":"Couteaux h\u00e9r\u00e9tiques Manticore S H025-8A Couteau de tir"},"content":{"rendered":"<p><strong>Couteaux h\u00e9r\u00e9tiques<\/strong> Manticore S H025-8A Couteau de tir.<\/p>\n<p>Le Manticore S est la plus petite offre OTF de Heretic Knives dans la s\u00e9rie Manticore. Ce couteau est fabriqu\u00e9 et assembl\u00e9 \u00e0 100 % aux \u00c9tats-Unis, b\u00e9n\u00e9ficiant d&rsquo;une garantie \u00e0 vie, vous pouvez donc \u00eatre s\u00fbr que cet OTF durera. Il pr\u00e9sente le tir doux et soyeux et le recul \u00e0 une main qui sont standard sur la gamme Manticore. La variante S est un couteau compact, dot\u00e9 d&rsquo;un trou pour lani\u00e8re int\u00e9gr\u00e9, d&rsquo;un brise-verre en acier tremp\u00e9 et d&rsquo;un clip profond. Son profil mince et son poids l\u00e9ger le rendent facile \u00e0 transporter et pr\u00eat \u00e0 tout moment. L&rsquo;action est addictive, l&rsquo;ergonomie est au rendez-vous et la qualit\u00e9 de fabrication est de premier ordre. Vous ne serez pas d\u00e9\u00e7u!!<\/p>\n<p>Longueur de la lame : 6,2 cm<br \/>\nLongueur totale : 16,2 cm<br \/>\nMat\u00e9riau de la lame : Elmax<br \/>\nMeulage de la lame : plat<br \/>\nMat\u00e9riau du manche : aluminium noir<br \/>\n\u00c9paisseur du manche : 0,33&Prime;<br \/>\nM\u00e9canisme de verrouillage : Glissi\u00e8re<br \/>\nClip de poche&nbsp;: Deep Carry en acier inoxydable (pliable, \u00e0 droite)<br \/>\nPoids : 1,8 onces.<br \/>\nCr\u00e9ateur : Tony Marfione Jr.<br \/>\nFabriqu\u00e9 aux \u00c9tats-Unis<\/p>\n","protected":false},"excerpt":{"rendered":"<p>Tous nos couteaux sont fabriqu\u00e9s aux \u00c9tats-Unis et nous le conserverons ainsi. Lorsque vous achetez l&rsquo;un de nos couteaux, vous pouvez avoir confiance en votre outil en sachant qu&rsquo;il est soutenu par une entreprise am\u00e9ricaine. Nos couteaux sont fabriqu\u00e9s en petits lots pour garantir que vous obtenez un couteau de qualit\u00e9 qui ne re\u00e7oit pas l&rsquo;attention que les autres couteaux produits en s\u00e9rie ne re\u00e7oivent pas.<\/p>\n<p><strong>Transports gratuits.<\/strong><\/p>\n","protected":false},"featured_media":348738,"comment_status":"open","ping_status":"closed","template":"","meta":[],"pwb-brand":[3758],"product_brand":[],"product_cat":[3699,3696],"product_tag":[],"class_list":{"0":"post-348737","1":"product","2":"type-product","3":"status-publish","4":"has-post-thumbnail","6":"pwb-brand-couteaux-heretiques","7":"product_cat-couteaux-de-tir","8":"product_cat-des-couteaux","10":"first","11":"instock","12":"taxable","13":"shipping-taxable","14":"purchasable","15":"product-type-simple"},"brands":[{"id":3758,"name":"Couteaux h\u00e9r\u00e9tiques","slug":"couteaux-heretiques"}],"_links":{"self":[{"href":"https:\/\/www.moskito.cz\/fr\/wp-json\/wp\/v2\/product\/348737","targetHints":{"allow":["GET"]}}],"collection":[{"href":"https:\/\/www.moskito.cz\/fr\/wp-json\/wp\/v2\/product"}],"about":[{"href":"https:\/\/www.moskito.cz\/fr\/wp-json\/wp\/v2\/types\/product"}],"replies":[{"embeddable":true,"href":"https:\/\/www.moskito.cz\/fr\/wp-json\/wp\/v2\/comments?post=348737"}],"wp:featuredmedia":[{"embeddable":true,"href":"https:\/\/www.moskito.cz\/fr\/wp-json\/wp\/v2\/media\/348738"}],"wp:attachment":[{"href":"https:\/\/www.moskito.cz\/fr\/wp-json\/wp\/v2\/media?parent=348737"}],"wp:term":[{"taxonomy":"pwb-brand","embeddable":true,"href":"https:\/\/www.moskito.cz\/fr\/wp-json\/wp\/v2\/pwb-brand?post=348737"},{"taxonomy":"product_brand","embeddable":true,"href":"https:\/\/www.moskito.cz\/fr\/wp-json\/wp\/v2\/product_brand?post=348737"},{"taxonomy":"product_cat","embeddable":true,"href":"https:\/\/www.moskito.cz\/fr\/wp-json\/wp\/v2\/product_cat?post=348737"},{"taxonomy":"product_tag","embeddable":true,"href":"https:\/\/www.moskito.cz\/fr\/wp-json\/wp\/v2\/product_tag?post=348737"}],"curies":[{"name":"wp","href":"https:\/\/api.w.org\/{rel}","templated":true}]}}