{"id":348762,"date":"2022-10-23T12:52:20","date_gmt":"2024-07-02T14:30:39","guid":{"rendered":"https:\/\/www.moskito.cz\/produkt\/couteau-fixe-heretic-knives-sleight-modular-push-dagger-battleworn-noir-h050-8a-brkorg\/"},"modified":"2025-05-07T11:19:29","modified_gmt":"2025-05-07T10:19:29","slug":"couteau-fixe-heretic-knives-sleight-modular-push-dagger-battleworn-noir-h050-8a-brkorg","status":"publish","type":"product","link":"https:\/\/www.moskito.cz\/fr\/produkt\/couteau-fixe-heretic-knives-sleight-modular-push-dagger-battleworn-noir-h050-8a-brkorg\/","title":{"rendered":"Couteau Fixe HERETIC KNIVES Sleight Modular Push Dagger Battleworn Noir H050-8A-BRKORG"},"content":{"rendered":"<p>Couteau fixe <strong>HERETIC KNIVES<\/strong> Sleight Modular Push Dagger Battleworn Black H050-8A-BRKORG.<\/p>\n<p>Pr\u00e9sentation du Heretic Sleight, le premier poignard \u00e0 pousser modulaire de Tony Jr. Le Sleight est livr\u00e9 en standard avec une lame \u00e0 double tranchant standard aff\u00fbt\u00e9e au burin (CPM-20CV) d&rsquo;une longueur de lame de 6,57 cm. Il a une longueur totale de 13,5 cm, une \u00e9paisseur de 0,862 cm et 3,2 onces sans la veste. Le Sleight est modulaire, retirez simplement les trois vis T8 et remplacez la lame par un manche de couteau Sleight (vendu s\u00e9par\u00e9ment) ou \u00e9changez-la avec un autre accessoire Sleight S\u00e9curis\u00e9 par Tek-Lok, soyez assur\u00e9 que votre Sleight restera intact quelle que soit la fa\u00e7on dont vous choisissez de le transporter.<\/p>\n<p>Caract\u00e9ristiques<br \/>\nLongueur de la lame : 7,375 cm<br \/>\nLongueur totale : 13,5 cm<br \/>\nMat\u00e9riau de la lame : acier inoxydable CPM-20CV<br \/>\n\u00c9paisseur de la lame : 0,862 cm<br \/>\nStyle de lame&nbsp;:&nbsp;Dague \u00e0 double tranchant<br \/>\nMeulage de la lame&nbsp;:&nbsp;Plat<br \/>\nFinition de la lame&nbsp;: Noir us\u00e9<br \/>\nMat\u00e9riau de la poign\u00e9e&nbsp;:&nbsp;aluminium anodis\u00e9 orange r\u00e9volutionnaire 6061-T6<br \/>\n\u00c9paisseur du manche : 0,862 cm<br \/>\nMat\u00e9riau de la gaine : Kydex<br \/>\nPoids : 3,2 onces.<br \/>\nPoids avec \u00e9tui : 6,0 oz.<br \/>\nCr\u00e9ateur : Tony Marfione Jr.<br \/>\nFabriqu\u00e9 aux \u00c9tats-Unis<\/p>\n","protected":false},"excerpt":{"rendered":"<p>Tous nos couteaux sont fabriqu\u00e9s aux \u00c9tats-Unis et nous le conserverons ainsi. Lorsque vous achetez l&rsquo;un de nos couteaux, vous pouvez avoir confiance en votre outil en sachant qu&rsquo;il est soutenu par une entreprise am\u00e9ricaine. Nos couteaux sont fabriqu\u00e9s en petits lots pour vous assurer d&rsquo;obtenir un couteau de qualit\u00e9 qui attire l&rsquo;attention que les autres couteaux produits en s\u00e9rie n&rsquo;obtiennent pas&nbsp;!!<\/p>\n","protected":false},"featured_media":348763,"comment_status":"open","ping_status":"closed","template":"","meta":[],"pwb-brand":[],"product_brand":[],"product_cat":[3697,3696],"product_tag":[],"class_list":{"0":"post-348762","1":"product","2":"type-product","3":"status-publish","4":"has-post-thumbnail","6":"product_cat-couteaux-solides","7":"product_cat-des-couteaux","9":"first","10":"instock","11":"taxable","12":"shipping-taxable","13":"purchasable","14":"product-type-simple"},"brands":[],"_links":{"self":[{"href":"https:\/\/www.moskito.cz\/fr\/wp-json\/wp\/v2\/product\/348762","targetHints":{"allow":["GET"]}}],"collection":[{"href":"https:\/\/www.moskito.cz\/fr\/wp-json\/wp\/v2\/product"}],"about":[{"href":"https:\/\/www.moskito.cz\/fr\/wp-json\/wp\/v2\/types\/product"}],"replies":[{"embeddable":true,"href":"https:\/\/www.moskito.cz\/fr\/wp-json\/wp\/v2\/comments?post=348762"}],"wp:featuredmedia":[{"embeddable":true,"href":"https:\/\/www.moskito.cz\/fr\/wp-json\/wp\/v2\/media\/348763"}],"wp:attachment":[{"href":"https:\/\/www.moskito.cz\/fr\/wp-json\/wp\/v2\/media?parent=348762"}],"wp:term":[{"taxonomy":"pwb-brand","embeddable":true,"href":"https:\/\/www.moskito.cz\/fr\/wp-json\/wp\/v2\/pwb-brand?post=348762"},{"taxonomy":"product_brand","embeddable":true,"href":"https:\/\/www.moskito.cz\/fr\/wp-json\/wp\/v2\/product_brand?post=348762"},{"taxonomy":"product_cat","embeddable":true,"href":"https:\/\/www.moskito.cz\/fr\/wp-json\/wp\/v2\/product_cat?post=348762"},{"taxonomy":"product_tag","embeddable":true,"href":"https:\/\/www.moskito.cz\/fr\/wp-json\/wp\/v2\/product_tag?post=348762"}],"curies":[{"name":"wp","href":"https:\/\/api.w.org\/{rel}","templated":true}]}}