{"id":348859,"date":"2024-07-02T20:17:22","date_gmt":"2024-07-02T19:18:23","guid":{"rendered":"https:\/\/www.moskito.cz\/produkt\/couteau-de-tir-microtech-glykon-apocalyptic-184-12ap\/"},"modified":"2025-05-07T11:19:31","modified_gmt":"2025-05-07T10:19:31","slug":"couteau-de-tir-microtech-glykon-apocalyptic-184-12ap","status":"publish","type":"product","link":"https:\/\/www.moskito.cz\/fr\/produkt\/couteau-de-tir-microtech-glykon-apocalyptic-184-12ap\/","title":{"rendered":"Couteau de tir Microtech Glykon Apocalyptic 184-12AP"},"content":{"rendered":"<p>Couteau de tir <strong>Microtech<\/strong> Glykon Apocalyptic 184-12AP.<\/p>\n<p>Glykon, du nom de l&rsquo;ancien dieu serpent grec, est le premier Microtech dot\u00e9 d&rsquo;un bouton \u00e0 trois c\u00f4t\u00e9s. Cela en fait un OTF \u00e0 alimentation sup\u00e9rieure ainsi qu&rsquo;un mod\u00e8le \u00e0 tir lat\u00e9ral enti\u00e8rement ambidextre. Tout ce que vous avez \u00e0 faire est de basculer le clip de poche de l&rsquo;autre c\u00f4t\u00e9 avec un \u00e9norme embout Torx et le tour est jou\u00e9. C&rsquo;est l&rsquo;une des rares entreprises de microtechnologie \u00e0 utiliser une conception \u00e0 vis Torx pour permettre des modifications \u00e0 la maison. Il comporte \u00e9galement des accents et des superpositions en titane sur le cadre qui peuvent \u00eatre facilement retir\u00e9s et personnalis\u00e9s si c&rsquo;est votre truc. En constante innovation, Microtech a ici un grand gagnant avec Glykon.<\/p>\n<p>Caract\u00e9ristiques:<br \/>\nLongueur de la lame : 9,37 cm<br \/>\nLongueur ferm\u00e9 : 13,12 cm<br \/>\nLongueur totale : 22,5 cm<br \/>\nAcier : M390<br \/>\n\u00c9paisseur de la lame : 0,125&Prime;<br \/>\nStyle de lame&nbsp;: ba\u00efonnette \u00e0 double tranchant<br \/>\nMeulage de la lame&nbsp;:&nbsp;Plat<br \/>\nFinition de la lame : Apocalyptique<br \/>\nMat\u00e9riau de la poign\u00e9e&nbsp;: aluminium 6061-T6 noir avec rev\u00eatements en titane microbill\u00e9<br \/>\nM\u00e9canisme de verrouillage : Tri-Slide<br \/>\nClip de poche&nbsp;: Titane (pliable)<br \/>\nPoids : 5,01 onces<br \/>\nCr\u00e9ateurs : Tony et Sean Marfione<br \/>\nFabriqu\u00e9 aux \u00c9tats-Unis<\/p>\n<p><iframe title=\"Microtech Combat Troodon Torture Test\" width=\"800\" height=\"450\" src=\"https:\/\/www.youtube.com\/embed\/xE9TeOFYEjg?feature=oembed\" frameborder=\"0\" allow=\"accelerometer; autoplay; clipboard-write; encrypted-media; gyroscope; picture-in-picture; web-share\" referrerpolicy=\"strict-origin-when-cross-origin\" allowfullscreen><\/iframe><\/p>\n<p>&nbsp;<\/p>\n","protected":false},"excerpt":{"rendered":"<p><strong>Au fil des ann\u00e9es, Microtech\u00ae Knives a rempli les couteaux avec passion et comp\u00e9tence pour cr\u00e9er presque des \u0153uvres d&rsquo;art qui sont le summum de la fonctionnalit\u00e9. Toutes les pi\u00e8ces sont fabriqu\u00e9es aux \u00c9tats-Unis.<\/strong><br \/>\n<strong>Tous les couteaux Microtech sont garantis \u00e0 vie.<\/strong><\/p>\n<p><strong>Transports gratuits.<\/strong><\/p>\n","protected":false},"featured_media":348808,"comment_status":"open","ping_status":"closed","template":"","meta":[],"pwb-brand":[3751],"product_brand":[],"product_cat":[3699,3696],"product_tag":[3754],"class_list":{"0":"post-348859","1":"product","2":"type-product","3":"status-publish","4":"has-post-thumbnail","6":"pwb-brand-microtechnologie","7":"product_cat-couteaux-de-tir","8":"product_cat-des-couteaux","9":"product_tag-b2b-fr","11":"first","12":"outofstock","13":"taxable","14":"shipping-taxable","15":"purchasable","16":"product-type-simple"},"brands":[{"id":3751,"name":"Microtechnologie","slug":"microtechnologie"}],"_links":{"self":[{"href":"https:\/\/www.moskito.cz\/fr\/wp-json\/wp\/v2\/product\/348859","targetHints":{"allow":["GET"]}}],"collection":[{"href":"https:\/\/www.moskito.cz\/fr\/wp-json\/wp\/v2\/product"}],"about":[{"href":"https:\/\/www.moskito.cz\/fr\/wp-json\/wp\/v2\/types\/product"}],"replies":[{"embeddable":true,"href":"https:\/\/www.moskito.cz\/fr\/wp-json\/wp\/v2\/comments?post=348859"}],"wp:featuredmedia":[{"embeddable":true,"href":"https:\/\/www.moskito.cz\/fr\/wp-json\/wp\/v2\/media\/348808"}],"wp:attachment":[{"href":"https:\/\/www.moskito.cz\/fr\/wp-json\/wp\/v2\/media?parent=348859"}],"wp:term":[{"taxonomy":"pwb-brand","embeddable":true,"href":"https:\/\/www.moskito.cz\/fr\/wp-json\/wp\/v2\/pwb-brand?post=348859"},{"taxonomy":"product_brand","embeddable":true,"href":"https:\/\/www.moskito.cz\/fr\/wp-json\/wp\/v2\/product_brand?post=348859"},{"taxonomy":"product_cat","embeddable":true,"href":"https:\/\/www.moskito.cz\/fr\/wp-json\/wp\/v2\/product_cat?post=348859"},{"taxonomy":"product_tag","embeddable":true,"href":"https:\/\/www.moskito.cz\/fr\/wp-json\/wp\/v2\/product_tag?post=348859"}],"curies":[{"name":"wp","href":"https:\/\/api.w.org\/{rel}","templated":true}]}}