{"id":348901,"date":"2024-07-03T12:42:31","date_gmt":"2024-07-03T11:43:50","guid":{"rendered":"https:\/\/www.moskito.cz\/produkt\/couteau-fixe-muela-col-7a\/"},"modified":"2025-05-07T11:19:32","modified_gmt":"2025-05-07T10:19:32","slug":"couteau-fixe-muela-col-7a","status":"publish","type":"product","link":"https:\/\/www.moskito.cz\/fr\/produkt\/couteau-fixe-muela-col-7a\/","title":{"rendered":"Couteau Fixe Muela COL-7A"},"content":{"rendered":"<p>Couteau fixe <strong>Muela<\/strong> COL-7A.<\/p>\n<p><strong>COL-7A<\/strong> &#8211; Couteau de chasse <strong>COLIBRI<\/strong> de la s\u00e9rie classique avec construction full tang, soci\u00e9t\u00e9 espagnole Muela. Fabriqu\u00e9, id\u00e9al pour les collectionneurs, les passionn\u00e9s de chasse, les personnes qui appr\u00e9cient un mode de vie actif. Fabriqu\u00e9 en acier molybd\u00e8ne vanadium MoVa.<\/p>\n<p>Lame &#8211; avec profil Drop Point, \u00e9paisseur 2,9 mm, avec de bonnes propri\u00e9t\u00e9s m\u00e9caniques et une longue mise au point. Fabriqu\u00e9 en acier molybd\u00e8ne-vanadium durable X50CrMoV15. Durci dans la plage de 57 \u00e0 58 HRC. La lame lisse (type Plain) a \u00e9t\u00e9 d\u00e9riv\u00e9e d&rsquo;une meule concave plate (Hollow Grind). La finition satin\u00e9e (semi-mate) \u00e9limine l&rsquo;\u00e9blouissement. A la base de la lame, une garde en laiton prot\u00e8ge la main.<\/p>\n<p>Poign\u00e9e &#8211; profil\u00e9e, offre une parfaite prise en main lors du travail. Carreaux marron recouverts de bois de cerf naturel (cerf). Soutien. Renfort et rivets en laiton \u00e0 haute teneur en nickel. A l&rsquo;arri\u00e8re de la poign\u00e9e se trouve un trou pour attacher une sangle, un cordon de s\u00e9curit\u00e9.<\/p>\n<p>\u00c9tui &#8211; \u00e9tendu, prot\u00e8ge la lame avec une partie du manche. Fabriqu\u00e9 en cuir naturel marron avec logo de l&rsquo;entreprise en relief. Le fourreau \u00e9tait cousu sur les bords avec du fil d\u00e9coratif. La fixation \u00e0 une ceinture ou \u00e0 un accessoire permet de porter le couteau en position verticale.<\/p>\n<p>Sp\u00e9cifications techniques:<br \/>\nNum\u00e9ro de produit: COL-7A<br \/>\nType d&rsquo;acier : X50CrMoV15<br \/>\nLongueur de la lame : 7 cm \/ 2,76&Prime;<br \/>\n\u00c9paisseur de la lame : 0,29 cm \/ 0,11&Prime;<br \/>\nLongueur totale : 15,5 cm \/ 6,1&Prime;<br \/>\nPoids&nbsp;: 87 g \/ 3,07 oz<br \/>\nType de bord&nbsp;:&nbsp;Lisse<br \/>\nType de lame&nbsp;:&nbsp;pointe de chute<br \/>\nType de coupe&nbsp;: Concave<br \/>\nMat\u00e9riau du manche : Bois de cerf<br \/>\nFourreau&nbsp;: Cuir<br \/>\nFabricant : Muela, Espagne<\/p>\n<p>&nbsp;<\/p>\n<p>&nbsp;<\/p>\n","protected":false},"excerpt":{"rendered":"<p><strong>COL-7A &#8211; Couteau de chasse COLIBRI de la s\u00e9rie classique avec construction full tang, soci\u00e9t\u00e9 espagnole Muela. Fabriqu\u00e9, id\u00e9al pour les collectionneurs, les passionn\u00e9s de chasse, les personnes qui appr\u00e9cient un mode de vie actif.<\/strong><\/p>\n","protected":false},"featured_media":348866,"comment_status":"open","ping_status":"closed","template":"","meta":[],"pwb-brand":[3909],"product_brand":[],"product_cat":[3697,3696],"product_tag":[3754],"class_list":{"0":"post-348901","1":"product","2":"type-product","3":"status-publish","4":"has-post-thumbnail","6":"pwb-brand-elle-a-du","7":"product_cat-couteaux-solides","8":"product_cat-des-couteaux","9":"product_tag-b2b-fr","11":"first","12":"outofstock","13":"taxable","14":"shipping-taxable","15":"purchasable","16":"product-type-simple"},"brands":[{"id":3909,"name":"Elle a d\u00fb","slug":"elle-a-du"}],"_links":{"self":[{"href":"https:\/\/www.moskito.cz\/fr\/wp-json\/wp\/v2\/product\/348901","targetHints":{"allow":["GET"]}}],"collection":[{"href":"https:\/\/www.moskito.cz\/fr\/wp-json\/wp\/v2\/product"}],"about":[{"href":"https:\/\/www.moskito.cz\/fr\/wp-json\/wp\/v2\/types\/product"}],"replies":[{"embeddable":true,"href":"https:\/\/www.moskito.cz\/fr\/wp-json\/wp\/v2\/comments?post=348901"}],"wp:featuredmedia":[{"embeddable":true,"href":"https:\/\/www.moskito.cz\/fr\/wp-json\/wp\/v2\/media\/348866"}],"wp:attachment":[{"href":"https:\/\/www.moskito.cz\/fr\/wp-json\/wp\/v2\/media?parent=348901"}],"wp:term":[{"taxonomy":"pwb-brand","embeddable":true,"href":"https:\/\/www.moskito.cz\/fr\/wp-json\/wp\/v2\/pwb-brand?post=348901"},{"taxonomy":"product_brand","embeddable":true,"href":"https:\/\/www.moskito.cz\/fr\/wp-json\/wp\/v2\/product_brand?post=348901"},{"taxonomy":"product_cat","embeddable":true,"href":"https:\/\/www.moskito.cz\/fr\/wp-json\/wp\/v2\/product_cat?post=348901"},{"taxonomy":"product_tag","embeddable":true,"href":"https:\/\/www.moskito.cz\/fr\/wp-json\/wp\/v2\/product_tag?post=348901"}],"curies":[{"name":"wp","href":"https:\/\/api.w.org\/{rel}","templated":true}]}}