{"id":348929,"date":"2024-07-03T13:26:41","date_gmt":"2024-07-03T12:28:05","guid":{"rendered":"https:\/\/www.moskito.cz\/produkt\/couteau-pliant-muela-avec-etui-k-9r-m\/"},"modified":"2024-07-03T13:28:05","modified_gmt":"2024-07-03T12:28:05","slug":"couteau-pliant-muela-avec-etui-k-9r-m","status":"publish","type":"product","link":"https:\/\/www.moskito.cz\/fr\/produkt\/couteau-pliant-muela-avec-etui-k-9r-m\/","title":{"rendered":"Couteau pliant Muela avec \u00e9tui K-9R.M"},"content":{"rendered":"<p>Couteau pliant <strong>Muela<\/strong> avec \u00e9tui K-9R.M<\/p>\n<p><strong>Muela<\/strong> est une entreprise espagnole qui produit des couteaux de chasse, des couteaux pliants, des couteaux de luxe \u00e0 des prix abordables et de haute qualit\u00e9 et bien plus encore. Dans la production de lames, l&rsquo;entreprise Muela utilise diff\u00e9rents types d&rsquo;acier, par ex. 12C27 Sandvik, 14C28N, aciers molybd\u00e8ne-vanadium MOVA 60 d&rsquo;une duret\u00e9 de 57-61 HRC, acier Inox 1-42 d&rsquo;une duret\u00e9 de 54-58HRC. Les lames marqu\u00e9es 440 sont en acier Mova-60E. Les couteaux Muela Damascus sont le r\u00e9sultat d&rsquo;une combinaison de deux aciers, \u00e0 savoir le RWL34 et le MPC27, qui ont une duret\u00e9 de 57-62 HRC. Les manches des couteaux Muela sont d\u00e9cor\u00e9s avec des mat\u00e9riaux de qualit\u00e9, parmi lesquels le bois de cervid\u00e9 et diff\u00e9rentes essences de bois : olivier, bois noir d&rsquo;Afrique, bois de violette, cocobolo, bois de rose d&rsquo;Amazonas et bois de noyer.<\/p>\n<p>Couteau de poche avec lame de 9 cm en acier 440C. Manche en bois press\u00e9 corail avec serrure. Un couteau pliant l\u00e9ger et compact que vous pourrez toujours avoir dans votre poche. Mat\u00e9riaux : Lame : Acier 440C Manche : Bois press\u00e9 corail Dimensions : Longueur de la lame : 90 mm. Poids : 45 grammes.<\/p>\n<p>&nbsp;<\/p>\n","protected":false},"excerpt":{"rendered":"<p><strong>Muela est une entreprise espagnole qui produit des couteaux de chasse, des couteaux pliants, des couteaux de luxe \u00e0 des prix abordables et de haute qualit\u00e9 et bien plus encore.<\/strong><\/p>\n","protected":false},"featured_media":348906,"comment_status":"open","ping_status":"closed","template":"","meta":[],"pwb-brand":[3909],"product_brand":[],"product_cat":[3700,3696],"product_tag":[3754],"class_list":{"0":"post-348929","1":"product","2":"type-product","3":"status-publish","4":"has-post-thumbnail","6":"pwb-brand-elle-a-du","7":"product_cat-couteaux-de-fermeture","8":"product_cat-des-couteaux","9":"product_tag-b2b-fr","11":"first","12":"outofstock","13":"taxable","14":"shipping-taxable","15":"purchasable","16":"product-type-simple"},"brands":[{"id":3909,"name":"Elle a d\u00fb","slug":"elle-a-du"}],"_links":{"self":[{"href":"https:\/\/www.moskito.cz\/fr\/wp-json\/wp\/v2\/product\/348929","targetHints":{"allow":["GET"]}}],"collection":[{"href":"https:\/\/www.moskito.cz\/fr\/wp-json\/wp\/v2\/product"}],"about":[{"href":"https:\/\/www.moskito.cz\/fr\/wp-json\/wp\/v2\/types\/product"}],"replies":[{"embeddable":true,"href":"https:\/\/www.moskito.cz\/fr\/wp-json\/wp\/v2\/comments?post=348929"}],"wp:featuredmedia":[{"embeddable":true,"href":"https:\/\/www.moskito.cz\/fr\/wp-json\/wp\/v2\/media\/348906"}],"wp:attachment":[{"href":"https:\/\/www.moskito.cz\/fr\/wp-json\/wp\/v2\/media?parent=348929"}],"wp:term":[{"taxonomy":"pwb-brand","embeddable":true,"href":"https:\/\/www.moskito.cz\/fr\/wp-json\/wp\/v2\/pwb-brand?post=348929"},{"taxonomy":"product_brand","embeddable":true,"href":"https:\/\/www.moskito.cz\/fr\/wp-json\/wp\/v2\/product_brand?post=348929"},{"taxonomy":"product_cat","embeddable":true,"href":"https:\/\/www.moskito.cz\/fr\/wp-json\/wp\/v2\/product_cat?post=348929"},{"taxonomy":"product_tag","embeddable":true,"href":"https:\/\/www.moskito.cz\/fr\/wp-json\/wp\/v2\/product_tag?post=348929"}],"curies":[{"name":"wp","href":"https:\/\/api.w.org\/{rel}","templated":true}]}}