{"id":349060,"date":"2024-07-04T10:14:13","date_gmt":"2024-07-04T09:16:16","guid":{"rendered":"https:\/\/www.moskito.cz\/produkt\/couteau-pliant-muela-avec-etui-k-7r\/"},"modified":"2025-05-07T11:19:38","modified_gmt":"2025-05-07T10:19:38","slug":"couteau-pliant-muela-avec-etui-k-7r","status":"publish","type":"product","link":"https:\/\/www.moskito.cz\/fr\/produkt\/couteau-pliant-muela-avec-etui-k-7r\/","title":{"rendered":"Couteau pliant Muela avec \u00e9tui K-7R"},"content":{"rendered":"<p>Couteau pliant <strong>Muela<\/strong> avec \u00e9tui K-7R.<\/p>\n<p>Si vous recherchez un couteau EDC, le K-7R fabriqu\u00e9 par Muela en Espagne est parfait pour vous. Dot\u00e9s d&rsquo;une lame en acier inoxydable 420, les manches sont agr\u00e9ables \u00e0 tenir car ils sont ergonomiques et fabriqu\u00e9s \u00e0 partir de bois de corail press\u00e9. Comprend un \u00e9tui en nylon.<\/p>\n<p>La lame de ce couteau est en acier inoxydable 420, un mat\u00e9riau \u00e0 haute teneur en chrome et en carbone, ce qui signifie que sa r\u00e9sistance \u00e0 la corrosion sera \u00e9lev\u00e9e et que la lame restera intacte beaucoup plus longtemps.<\/p>\n<p>Cet acier est utilis\u00e9 pour les couverts destin\u00e9s aux travaux n\u00e9cessitant duret\u00e9 et robustesse, il est donc parfaitement adapt\u00e9 \u00e0 ce mod\u00e8le con\u00e7u pour toutes sortes d&rsquo;activit\u00e9s marines et de montagne en mat\u00e9riaux durs.<\/p>\n<p>La composition sp\u00e9cifique de ce type d&rsquo;acier est de 0,49 % de carbone, 13-14 % de chrome, 0,50 % de mangan\u00e8se et 0,50 % de silicium. Il poss\u00e8de \u00e9galement une duret\u00e9 de 52 HRC selon l&rsquo;\u00e9chelle Rockwell.<\/p>\n<p>L&rsquo;une des choses que nous pouvons souligner \u00e0 propos de ce couteau est son syst\u00e8me de verrouillage de lame Back Lock, qui emp\u00eache toute ouverture ou fermeture accidentelle pendant l&rsquo;utilisation.<\/p>\n<p>Un autre avantage de ce m\u00e9canisme de verrouillage est qu&rsquo;il est tr\u00e8s s\u00fbr et facile \u00e0 utiliser, ce qui r\u00e9duit au minimum le temps d&rsquo;utilisation. De plus, il ne n\u00e9cessite aucun entretien suppl\u00e9mentaire.<\/p>\n<p>Le mat\u00e9riau utilis\u00e9 sur le manche de la meule K-7R est du bois press\u00e9. Ce type de mat\u00e9riau est constitu\u00e9 de diff\u00e9rentes couches de ce type de mat\u00e9riau naturel assembl\u00e9es selon un proc\u00e9d\u00e9 de r\u00e9sine \u00e9poxy haute pression.<\/p>\n<p>Le bois se caract\u00e9rise \u00e9galement par sa duret\u00e9 et sa r\u00e9sistance \u00e0 la corrosion, aux temp\u00e9ratures extr\u00eames, \u00e0 l\u2019humidit\u00e9 relative \u00e9lev\u00e9e et aux chocs.<\/p>\n<p>La soci\u00e9t\u00e9 Muela a incorpor\u00e9 un \u00e9tui en nylon noir de haute qualit\u00e9 dans ce mod\u00e8le. L&rsquo;utilisateur pourra ainsi porter le couteau de mani\u00e8re plus simple et plus confortable. De plus, il sera prot\u00e9g\u00e9 contre d\u2019\u00e9ventuels chocs et rayures.<\/p>\n<p>Longueur totale : 16,2 cm<br \/>\nLongueur de la lame : 7 cm<br \/>\n\u00c9paisseur de la lame&nbsp;:&nbsp;&#8211;<br \/>\nType d&rsquo;acier : 420<br \/>\nType de verrouillage&nbsp;: verrouillage arri\u00e8re<br \/>\nOuverture : manuelle<br \/>\nExtrait : Non<br \/>\nDuret\u00e9 de l&rsquo;acier : 58 HRC<br \/>\nStyle de lame&nbsp;:&nbsp;pointe de chute<br \/>\nType vide&nbsp;:&nbsp;droit<br \/>\nTraitement de surface de la lame : satin\u00e9<br \/>\nType de bord&nbsp;:&nbsp;Lisse<br \/>\nLongueur du manche : 9,2 cm<br \/>\nMat\u00e9riau du manche : Bois press\u00e9 de corail<br \/>\nCouleur du manche : Marron<br \/>\nPoids : 50g<br \/>\nPays d&rsquo;origine : Espagne<\/p>\n<p>&nbsp;<\/p>\n<p>&nbsp;<\/p>\n","protected":false},"excerpt":{"rendered":"<p><strong>Si vous recherchez un couteau EDC, le K-7R fabriqu\u00e9 par Muela en Espagne est parfait pour vous.<\/strong><\/p>\n","protected":false},"featured_media":349045,"comment_status":"open","ping_status":"closed","template":"","meta":[],"pwb-brand":[3909],"product_brand":[],"product_cat":[3700,3696],"product_tag":[3754],"class_list":{"0":"post-349060","1":"product","2":"type-product","3":"status-publish","4":"has-post-thumbnail","6":"pwb-brand-elle-a-du","7":"product_cat-couteaux-de-fermeture","8":"product_cat-des-couteaux","9":"product_tag-b2b-fr","11":"first","12":"instock","13":"taxable","14":"shipping-taxable","15":"purchasable","16":"product-type-simple"},"brands":[{"id":3909,"name":"Elle a d\u00fb","slug":"elle-a-du"}],"_links":{"self":[{"href":"https:\/\/www.moskito.cz\/fr\/wp-json\/wp\/v2\/product\/349060","targetHints":{"allow":["GET"]}}],"collection":[{"href":"https:\/\/www.moskito.cz\/fr\/wp-json\/wp\/v2\/product"}],"about":[{"href":"https:\/\/www.moskito.cz\/fr\/wp-json\/wp\/v2\/types\/product"}],"replies":[{"embeddable":true,"href":"https:\/\/www.moskito.cz\/fr\/wp-json\/wp\/v2\/comments?post=349060"}],"wp:featuredmedia":[{"embeddable":true,"href":"https:\/\/www.moskito.cz\/fr\/wp-json\/wp\/v2\/media\/349045"}],"wp:attachment":[{"href":"https:\/\/www.moskito.cz\/fr\/wp-json\/wp\/v2\/media?parent=349060"}],"wp:term":[{"taxonomy":"pwb-brand","embeddable":true,"href":"https:\/\/www.moskito.cz\/fr\/wp-json\/wp\/v2\/pwb-brand?post=349060"},{"taxonomy":"product_brand","embeddable":true,"href":"https:\/\/www.moskito.cz\/fr\/wp-json\/wp\/v2\/product_brand?post=349060"},{"taxonomy":"product_cat","embeddable":true,"href":"https:\/\/www.moskito.cz\/fr\/wp-json\/wp\/v2\/product_cat?post=349060"},{"taxonomy":"product_tag","embeddable":true,"href":"https:\/\/www.moskito.cz\/fr\/wp-json\/wp\/v2\/product_tag?post=349060"}],"curies":[{"name":"wp","href":"https:\/\/api.w.org\/{rel}","templated":true}]}}