{"id":349107,"date":"2024-07-04T10:31:11","date_gmt":"2024-07-04T09:31:46","guid":{"rendered":"https:\/\/www.moskito.cz\/produkt\/couteau-de-fermeture-muela-avec-etui-zx-8gr\/"},"modified":"2025-05-07T11:19:39","modified_gmt":"2025-05-07T10:19:39","slug":"couteau-de-fermeture-muela-avec-etui-zx-8gr","status":"publish","type":"product","link":"https:\/\/www.moskito.cz\/fr\/produkt\/couteau-de-fermeture-muela-avec-etui-zx-8gr\/","title":{"rendered":"Couteau de fermeture Muela avec \u00e9tui ZX-8GR"},"content":{"rendered":"<p>Couteau de fermeture <strong>Muela<\/strong> avec \u00e9tui ZX-8GR.<\/p>\n<p>Ce couteau poss\u00e8de une lame lisse en acier X50CrMoV15 (57-58 HRC) avec une morphologie clip-point et une finition satin\u00e9e. Son manche est constitu\u00e9 d&rsquo;inserts en acier.<\/p>\n<p>Grenadille en bois d\u00e9cor\u00e9e sur une face de deux rubans en aluminium poli.<\/p>\n<p>Il utilise un back-lock comme syst\u00e8me de s\u00e9curit\u00e9.<\/p>\n<p>Le couteau appartient \u00e0 la s\u00e9rie ZX Muela, il pr\u00e9sente un design moderne avec des lignes tr\u00e8s \u00e9l\u00e9gantes et des dimensions tr\u00e8s adapt\u00e9es \u00e0 un usage quotidien.<\/p>\n<p>Ce mod\u00e8le est vendu en plusieurs versions, qui diff\u00e8rent les unes des autres au niveau de la mati\u00e8re, il est possible de choisir entre le micarta bleu, le micarta vert, le bois d&rsquo;olivier.<\/p>\n<p>C&rsquo;est le cas de la pi\u00e8ce qui appara\u00eet ici avec une belle finition en bois de Grenadille.<\/p>\n<p>Ce rasoir poss\u00e8de les finitions et finitions habituelles de haute qualit\u00e9 de la maison Muela qui le rendent<\/p>\n<p>Il est vendu dans une simple bo\u00eete en carton et comprend un \u00e9tui en nylon portant le logo de la marque.<\/p>\n<p>En bref, le ZX-8GR est un excellent choix comme EDC polyvalent.<\/p>\n<p>Acier : X50CrMoV15&nbsp;;<br \/>\nManche : bois de grenadille ;<br \/>\nLongueur de la lame : 80 mm ;<br \/>\nLongueur totale : 187 mm ;<br \/>\nPoids : 91g.<\/p>\n","protected":false},"excerpt":{"rendered":"<p><strong>Couteau de chasse et polyvalent Muela fabriqu\u00e9 en Espagne avec lame en acier MoVa et manche en bois de granadillo.<\/strong><\/p>\n","protected":false},"featured_media":349069,"comment_status":"open","ping_status":"closed","template":"","meta":[],"pwb-brand":[3909],"product_brand":[],"product_cat":[3700,3696],"product_tag":[3754],"class_list":{"0":"post-349107","1":"product","2":"type-product","3":"status-publish","4":"has-post-thumbnail","6":"pwb-brand-elle-a-du","7":"product_cat-couteaux-de-fermeture","8":"product_cat-des-couteaux","9":"product_tag-b2b-fr","11":"first","12":"instock","13":"taxable","14":"shipping-taxable","15":"purchasable","16":"product-type-simple"},"brands":[{"id":3909,"name":"Elle a d\u00fb","slug":"elle-a-du"}],"_links":{"self":[{"href":"https:\/\/www.moskito.cz\/fr\/wp-json\/wp\/v2\/product\/349107","targetHints":{"allow":["GET"]}}],"collection":[{"href":"https:\/\/www.moskito.cz\/fr\/wp-json\/wp\/v2\/product"}],"about":[{"href":"https:\/\/www.moskito.cz\/fr\/wp-json\/wp\/v2\/types\/product"}],"replies":[{"embeddable":true,"href":"https:\/\/www.moskito.cz\/fr\/wp-json\/wp\/v2\/comments?post=349107"}],"wp:featuredmedia":[{"embeddable":true,"href":"https:\/\/www.moskito.cz\/fr\/wp-json\/wp\/v2\/media\/349069"}],"wp:attachment":[{"href":"https:\/\/www.moskito.cz\/fr\/wp-json\/wp\/v2\/media?parent=349107"}],"wp:term":[{"taxonomy":"pwb-brand","embeddable":true,"href":"https:\/\/www.moskito.cz\/fr\/wp-json\/wp\/v2\/pwb-brand?post=349107"},{"taxonomy":"product_brand","embeddable":true,"href":"https:\/\/www.moskito.cz\/fr\/wp-json\/wp\/v2\/product_brand?post=349107"},{"taxonomy":"product_cat","embeddable":true,"href":"https:\/\/www.moskito.cz\/fr\/wp-json\/wp\/v2\/product_cat?post=349107"},{"taxonomy":"product_tag","embeddable":true,"href":"https:\/\/www.moskito.cz\/fr\/wp-json\/wp\/v2\/product_tag?post=349107"}],"curies":[{"name":"wp","href":"https:\/\/api.w.org\/{rel}","templated":true}]}}