{"id":349192,"date":"2024-07-04T13:13:37","date_gmt":"2024-07-04T12:17:09","guid":{"rendered":"https:\/\/www.moskito.cz\/produkt\/couteau-de-fermeture-muela-panzer-10n\/"},"modified":"2025-05-07T11:19:40","modified_gmt":"2025-05-07T10:19:40","slug":"couteau-de-fermeture-muela-panzer-10n","status":"publish","type":"product","link":"https:\/\/www.moskito.cz\/fr\/produkt\/couteau-de-fermeture-muela-panzer-10n\/","title":{"rendered":"Couteau de fermeture Muela PANZER-10N"},"content":{"rendered":"<p>Couteau de fermeture <strong>Muela<\/strong> PANZER-10N<\/p>\n<p><strong>PANZER-10N<\/strong> Black PTB\/Fiberglass, Black PTFE couteau EDC polyvalent et complet que vous voudrez garder avec vous \u00e0 tout moment. La poign\u00e9e ergonomique bien pens\u00e9e et la rampe de pouce profil\u00e9e offrent une prise en main s\u00fbre pour tous les types de coupe. Le Thumb Stud des deux c\u00f4t\u00e9s et le flipper rapide Flipper vous permettent d&rsquo;ouvrir dynamiquement la lame de deux mani\u00e8res.<\/p>\n<p>X60CrMoV15 (MoVa 60) &#8211; acier inoxydable martensitique au molybd\u00e8ne-vanadium \u00e0 haute teneur en carbone avec une teneur en carbone plus \u00e9lev\u00e9e que l&rsquo;acier 1.4116 (X50CrMoV15). Tr\u00e8s r\u00e9sistant \u00e0 la corrosion et \u00e0 l&rsquo;usure. Il est utilis\u00e9 dans la fabrication de couteaux, de couverts de pointe et d\u2019instruments chirurgicaux. Il se caract\u00e9rise par une duret\u00e9 relativement \u00e9lev\u00e9e pour les aciers inoxydables de 57-58 HRC. La composition chimique de l&rsquo;acier est enrichie d&rsquo;un dopage de 15,0% de chrome (Cr), 0,80% de molybd\u00e8ne (Mo), 0,20% de vanadium (V).<\/p>\n<p>PTFE noir \u2013 Largement utilis\u00e9 dans l&rsquo;industrie des rev\u00eatements, le polyt\u00e9trafluoro\u00e9thyl\u00e8ne est un produit ultra fin de faible poids mol\u00e9culaire trait\u00e9 par un proc\u00e9d\u00e9 sp\u00e9cial. Il se caract\u00e9rise par une excellente r\u00e9sistance aux produits chimiques et aux intemp\u00e9ries et \u00e0 la temp\u00e9rature, une stabilit\u00e9 thermique, une non-adh\u00e9rence, une isolation \u00e9lectrique, une r\u00e9sistance au feu et une autolubrification. Gr\u00e2ce \u00e0 l&rsquo;utilisation de polyt\u00e9trafluoro\u00e9thyl\u00e8ne comme mat\u00e9riau de rev\u00eatement de la lame, la friction pendant l&rsquo;utilisation est r\u00e9duite, r\u00e9duisant ainsi le besoin de force dans tous les types de travaux. Les lames recouvertes de PTFE fournissent une force moyenne inf\u00e9rieure de 22 % et une force maximale inf\u00e9rieure de 26 % par rapport aux lames rev\u00eatues de chrome.<\/p>\n<p>Lame &#8211; Type Drop Point, \u00e9paisseur 3,6 mm, recouverte d&rsquo;une couche de masquage des rayures et d&rsquo;une couche de PTFE antireflet. La lame a \u00e9t\u00e9 fabriqu\u00e9e avec une \u00e9mouture concave (Hollow grind), une lame lisse (Plain) offre de bonnes propri\u00e9t\u00e9s de coupe. La lame est recouverte d&rsquo;un rev\u00eatement PTFE antireflet noir mat r\u00e9sistant aux rayures. Le goujon double face sur les c\u00f4t\u00e9s Thumb Stud et Flipper permet une ouverture rapide du couteau. Type de blocage Liner-Lock.<\/p>\n<p>Poign\u00e9e &#8211; noire, ergonomique, profil\u00e9e sous les doigts. Recouvert de coussinets textur\u00e9s en polym\u00e8re PTB renforc\u00e9s de fibres de verre, il assure une prise s\u00fbre m\u00eame avec les mains mouill\u00e9es. La poign\u00e9e Spine Jimping augmente le confort et l\u2019adh\u00e9rence. Le couteau est \u00e9quip\u00e9 d&rsquo;un clip Torx en m\u00e9tal solide mont\u00e9 sur une vis Torx, qui permet de transporter le couteau dans une position pointe vers le bas (pointe vers le bas). Un espace a \u00e9t\u00e9 plac\u00e9 dans la partie arri\u00e8re de la poign\u00e9e pour permettre l&rsquo;installation d&rsquo;un c\u00e2ble de s\u00e9curit\u00e9.<\/p>\n<p>Sp\u00e9cifications techniques:<br \/>\nNum\u00e9ro de produit: PANZER-10N<\/p>\n<p>Longueur totale : 22,60 cm \/ 8,9&Prime;<br \/>\nLongueur de la lame : 10 cm \/ 3,94&Prime;<br \/>\n\u00c9paisseur de la lame : 0,36 cm \/ 0,14&Prime;<br \/>\nPoids&nbsp;: 174,0 g \/ 6,14 oz<\/p>\n<p>Mat\u00e9riau de la lame&nbsp;: X60CrMoV15<br \/>\nDuret\u00e9 de la lame&nbsp;: 57-58 HRc<br \/>\nMeulage de la lame&nbsp;: creux<br \/>\nTraitement de surface de la lame : PTFE<\/p>\n<p>Mat\u00e9riau du manche : PTB Polym\u00e8re renforc\u00e9 de fibres de verre (PTB + Glassfibre)<br \/>\nCouleur finition poign\u00e9e : Noir<\/p>\n<p>Clip&nbsp;: \u00e0 droite, pointe vers le bas<br \/>\nMat\u00e9riau du clip : Acier inoxydable<\/p>\n<p>M\u00e9canisme de verrouillage : Liner Lock<br \/>\nM\u00e9thode d&rsquo;ouverture : manuelle, flipper, trou pour le pouce<br \/>\nAutres accessoires : Aucun<\/p>\n<p>Cr\u00e9ateur : Muela<br \/>\nNom de la marque: Muela<br \/>\nFabricant: Manufacturas Muela, SA<br \/>\nPays d&rsquo;origine : Espagne<\/p>\n<p>&nbsp;<\/p>\n","protected":false},"excerpt":{"rendered":"<p><strong>PANZER-10N Black PTB\/Fiberglass, Black PTFE couteau EDC polyvalent et complet que vous voudrez garder avec vous \u00e0 tout moment.<\/strong><\/p>\n","protected":false},"featured_media":349168,"comment_status":"open","ping_status":"closed","template":"","meta":[],"pwb-brand":[3909],"product_brand":[],"product_cat":[3700,3696],"product_tag":[3754],"class_list":{"0":"post-349192","1":"product","2":"type-product","3":"status-publish","4":"has-post-thumbnail","6":"pwb-brand-elle-a-du","7":"product_cat-couteaux-de-fermeture","8":"product_cat-des-couteaux","9":"product_tag-b2b-fr","11":"first","12":"instock","13":"taxable","14":"shipping-taxable","15":"purchasable","16":"product-type-simple"},"brands":[{"id":3909,"name":"Elle a d\u00fb","slug":"elle-a-du"}],"_links":{"self":[{"href":"https:\/\/www.moskito.cz\/fr\/wp-json\/wp\/v2\/product\/349192","targetHints":{"allow":["GET"]}}],"collection":[{"href":"https:\/\/www.moskito.cz\/fr\/wp-json\/wp\/v2\/product"}],"about":[{"href":"https:\/\/www.moskito.cz\/fr\/wp-json\/wp\/v2\/types\/product"}],"replies":[{"embeddable":true,"href":"https:\/\/www.moskito.cz\/fr\/wp-json\/wp\/v2\/comments?post=349192"}],"wp:featuredmedia":[{"embeddable":true,"href":"https:\/\/www.moskito.cz\/fr\/wp-json\/wp\/v2\/media\/349168"}],"wp:attachment":[{"href":"https:\/\/www.moskito.cz\/fr\/wp-json\/wp\/v2\/media?parent=349192"}],"wp:term":[{"taxonomy":"pwb-brand","embeddable":true,"href":"https:\/\/www.moskito.cz\/fr\/wp-json\/wp\/v2\/pwb-brand?post=349192"},{"taxonomy":"product_brand","embeddable":true,"href":"https:\/\/www.moskito.cz\/fr\/wp-json\/wp\/v2\/product_brand?post=349192"},{"taxonomy":"product_cat","embeddable":true,"href":"https:\/\/www.moskito.cz\/fr\/wp-json\/wp\/v2\/product_cat?post=349192"},{"taxonomy":"product_tag","embeddable":true,"href":"https:\/\/www.moskito.cz\/fr\/wp-json\/wp\/v2\/product_tag?post=349192"}],"curies":[{"name":"wp","href":"https:\/\/api.w.org\/{rel}","templated":true}]}}