{"id":349330,"date":"2024-07-04T14:53:16","date_gmt":"2024-07-04T13:54:26","guid":{"rendered":"https:\/\/www.moskito.cz\/produkt\/couteau-de-fermeture-muela-avec-etui-zx-8co\/"},"modified":"2025-05-07T11:19:45","modified_gmt":"2025-05-07T10:19:45","slug":"couteau-de-fermeture-muela-avec-etui-zx-8co","status":"publish","type":"product","link":"https:\/\/www.moskito.cz\/fr\/produkt\/couteau-de-fermeture-muela-avec-etui-zx-8co\/","title":{"rendered":"Couteau de fermeture Muela avec \u00e9tui ZX-8CO"},"content":{"rendered":"<p>Couteau de fermeture <strong>Muela<\/strong> avec \u00e9tui ZX-8CO<\/p>\n<p>Fabriqu\u00e9 par la soci\u00e9t\u00e9 espagnole <strong>Muela<\/strong> . Couteau de poche dot\u00e9 d&rsquo;une lame en acier 440C, un mat\u00e9riau reconnu pour sa haute r\u00e9sistance \u00e0 la corrosion, sa durabilit\u00e9 et sa capacit\u00e9 \u00e0 garder longtemps un tranchant tranchant. Gr\u00e2ce \u00e0 sa lame de 8,50 cm de long, il convient \u00e0 diverses t\u00e2ches de chasse et de survie. Le manche est en bois de cocobolo, un bois exotique d&rsquo;Am\u00e9rique centrale appr\u00e9ci\u00e9 pour sa duret\u00e9, sa durabilit\u00e9 et son aspect attrayant avec des veines naturelles brunes et rouges, offrant \u00e9galement une prise en main confortable. Il dispose d&rsquo;un verrou de verrouillage qui le rend plus s\u00e9curis\u00e9. Le broyeur ZX-8CO est polyvalent et peut \u00eatre utilis\u00e9 pour une vari\u00e9t\u00e9 de t\u00e2ches de chasse telles que le d\u00e9pouillement, le tranchage de viande et la pr\u00e9paration des aliments. Pour maintenir le couteau dans un \u00e9tat optimal, il est conseill\u00e9 de le nettoyer et de le s\u00e9cher apr\u00e8s chaque utilisation, bien que l&rsquo;acier 440C soit r\u00e9sistant \u00e0 la corrosion, pour une protection suppl\u00e9mentaire, il est recommand\u00e9 d&rsquo;appliquer une fine couche d&rsquo;huile sur la lame. Mat\u00e9riaux : &#8211; Lame : acier 440C &#8211; Manche : bois de Cocobolo Dimensions : &#8211; Longueur de la lame : 8,50 cm. &#8211; Poids : 90 gr.<\/p>\n<p>Marque Muela<br \/>\nAcier d&rsquo;occasion 440C<br \/>\nMat\u00e9riau du manche en bois de cocobolo<br \/>\nLongueur de la lame : 8,5 cm<br \/>\nPoids : 90 gr<br \/>\nDuret\u00e9 de la lame 60 HRC<\/p>\n<p>&nbsp;<\/p>\n","protected":false},"excerpt":{"rendered":"<p><strong>Produit par la soci\u00e9t\u00e9 espagnole Muela. Couteau de poche dot\u00e9 d&rsquo;une lame en acier 440C, un mat\u00e9riau reconnu pour sa haute r\u00e9sistance \u00e0 la corrosion, sa durabilit\u00e9 et sa capacit\u00e9 \u00e0 garder longtemps un tranchant tranchant. Gr\u00e2ce \u00e0 sa lame de 8,50 cm de long, il convient \u00e0 diverses t\u00e2ches de chasse et de survie.<\/strong><\/p>\n","protected":false},"featured_media":349323,"comment_status":"open","ping_status":"closed","template":"","meta":[],"pwb-brand":[3909],"product_brand":[],"product_cat":[3700,3696],"product_tag":[3754],"class_list":{"0":"post-349330","1":"product","2":"type-product","3":"status-publish","4":"has-post-thumbnail","6":"pwb-brand-elle-a-du","7":"product_cat-couteaux-de-fermeture","8":"product_cat-des-couteaux","9":"product_tag-b2b-fr","11":"first","12":"instock","13":"taxable","14":"shipping-taxable","15":"purchasable","16":"product-type-simple"},"brands":[{"id":3909,"name":"Elle a d\u00fb","slug":"elle-a-du"}],"_links":{"self":[{"href":"https:\/\/www.moskito.cz\/fr\/wp-json\/wp\/v2\/product\/349330","targetHints":{"allow":["GET"]}}],"collection":[{"href":"https:\/\/www.moskito.cz\/fr\/wp-json\/wp\/v2\/product"}],"about":[{"href":"https:\/\/www.moskito.cz\/fr\/wp-json\/wp\/v2\/types\/product"}],"replies":[{"embeddable":true,"href":"https:\/\/www.moskito.cz\/fr\/wp-json\/wp\/v2\/comments?post=349330"}],"wp:featuredmedia":[{"embeddable":true,"href":"https:\/\/www.moskito.cz\/fr\/wp-json\/wp\/v2\/media\/349323"}],"wp:attachment":[{"href":"https:\/\/www.moskito.cz\/fr\/wp-json\/wp\/v2\/media?parent=349330"}],"wp:term":[{"taxonomy":"pwb-brand","embeddable":true,"href":"https:\/\/www.moskito.cz\/fr\/wp-json\/wp\/v2\/pwb-brand?post=349330"},{"taxonomy":"product_brand","embeddable":true,"href":"https:\/\/www.moskito.cz\/fr\/wp-json\/wp\/v2\/product_brand?post=349330"},{"taxonomy":"product_cat","embeddable":true,"href":"https:\/\/www.moskito.cz\/fr\/wp-json\/wp\/v2\/product_cat?post=349330"},{"taxonomy":"product_tag","embeddable":true,"href":"https:\/\/www.moskito.cz\/fr\/wp-json\/wp\/v2\/product_tag?post=349330"}],"curies":[{"name":"wp","href":"https:\/\/api.w.org\/{rel}","templated":true}]}}