{"id":349358,"date":"2024-07-04T15:03:36","date_gmt":"2024-07-04T18:55:53","guid":{"rendered":"https:\/\/www.moskito.cz\/produkt\/couteau-de-fermeture-muela-avec-etui-bx-8gr\/"},"modified":"2025-05-07T11:19:47","modified_gmt":"2025-05-07T10:19:47","slug":"couteau-de-fermeture-muela-avec-etui-bx-8gr","status":"publish","type":"product","link":"https:\/\/www.moskito.cz\/fr\/produkt\/couteau-de-fermeture-muela-avec-etui-bx-8gr\/","title":{"rendered":"Couteau de fermeture Muela avec \u00e9tui BX-8GR"},"content":{"rendered":"<p>Couteau de fermeture <strong>Muela<\/strong> avec \u00e9tui BX-8GR<\/p>\n<p><strong>Muela<\/strong> est une usine de couteaux et de couteaux pliants \u00e0 Ciudad Real (Espagne) et se compose de deux soci\u00e9t\u00e9s : Manufacturas Muela, SA et Comercial Muela, SA. Comercial Muela a \u00e9t\u00e9 fond\u00e9e en 1985, sa base principale est constitu\u00e9e de couteaux de sport. Actuellement, c&rsquo;est la premi\u00e8re entreprise de couteaux de sport de notre pays et une r\u00e9f\u00e9rence internationale incontournable dans le domaine, ses couteaux et couteaux pliants sont tr\u00e8s appr\u00e9ci\u00e9s pour leur haute qualit\u00e9 et leur beaut\u00e9.<\/p>\n<p>Couteau de poche Muela avec lame en acier 440C de 8,5 cm. Manche en bois press\u00e9 corail et douille TiNi avec d\u00e9tente. Un couteau l\u00e9ger et compact que vous pouvez toujours emporter dans votre poche. Mat\u00e9riaux : Lame : Acier 440C Manche : Bois de corail press\u00e9 Garniture : TiNi Dimensions : Longueur de la lame : 85 mm. Longueur du manche : 100 mm. Longueur totale : 185 mm. Poids : 120 grammes.<\/p>\n<p>&nbsp;<\/p>\n","protected":false},"excerpt":{"rendered":"<p><strong>Muela est une usine de couteaux et de couteaux pliants \u00e0 Ciudad Real (Espagne) et se compose de deux soci\u00e9t\u00e9s : Manufacturas Muela, SA et Comercial Muela, SA. Comercial Muela a \u00e9t\u00e9 fond\u00e9e en 1985, sa base principale est constitu\u00e9e de couteaux de sport.<\/strong><\/p>\n","protected":false},"featured_media":349339,"comment_status":"open","ping_status":"closed","template":"","meta":[],"pwb-brand":[3909],"product_brand":[],"product_cat":[3700,3696],"product_tag":[3754],"class_list":{"0":"post-349358","1":"product","2":"type-product","3":"status-publish","4":"has-post-thumbnail","6":"pwb-brand-elle-a-du","7":"product_cat-couteaux-de-fermeture","8":"product_cat-des-couteaux","9":"product_tag-b2b-fr","11":"first","12":"instock","13":"taxable","14":"shipping-taxable","15":"purchasable","16":"product-type-simple"},"brands":[{"id":3909,"name":"Elle a d\u00fb","slug":"elle-a-du"}],"_links":{"self":[{"href":"https:\/\/www.moskito.cz\/fr\/wp-json\/wp\/v2\/product\/349358","targetHints":{"allow":["GET"]}}],"collection":[{"href":"https:\/\/www.moskito.cz\/fr\/wp-json\/wp\/v2\/product"}],"about":[{"href":"https:\/\/www.moskito.cz\/fr\/wp-json\/wp\/v2\/types\/product"}],"replies":[{"embeddable":true,"href":"https:\/\/www.moskito.cz\/fr\/wp-json\/wp\/v2\/comments?post=349358"}],"wp:featuredmedia":[{"embeddable":true,"href":"https:\/\/www.moskito.cz\/fr\/wp-json\/wp\/v2\/media\/349339"}],"wp:attachment":[{"href":"https:\/\/www.moskito.cz\/fr\/wp-json\/wp\/v2\/media?parent=349358"}],"wp:term":[{"taxonomy":"pwb-brand","embeddable":true,"href":"https:\/\/www.moskito.cz\/fr\/wp-json\/wp\/v2\/pwb-brand?post=349358"},{"taxonomy":"product_brand","embeddable":true,"href":"https:\/\/www.moskito.cz\/fr\/wp-json\/wp\/v2\/product_brand?post=349358"},{"taxonomy":"product_cat","embeddable":true,"href":"https:\/\/www.moskito.cz\/fr\/wp-json\/wp\/v2\/product_cat?post=349358"},{"taxonomy":"product_tag","embeddable":true,"href":"https:\/\/www.moskito.cz\/fr\/wp-json\/wp\/v2\/product_tag?post=349358"}],"curies":[{"name":"wp","href":"https:\/\/api.w.org\/{rel}","templated":true}]}}