{"id":349560,"date":"2023-05-04T21:12:14","date_gmt":"2024-07-04T19:38:08","guid":{"rendered":"https:\/\/www.moskito.cz\/produkt\/couteau-de-tir-microtech-signature-series-dead-mans-hand-ultratech-bronze-apocalyptic-123-13dms\/"},"modified":"2025-05-07T11:19:52","modified_gmt":"2025-05-07T10:19:52","slug":"couteau-de-tir-microtech-signature-series-dead-mans-hand-ultratech-bronze-apocalyptic-123-13dms","status":"publish","type":"product","link":"https:\/\/www.moskito.cz\/fr\/produkt\/couteau-de-tir-microtech-signature-series-dead-mans-hand-ultratech-bronze-apocalyptic-123-13dms\/","title":{"rendered":"Couteau de tir Microtech Signature Series Dead Man&rsquo;s Hand Ultratech Bronze Apocalyptic 123-13DMS"},"content":{"rendered":"<p>Couteau de tir <strong>Microtech<\/strong> Signature Series Dead Man&rsquo;s Hand Ultratech Bronze Apocalyptic 123-13DMS<\/p>\n<p>Classique de <strong>Microtech<\/strong> , l&rsquo;Ultratech est l&rsquo;arch\u00e9type des principaux automates depuis sa cr\u00e9ation. Construit avec la m\u00eame m\u00e9canique \u00e9prouv\u00e9e, le ressort reste immobile en position ouverte et ferm\u00e9e pour r\u00e9duire l&rsquo;usure. Avec une puissante ouverture\/r\u00e9traction automatique de la lame au bout des doigts et un verrouillage solide de la lame, l&rsquo;Ultratech de Microtech reste la norme dans le monde automatique.<\/p>\n<p>Longueur totale : 21,2 cm<br \/>\nLongueur ferm\u00e9 : 12,7 cm<br \/>\nLongueur de la lame : 8,5 cm<br \/>\n\u00c9paisseur de la lame : 0,32 cm<br \/>\nFinition de la lame&nbsp;: Bronze apocalyptique<br \/>\nStyle de lame : Tanto<\/p>\n<p>Acier : M390<br \/>\nStyle de bordure&nbsp;:&nbsp;Unie<br \/>\nMat\u00e9riau du manche : aluminium noir<br \/>\n\u00c9paisseur du manche : 0,12 cm<br \/>\nClip de poche&nbsp;: rabattable<br \/>\nPoids : 3,5 onces (99,23 g)<br \/>\nFabricant R\u00e9f. #&nbsp;:&nbsp;123-13DMS<br \/>\nPays d&rsquo;origine : \u00c9tats-Unis<\/p>\n<p><iframe title=\"Microtech Combat Troodon Torture Test\" width=\"800\" height=\"450\" src=\"https:\/\/www.youtube.com\/embed\/xE9TeOFYEjg?feature=oembed\" frameborder=\"0\" allow=\"accelerometer; autoplay; clipboard-write; encrypted-media; gyroscope; picture-in-picture; web-share\" referrerpolicy=\"strict-origin-when-cross-origin\" allowfullscreen><\/iframe><\/p>\n<p>&nbsp;<\/p>\n","protected":false},"excerpt":{"rendered":"<p>Au fil des ann\u00e9es, Microtech\u00ae Knives a rempli les couteaux avec passion et comp\u00e9tence pour cr\u00e9er presque des \u0153uvres d&rsquo;art qui sont le summum de la fonctionnalit\u00e9. Toutes les pi\u00e8ces sont fabriqu\u00e9es aux \u00c9tats-Unis.<br \/>\n<strong>Tous les couteaux Microtech sont garantis \u00e0 vie (min. 80 000 cycles, ouverture et fermeture)<\/strong><\/p>\n<p><strong>Transports gratuits.<\/strong><\/p>\n","protected":false},"featured_media":349566,"comment_status":"open","ping_status":"closed","template":"","meta":[],"pwb-brand":[3751],"product_brand":[],"product_cat":[3699,3696],"product_tag":[3754],"class_list":{"0":"post-349560","1":"product","2":"type-product","3":"status-publish","4":"has-post-thumbnail","6":"pwb-brand-microtechnologie","7":"product_cat-couteaux-de-tir","8":"product_cat-des-couteaux","9":"product_tag-b2b-fr","11":"first","12":"instock","13":"taxable","14":"shipping-taxable","15":"purchasable","16":"product-type-simple"},"brands":[{"id":3751,"name":"Microtechnologie","slug":"microtechnologie"}],"_links":{"self":[{"href":"https:\/\/www.moskito.cz\/fr\/wp-json\/wp\/v2\/product\/349560","targetHints":{"allow":["GET"]}}],"collection":[{"href":"https:\/\/www.moskito.cz\/fr\/wp-json\/wp\/v2\/product"}],"about":[{"href":"https:\/\/www.moskito.cz\/fr\/wp-json\/wp\/v2\/types\/product"}],"replies":[{"embeddable":true,"href":"https:\/\/www.moskito.cz\/fr\/wp-json\/wp\/v2\/comments?post=349560"}],"wp:featuredmedia":[{"embeddable":true,"href":"https:\/\/www.moskito.cz\/fr\/wp-json\/wp\/v2\/media\/349566"}],"wp:attachment":[{"href":"https:\/\/www.moskito.cz\/fr\/wp-json\/wp\/v2\/media?parent=349560"}],"wp:term":[{"taxonomy":"pwb-brand","embeddable":true,"href":"https:\/\/www.moskito.cz\/fr\/wp-json\/wp\/v2\/pwb-brand?post=349560"},{"taxonomy":"product_brand","embeddable":true,"href":"https:\/\/www.moskito.cz\/fr\/wp-json\/wp\/v2\/product_brand?post=349560"},{"taxonomy":"product_cat","embeddable":true,"href":"https:\/\/www.moskito.cz\/fr\/wp-json\/wp\/v2\/product_cat?post=349560"},{"taxonomy":"product_tag","embeddable":true,"href":"https:\/\/www.moskito.cz\/fr\/wp-json\/wp\/v2\/product_tag?post=349560"}],"curies":[{"name":"wp","href":"https:\/\/api.w.org\/{rel}","templated":true}]}}