{"id":349614,"date":"2022-04-21T11:20:21","date_gmt":"2024-07-04T19:38:46","guid":{"rendered":"https:\/\/www.moskito.cz\/produkt\/couteau-de-tir-microtech-ultratech-stonewashed-123-10bl\/"},"modified":"2025-05-07T11:19:56","modified_gmt":"2025-05-07T10:19:56","slug":"couteau-de-tir-microtech-ultratech-stonewashed-123-10bl","status":"publish","type":"product","link":"https:\/\/www.moskito.cz\/fr\/produkt\/couteau-de-tir-microtech-ultratech-stonewashed-123-10bl\/","title":{"rendered":"Couteau de tir Microtech Ultratech Stonewashed 123-10BL"},"content":{"rendered":"<p>Couteau de tir <strong>Microtech<\/strong> Ultratech Stonewashed 123-10BL<\/p>\n<p>Le couteau automatique frontal \u00e0 double action Ultratech de Microtech \u00e9tablit la norme pour cette cat\u00e9gorie. Cette version est dot\u00e9e d&rsquo;un manche bleu anodis\u00e9 et moul\u00e9 et d&rsquo;une finition satin\u00e9e, CTS-204P, lame \u00e0 double tranchant.<\/p>\n<p>Tout nouveau directement de Microtech Knives. Fabriqu\u00e9 aux \u00c9tats-Unis.<\/p>\n<p>La lame pr\u00e9sente une finition satin\u00e9e majestueuse et des bords de coupe standard doubles et lisses en haut et en bas. La lame est \u00e0 pointe fine et est fabriqu\u00e9e en acier inoxydable am\u00e9ricain de premi\u00e8re classe CTS-204P. La lame de 3,44 pouces est dot\u00e9e d&rsquo;un m\u00e9canisme d&rsquo;ouverture et de fermeture \u00e0 double action. D\u00e9placez simplement le curseur du pouce sur le c\u00f4t\u00e9 de la poign\u00e9e vers le haut pour le d\u00e9ployer et vers le bas pour le r\u00e9tracter. Le ressort interne reste immobile en position ouverte et ferm\u00e9e pour r\u00e9duire l&rsquo;usure. L&rsquo;action est fluide et rapide.<\/p>\n<p>Poign\u00e9e&nbsp;: L&rsquo;aluminium 6061-T6 anodis\u00e9 bleu lisse pr\u00e9sente des bords profil\u00e9s qui cr\u00e9ent non seulement une sensation confortable dans la main, mais \u00e9galement une transition en douceur vers et hors de la poche. Il y a plusieurs zones de texture rainur\u00e9e \u00e0 la machine autour des ext\u00e9rieurs pour faciliter l&rsquo;adh\u00e9rence. Cette poign\u00e9e plus l\u00e9g\u00e8re et plus ergonomique est douce pour les mains et les yeux. La construction de la poign\u00e9e est compl\u00e9t\u00e9e par le mat\u00e9riel brevet\u00e9 de Microtech, une extr\u00e9mit\u00e9 brise-verre et un clip de poche \u00e0 jet avec un num\u00e9ro de s\u00e9rie\/date de fabrication individuel.<\/p>\n<p>Il se porte \u00e0 la main droite, le clip de poche se d\u00e9plie uniquement.<\/p>\n<p>CTS-204P&nbsp;: acier \u00e0 outils inoxydable de m\u00e9tallurgie des poudres \u00e0 haute r\u00e9sistance, l&rsquo;acier contient une grande quantit\u00e9 de carbures de vanadium extr\u00eamement durs qui offrent une excellente r\u00e9sistance \u00e0 l&rsquo;usure. Le CTS-204P poss\u00e8de l&rsquo;une des teneurs en chrome les plus \u00e9lev\u00e9es parmi les aciers inoxydables \u00e0 haute teneur en vanadium actuellement disponibles. La matrice riche en chrome offre une excellente r\u00e9sistance \u00e0 la corrosion. Les analogues du CTS-204P incluent le CPM-20CV et le Bohler M390.<\/p>\n<p>Veuillez noter que l&rsquo;acier de la lame ne peut pas \u00eatre sp\u00e9cifi\u00e9 car il peut varier en fonction de la disponibilit\u00e9 (informations de Microtech)<\/p>\n<p>Longueur totale : 22 cm<br \/>\nLongueur de la lame : 8,6 cm<br \/>\nMat\u00e9riau de la lame&nbsp;:&nbsp;CTS-204P d\u00e9lav\u00e9 \u00e0 la pierre<br \/>\nStyle de lame : Tanto<br \/>\nInsertions&nbsp;: plates<br \/>\nType de bordure&nbsp;:&nbsp;Unie<br \/>\nMat\u00e9riau du manche : aluminium<br \/>\nPoids : 3,60 onces.<br \/>\nUtilisateur&nbsp;:&nbsp;Main droite<br \/>\nClip de poche&nbsp;: rabattable<br \/>\nType de couteau&nbsp;: OTF automatique \u00e0 double action<br \/>\nOuvreur&nbsp;:&nbsp;glissi\u00e8re du pouce<br \/>\nMarque : Microtech<br \/>\nMod\u00e8le : Ultratech<\/p>\n<p><iframe title=\"Microtech Combat Troodon Torture Test\" width=\"800\" height=\"450\" src=\"https:\/\/www.youtube.com\/embed\/xE9TeOFYEjg?feature=oembed\" frameborder=\"0\" allow=\"accelerometer; autoplay; clipboard-write; encrypted-media; gyroscope; picture-in-picture; web-share\" referrerpolicy=\"strict-origin-when-cross-origin\" allowfullscreen><\/iframe><\/p>\n<p>&nbsp;<\/p>\n<p>&nbsp;<\/p>\n","protected":false},"excerpt":{"rendered":"<div class=\"elementor-element elementor-element-bbb542b elementor-widget elementor-widget-woocommerce-product-short-description\" data-id=\"bbb542b\" data-element_type=\"widget\" data-widget_type=\"woocommerce-product-short-description.default\">\n<div class=\"elementor-widget-container\">\n<div class=\"woocommerce-product-details__short-description\">\n<p>Au fil des ann\u00e9es, Microtech\u00ae Knives a rempli les couteaux avec passion et comp\u00e9tence pour cr\u00e9er presque des \u0153uvres d&rsquo;art qui sont le summum de la fonctionnalit\u00e9. Toutes les pi\u00e8ces sont fabriqu\u00e9es aux \u00c9tats-Unis.<br \/>\n<strong>Tous les couteaux Microtech sont garantis \u00e0 vie.<\/strong><\/p>\n<p><strong>Transports gratuits.<\/strong><\/p>\n<\/div>\n<\/div>\n<\/div>\n","protected":false},"featured_media":349617,"comment_status":"open","ping_status":"closed","template":"","meta":[],"pwb-brand":[3751],"product_brand":[],"product_cat":[3699,3696],"product_tag":[3754],"class_list":{"0":"post-349614","1":"product","2":"type-product","3":"status-publish","4":"has-post-thumbnail","6":"pwb-brand-microtechnologie","7":"product_cat-couteaux-de-tir","8":"product_cat-des-couteaux","9":"product_tag-b2b-fr","11":"first","12":"instock","13":"taxable","14":"shipping-taxable","15":"purchasable","16":"product-type-simple"},"brands":[{"id":3751,"name":"Microtechnologie","slug":"microtechnologie"}],"_links":{"self":[{"href":"https:\/\/www.moskito.cz\/fr\/wp-json\/wp\/v2\/product\/349614","targetHints":{"allow":["GET"]}}],"collection":[{"href":"https:\/\/www.moskito.cz\/fr\/wp-json\/wp\/v2\/product"}],"about":[{"href":"https:\/\/www.moskito.cz\/fr\/wp-json\/wp\/v2\/types\/product"}],"replies":[{"embeddable":true,"href":"https:\/\/www.moskito.cz\/fr\/wp-json\/wp\/v2\/comments?post=349614"}],"wp:featuredmedia":[{"embeddable":true,"href":"https:\/\/www.moskito.cz\/fr\/wp-json\/wp\/v2\/media\/349617"}],"wp:attachment":[{"href":"https:\/\/www.moskito.cz\/fr\/wp-json\/wp\/v2\/media?parent=349614"}],"wp:term":[{"taxonomy":"pwb-brand","embeddable":true,"href":"https:\/\/www.moskito.cz\/fr\/wp-json\/wp\/v2\/pwb-brand?post=349614"},{"taxonomy":"product_brand","embeddable":true,"href":"https:\/\/www.moskito.cz\/fr\/wp-json\/wp\/v2\/product_brand?post=349614"},{"taxonomy":"product_cat","embeddable":true,"href":"https:\/\/www.moskito.cz\/fr\/wp-json\/wp\/v2\/product_cat?post=349614"},{"taxonomy":"product_tag","embeddable":true,"href":"https:\/\/www.moskito.cz\/fr\/wp-json\/wp\/v2\/product_tag?post=349614"}],"curies":[{"name":"wp","href":"https:\/\/api.w.org\/{rel}","templated":true}]}}