{"id":349640,"date":"2021-03-24T21:23:24","date_gmt":"2024-07-04T19:39:20","guid":{"rendered":"https:\/\/www.moskito.cz\/produkt\/couteau-de-tir-microtech-ultratech-bounty-hunter-apocalyptic-123-10bh\/"},"modified":"2025-07-11T07:53:58","modified_gmt":"2025-07-11T06:53:58","slug":"couteau-de-tir-microtech-ultratech-bounty-hunter-apocalyptic-123-10bh","status":"publish","type":"product","link":"https:\/\/www.moskito.cz\/fr\/produkt\/couteau-de-tir-microtech-ultratech-bounty-hunter-apocalyptic-123-10bh\/","title":{"rendered":"Couteau de tir Microtech Ultratech Bounty Hunter Apocalyptic 123-10BH"},"content":{"rendered":"<p>Couteau de tir <strong>Microtech<\/strong> Ultratech Bounty Hunter Apocalyptic 123-10BH<\/p>\n<p>L&rsquo;Ultratech de <strong>Microtech<\/strong> est l&rsquo;un de leurs mod\u00e8les les plus populaires, offrant certainement le meilleur rapport qualit\u00e9-prix. Il \u00e9tablira \u00e0 jamais la norme pour tous les couteaux de tir. <strong>L&rsquo;Ultratech<\/strong> est le couteau avant double action original de Microtech et constitue la base de toute leur gamme OTF. Il a subi plusieurs modifications au fil des ann\u00e9es, devenant \u00e0 chaque fois plus efficace et plus fiable. Le ressort Ultratech reste en position \u00ab\u00a0repos\u00a0\u00bb \u00e0 tout moment, sauf lorsqu&rsquo;il est \u00e9tir\u00e9. Cela garantit que le ressort comprim\u00e9 ne se fatigue pas, garantissant aux utilisateurs que lorsque le couteau est tir\u00e9, il fonctionnera efficacement. Couteau Ultratech l\u00e9ger avec ouverture et fermeture d&rsquo;une seule main, forme fine et lame de scalpel tranchante en font un couteau unique !<\/p>\n<p>Ce mod\u00e8le <strong>Star Wars Bounty Hunter<\/strong> en \u00e9dition limit\u00e9e est dot\u00e9 d&rsquo;une poign\u00e9e us\u00e9e au combat en aluminium 6061-T6 anodis\u00e9 vert de style Bounty Hunter. Lame en acier inoxydable M390 bicolore avec une finition apocalyptique\/satin\u00e9e avec un tranchant standard. Quincaillerie rouge us\u00e9e au combat et pointe de bris de verre. Le clip de poche est fini de mani\u00e8re apocalyptique et marqu\u00e9 du num\u00e9ro de s\u00e9rie, de la date de fabrication, BH pour Bounty Hunter, du logo jaune Mandalorian Skull Star Wars et du logo <strong>Microtech<\/strong> . <strong>Ceux-ci se vendent toujours rapidement, ne manquez pas votre chance !<\/strong><\/p>\n<p>Longueur totale : 22 cm<br \/>\nLongueur de la lame : 8,6 cm<br \/>\nMat\u00e9riau de la lame : Bohler M390<br \/>\nStyle de lame : Tanto<br \/>\nInsertions&nbsp;: plates<br \/>\nType de bordure&nbsp;:&nbsp;Unie<br \/>\nMat\u00e9riau du manche : aluminium<br \/>\nPoids : 3,60 onces.<br \/>\nUtilisateur&nbsp;:&nbsp;Main droite<br \/>\nClip de poche&nbsp;: rabattable<br \/>\nType de couteau&nbsp;: OTF automatique \u00e0 double action<br \/>\nOuvreur&nbsp;:&nbsp;glissi\u00e8re du pouce<br \/>\nMarque : Microtech<br \/>\nMod\u00e8le : Ultratech<br \/>\nNum\u00e9ro de mod\u00e8le: 123-10 BH<br \/>\nPays d&rsquo;origine : \u00c9tats-Unis<br \/>\nMeilleure utilisation&nbsp;: tous les jours<\/p>\n<div class=\"description\">\n<p>L&rsquo;Ultratech \u00e9tablira \u00e0 jamais la norme pour tous les couteaux d&rsquo;avant-garde. L&rsquo;Ultratech est le couteau original \u00e0 double action <strong>de Microtech<\/strong> et a \u00e9t\u00e9 la base de toute leur gamme OTF. Au fil des ann\u00e9es, il a subi plusieurs modifications, devenant \u00e0 chaque fois plus efficace et plus fiable. Cette version a la texture tri-grip am\u00e9lior\u00e9e sur la glissi\u00e8re du pouce pour un achat plus positif et une poign\u00e9e au fini vert apocalyptique avec du mat\u00e9riel rouge, surnommant ce mod\u00e8le le Bounty Hunter alias Boba Fett. Il comporte \u00e9galement un logo Mythosaure tr\u00e8s cool sur le clip de poche qui \u00e9tait le symbole du cr\u00e2ne \u00e0 d\u00e9fenses des Vrais Mandaloriens. Le ressort de l&rsquo;Ultratech reste en position \u00ab&nbsp;au repos&nbsp;\u00bb \u00e0 tout moment, sauf lorsqu&rsquo;il est d\u00e9ploy\u00e9. Cela garantit que le ressort comprim\u00e9 ne se fatiguera pas, garantissant aux utilisateurs que lorsque le couteau sera tir\u00e9, il fonctionnera efficacement. Le poids l\u00e9ger de l&rsquo;Ultratech, son action d&rsquo;ouverture et de fermeture d&rsquo;une seule main, sa forme mince et sa lame tranchante au scalpel \u00e0 pointe tombante en font un couteau unique en son genre, disponible uniquement via <strong>Microtech<\/strong> . Ce couteau a prouv\u00e9 \u00e0 maintes reprises qu&rsquo;il peut r\u00e9sister \u00e0 n&rsquo;importe quel obstacle et celui-ci est \u00e0 notre avis le plus d\u00e9sirable de la gamme Star Wars d&rsquo; <strong>Ultratech<\/strong> .<\/p>\n<div class=\"clearfix\"><\/div>\n<\/div>\n<div class=\"specifications\">\n<div class=\"features\">Caract\u00e9ristiques<br \/>\nOuverture\/Fermeture Automatique &#8211; Ouverture Frontale<br \/>\nAction : double action \u2013 tir\/r\u00e9traction automatique.<br \/>\nAcier de la lame&nbsp;: acier inoxydable<br \/>\nLongueur de la lame : 3,46&Prime;<br \/>\nStyle de lame&nbsp;: Tanto \u00e0 un seul tranchant<br \/>\n\u00c9paisseur du manche&nbsp;: 0,640&Prime;<br \/>\nMat\u00e9riau de la poign\u00e9e&nbsp;: aluminium 6061-T6 avec anodisation \u00e0 rev\u00eatement dur vert apocalyptique Mil-Spec<br \/>\nLongueur ferm\u00e9&nbsp;: 4,84&nbsp;\u00a0\u00bb<br \/>\nLongueur ouverte : 8,30&Prime;<br \/>\nMat\u00e9riau du clip de poche&nbsp;:&nbsp;301 inoxydable<br \/>\nDessus standard&nbsp;: alliage AL 6061-T6<br \/>\nG\u00e2chette&nbsp;:&nbsp;303 inoxydable<br \/>\nBriseur de fen\u00eatre<br \/>\nFabriqu\u00e9 aux Etats-Unis<\/div>\n<div class=\"specs\">\n<p>&nbsp;<\/p>\n<\/div>\n<\/div>\n","protected":false},"excerpt":{"rendered":"<p><strong>Au fil des ann\u00e9es, Microtech\u00ae Knives a rempli les couteaux avec passion et comp\u00e9tence pour cr\u00e9er presque des \u0153uvres d&rsquo;art qui sont le summum de la fonctionnalit\u00e9. Toutes les pi\u00e8ces sont fabriqu\u00e9es aux \u00c9tats-Unis.<\/strong><br \/>\n<strong>Tous les couteaux Microtech sont garantis \u00e0 vie (min. 80 000 cycles, ouverture et fermeture)<\/strong><\/p>\n<p><strong>Transports gratuits.<\/strong><\/p>\n","protected":false},"featured_media":349642,"comment_status":"open","ping_status":"closed","template":"","meta":[],"pwb-brand":[3751],"product_brand":[],"product_cat":[3699,3696],"product_tag":[3754],"class_list":{"0":"post-349640","1":"product","2":"type-product","3":"status-publish","4":"has-post-thumbnail","6":"pwb-brand-microtechnologie","7":"product_cat-couteaux-de-tir","8":"product_cat-des-couteaux","9":"product_tag-b2b-fr","11":"first","12":"outofstock","13":"taxable","14":"shipping-taxable","15":"purchasable","16":"product-type-simple"},"brands":[{"id":3751,"name":"Microtechnologie","slug":"microtechnologie"}],"_links":{"self":[{"href":"https:\/\/www.moskito.cz\/fr\/wp-json\/wp\/v2\/product\/349640","targetHints":{"allow":["GET"]}}],"collection":[{"href":"https:\/\/www.moskito.cz\/fr\/wp-json\/wp\/v2\/product"}],"about":[{"href":"https:\/\/www.moskito.cz\/fr\/wp-json\/wp\/v2\/types\/product"}],"replies":[{"embeddable":true,"href":"https:\/\/www.moskito.cz\/fr\/wp-json\/wp\/v2\/comments?post=349640"}],"wp:featuredmedia":[{"embeddable":true,"href":"https:\/\/www.moskito.cz\/fr\/wp-json\/wp\/v2\/media\/349642"}],"wp:attachment":[{"href":"https:\/\/www.moskito.cz\/fr\/wp-json\/wp\/v2\/media?parent=349640"}],"wp:term":[{"taxonomy":"pwb-brand","embeddable":true,"href":"https:\/\/www.moskito.cz\/fr\/wp-json\/wp\/v2\/pwb-brand?post=349640"},{"taxonomy":"product_brand","embeddable":true,"href":"https:\/\/www.moskito.cz\/fr\/wp-json\/wp\/v2\/product_brand?post=349640"},{"taxonomy":"product_cat","embeddable":true,"href":"https:\/\/www.moskito.cz\/fr\/wp-json\/wp\/v2\/product_cat?post=349640"},{"taxonomy":"product_tag","embeddable":true,"href":"https:\/\/www.moskito.cz\/fr\/wp-json\/wp\/v2\/product_tag?post=349640"}],"curies":[{"name":"wp","href":"https:\/\/api.w.org\/{rel}","templated":true}]}}