{"id":349796,"date":"2024-07-07T15:27:52","date_gmt":"2024-07-07T14:29:49","guid":{"rendered":"https:\/\/www.moskito.cz\/produkt\/couteau-de-tir-microtech-hera-ii-stonewashed-1702-11\/"},"modified":"2025-05-07T11:19:59","modified_gmt":"2025-05-07T10:19:59","slug":"couteau-de-tir-microtech-hera-ii-stonewashed-1702-11","status":"publish","type":"product","link":"https:\/\/www.moskito.cz\/fr\/produkt\/couteau-de-tir-microtech-hera-ii-stonewashed-1702-11\/","title":{"rendered":"Couteau de tir Microtech Hera II Stonewashed 1702-11"},"content":{"rendered":"<p>Couteau de tir <strong>Microtech<\/strong> Hera II Stonewashed 1702-11.<\/p>\n<p>Le Hera II est un superbe couteau automatique \u00e0 double action avec un design de cadre vaguement inspir\u00e9 du mod\u00e8le embl\u00e9matique Troodon. Le Hera pr\u00e9sente une ergonomie am\u00e9lior\u00e9e et comporte des extr\u00e9mit\u00e9s usin\u00e9es pour une meilleure adh\u00e9rence et une esth\u00e9tique raffin\u00e9e qui ajoute \u00e0 son attrait g\u00e9n\u00e9ral. Notamment, la poign\u00e9e est soigneusement grav\u00e9e en profondeur et sans mat\u00e9riel, ajoutant une touche artistique et une sensation incroyable au design fonctionnel. La seule vis visible qui le maintient ensemble se trouve \u00e0 l\u2019arri\u00e8re, pr\u00e8s du clip de poche, qui est ambidextre pour les gauchers.<\/p>\n<p>Ce design exquis incarne sans effort \u00e0 la fois sophistication et fonctionnalit\u00e9, faisant du Hera l&rsquo;un des meilleurs couteaux OTF automatiques polyvalents sur un march\u00e9 hautement concurrentiel. Bien que, honn\u00eatement, il soit principalement en concurrence avec d\u2019autres OTF Microtech. Sa taille est id\u00e9ale pour le combat mais suffisamment fine pour \u00eatre port\u00e9e au quotidien, sa forme soigneusement con\u00e7ue pour trouver l&rsquo;\u00e9quilibre id\u00e9al entre praticit\u00e9 et style. L&rsquo;Hera t\u00e9moigne de l&rsquo;ing\u00e9nierie de pr\u00e9cision et des d\u00e9tails artistiques, ce qui en fait un excellent choix pour ceux qui appr\u00e9cient le mariage de la forme et de la fonction dans leurs outils quotidiens.<\/p>\n<p>Caract\u00e9ristiques:<br \/>\nLongueur de la lame : 10 cm<br \/>\nLongueur totale : 24 cm<br \/>\nAcier de la lame : acier inoxydable Bohler M390MK<br \/>\nStyle de lame&nbsp;:&nbsp;Dague \u00e0 double tranchant<br \/>\nMeulage de la lame&nbsp;:&nbsp;Plat<br \/>\nTraitement de surface de la lame : Stonewash<br \/>\nMat\u00e9riau du manche : aluminium a\u00e9ronautique noir avec gravure profonde<br \/>\nM\u00e9canisme de verrouillage&nbsp;:&nbsp;pouce coulissant<br \/>\nClip de poche : Titane (pliable, usure droite\/gauche)<br \/>\nPoids : 4,94 onces.<br \/>\nCr\u00e9ateurs : Tony et Sean Marfione<br \/>\nFabriqu\u00e9 aux \u00c9tats-Unis<\/p>\n<p><iframe title=\"Microtech Combat Troodon Torture Test\" width=\"800\" height=\"450\" src=\"https:\/\/www.youtube.com\/embed\/xE9TeOFYEjg?feature=oembed\" frameborder=\"0\" allow=\"accelerometer; autoplay; clipboard-write; encrypted-media; gyroscope; picture-in-picture; web-share\" referrerpolicy=\"strict-origin-when-cross-origin\" allowfullscreen><\/iframe><\/p>\n<p>&nbsp;<\/p>\n","protected":false},"excerpt":{"rendered":"<p>Au fil des ann\u00e9es, <strong>Microtech\u00ae Knives<\/strong> a mis sa passion et son savoir-faire dans la cr\u00e9ation d&rsquo;\u0153uvres d&rsquo;art qui repr\u00e9sentent le summum de la fonction et de la forme. Nous continuons de repousser les limites et d\u2019am\u00e9liorer ce dont nous savons d\u00e9j\u00e0 qu\u2019il fonctionne. Microtech\u00ae Knives est devenue une marque de coutellerie leader qui \u00e9volue et avance constamment en utilisant les derni\u00e8res technologies, les principes de lame anciens et des tests sur le terrain maximum pour garantir que nous fournissons le meilleur produit possible.<\/p>\n<p><strong>Transports gratuits.<\/strong><\/p>\n","protected":false},"featured_media":349746,"comment_status":"open","ping_status":"closed","template":"","meta":[],"pwb-brand":[3751],"product_brand":[],"product_cat":[3699,3696],"product_tag":[3754],"class_list":{"0":"post-349796","1":"product","2":"type-product","3":"status-publish","4":"has-post-thumbnail","6":"pwb-brand-microtechnologie","7":"product_cat-couteaux-de-tir","8":"product_cat-des-couteaux","9":"product_tag-b2b-fr","11":"first","12":"instock","13":"taxable","14":"shipping-taxable","15":"purchasable","16":"product-type-simple"},"brands":[{"id":3751,"name":"Microtechnologie","slug":"microtechnologie"}],"_links":{"self":[{"href":"https:\/\/www.moskito.cz\/fr\/wp-json\/wp\/v2\/product\/349796","targetHints":{"allow":["GET"]}}],"collection":[{"href":"https:\/\/www.moskito.cz\/fr\/wp-json\/wp\/v2\/product"}],"about":[{"href":"https:\/\/www.moskito.cz\/fr\/wp-json\/wp\/v2\/types\/product"}],"replies":[{"embeddable":true,"href":"https:\/\/www.moskito.cz\/fr\/wp-json\/wp\/v2\/comments?post=349796"}],"wp:featuredmedia":[{"embeddable":true,"href":"https:\/\/www.moskito.cz\/fr\/wp-json\/wp\/v2\/media\/349746"}],"wp:attachment":[{"href":"https:\/\/www.moskito.cz\/fr\/wp-json\/wp\/v2\/media?parent=349796"}],"wp:term":[{"taxonomy":"pwb-brand","embeddable":true,"href":"https:\/\/www.moskito.cz\/fr\/wp-json\/wp\/v2\/pwb-brand?post=349796"},{"taxonomy":"product_brand","embeddable":true,"href":"https:\/\/www.moskito.cz\/fr\/wp-json\/wp\/v2\/product_brand?post=349796"},{"taxonomy":"product_cat","embeddable":true,"href":"https:\/\/www.moskito.cz\/fr\/wp-json\/wp\/v2\/product_cat?post=349796"},{"taxonomy":"product_tag","embeddable":true,"href":"https:\/\/www.moskito.cz\/fr\/wp-json\/wp\/v2\/product_tag?post=349796"}],"curies":[{"name":"wp","href":"https:\/\/api.w.org\/{rel}","templated":true}]}}