{"id":349852,"date":"2024-07-07T16:19:25","date_gmt":"2024-07-07T15:19:25","guid":{"rendered":"https:\/\/www.moskito.cz\/produkt\/couteau-de-tir-microtech-combat-troodon-gen-iii-interceptor-stonewashed-signature-series-1217-10tas\/"},"modified":"2025-05-07T11:20:00","modified_gmt":"2025-05-07T10:20:00","slug":"couteau-de-tir-microtech-combat-troodon-gen-iii-interceptor-stonewashed-signature-series-1217-10tas","status":"publish","type":"product","link":"https:\/\/www.moskito.cz\/fr\/produkt\/couteau-de-tir-microtech-combat-troodon-gen-iii-interceptor-stonewashed-signature-series-1217-10tas\/","title":{"rendered":"Couteau de tir Microtech Combat Troodon Gen III Interceptor Stonewashed Signature Series 1217-10TAS"},"content":{"rendered":"<p>Couteau de tir <strong>Microtech<\/strong> Combat Troodon Gen III Interceptor Stonewashed Signature Series 1217-10TAS<\/p>\n<p>Couteaux Microtech | Combattez <strong>Troodon Gen III<\/strong><br \/>\nLe Combat Troodon redessin\u00e9 de Microtech est le summum de l&rsquo;OTF pour une utilisation intensive et \u00e9tablit une nouvelle norme pour les couteaux automatiques robustes. Ce couteau embl\u00e9matique dot\u00e9 d&rsquo;un syst\u00e8me d&rsquo;entra\u00eenement innovant garantit un d\u00e9ploiement rapide dans les situations critiques et un d\u00e9montage sans tracas pour le confort de l&rsquo;utilisateur. La conception am\u00e9lior\u00e9e de la poche \u00e0 boutons minimise la friction, \u00e9vacuant efficacement la salet\u00e9, r\u00e9duisant ainsi le besoin d&rsquo;entretien fr\u00e9quent. Am\u00e9lior\u00e9 avec des rainures et des rainures strat\u00e9giques pour une adh\u00e9rence exceptionnelle et \u00e9quip\u00e9 d&rsquo;un nouveau clip de poche en titane et d&rsquo;un bouchon en c\u00e9ramique.<\/p>\n<p>Longueur totale : 24,1 cm<br \/>\nLongueur ferm\u00e9 : 14 cm<br \/>\nLongueur de la lame : 10,2 cm<br \/>\nTraitement de surface de la lame : Stonewashed<br \/>\nStyle de bordure&nbsp;:&nbsp;Unie<br \/>\nMat\u00e9riau du manche : Aluminium beige<br \/>\nClip de poche&nbsp;: rabattable<br \/>\nFabricant R\u00e9f. #&nbsp;:&nbsp;1217-10TAS<br \/>\nPays d&rsquo;origine : \u00c9tats-Unis<\/p>\n<p><iframe title=\"Microtech Combat Troodon Torture Test\" width=\"800\" height=\"450\" src=\"https:\/\/www.youtube.com\/embed\/xE9TeOFYEjg?feature=oembed\" frameborder=\"0\" allow=\"accelerometer; autoplay; clipboard-write; encrypted-media; gyroscope; picture-in-picture; web-share\" referrerpolicy=\"strict-origin-when-cross-origin\" allowfullscreen><\/iframe><\/p>\n<p>&nbsp;<\/p>\n","protected":false},"excerpt":{"rendered":"<p><strong>Au fil des ann\u00e9es, Microtech\u00ae Knives a rempli les couteaux avec passion et comp\u00e9tence pour cr\u00e9er presque des \u0153uvres d&rsquo;art qui sont le summum de la fonctionnalit\u00e9. Toutes les pi\u00e8ces sont fabriqu\u00e9es aux \u00c9tats-Unis.<\/strong><br \/>\n<strong>Tous les couteaux Microtech sont garantis \u00e0 vie.<\/strong><\/p>\n<p><strong>Transports gratuits.<\/strong><\/p>\n","protected":false},"featured_media":349803,"comment_status":"open","ping_status":"closed","template":"","meta":[],"pwb-brand":[3751],"product_brand":[],"product_cat":[3699,3696],"product_tag":[3754],"class_list":{"0":"post-349852","1":"product","2":"type-product","3":"status-publish","4":"has-post-thumbnail","6":"pwb-brand-microtechnologie","7":"product_cat-couteaux-de-tir","8":"product_cat-des-couteaux","9":"product_tag-b2b-fr","11":"first","12":"outofstock","13":"taxable","14":"shipping-taxable","15":"purchasable","16":"product-type-simple"},"brands":[{"id":3751,"name":"Microtechnologie","slug":"microtechnologie"}],"_links":{"self":[{"href":"https:\/\/www.moskito.cz\/fr\/wp-json\/wp\/v2\/product\/349852","targetHints":{"allow":["GET"]}}],"collection":[{"href":"https:\/\/www.moskito.cz\/fr\/wp-json\/wp\/v2\/product"}],"about":[{"href":"https:\/\/www.moskito.cz\/fr\/wp-json\/wp\/v2\/types\/product"}],"replies":[{"embeddable":true,"href":"https:\/\/www.moskito.cz\/fr\/wp-json\/wp\/v2\/comments?post=349852"}],"wp:featuredmedia":[{"embeddable":true,"href":"https:\/\/www.moskito.cz\/fr\/wp-json\/wp\/v2\/media\/349803"}],"wp:attachment":[{"href":"https:\/\/www.moskito.cz\/fr\/wp-json\/wp\/v2\/media?parent=349852"}],"wp:term":[{"taxonomy":"pwb-brand","embeddable":true,"href":"https:\/\/www.moskito.cz\/fr\/wp-json\/wp\/v2\/pwb-brand?post=349852"},{"taxonomy":"product_brand","embeddable":true,"href":"https:\/\/www.moskito.cz\/fr\/wp-json\/wp\/v2\/product_brand?post=349852"},{"taxonomy":"product_cat","embeddable":true,"href":"https:\/\/www.moskito.cz\/fr\/wp-json\/wp\/v2\/product_cat?post=349852"},{"taxonomy":"product_tag","embeddable":true,"href":"https:\/\/www.moskito.cz\/fr\/wp-json\/wp\/v2\/product_tag?post=349852"}],"curies":[{"name":"wp","href":"https:\/\/api.w.org\/{rel}","templated":true}]}}