{"id":349921,"date":"2021-05-05T22:03:35","date_gmt":"2024-07-08T09:29:36","guid":{"rendered":"https:\/\/www.moskito.cz\/produkt\/couteau-fixe-extrema-ratio-mamba-hcs\/"},"modified":"2025-05-07T11:20:02","modified_gmt":"2025-05-07T10:20:02","slug":"couteau-fixe-extrema-ratio-mamba-hcs","status":"publish","type":"product","link":"https:\/\/www.moskito.cz\/fr\/produkt\/couteau-fixe-extrema-ratio-mamba-hcs\/","title":{"rendered":"Couteau Fixe Extrema Ratio MAMBA HCS"},"content":{"rendered":"<p>Couteau fixe <strong>Extrema Ratio<\/strong> MAMBA HCS.<\/p>\n<p>Couteau tactique polyvalent, tr\u00e8s l\u00e9ger et maniable. Il est livr\u00e9 avec un \u00e9tui sp\u00e9cial en nylon Aspis, sp\u00e9cialement \u00e9tudi\u00e9 par Extrema Ratio pour permettre de lib\u00e9rer et de fixer rapidement la lame \u00e0 l&rsquo;int\u00e9rieur du syst\u00e8me MOLLE gr\u00e2ce \u00e0 deux boucles multi-positions.<br \/>\nDisponible en noir, d\u00e9sert, HCS, vert Ranger et gris loup<\/p>\n<p>FICHE TECHNIQUE<br \/>\nPoids g.: 85<br \/>\nPoids onces&nbsp;: 2,99<br \/>\nLongueur de la lame (mm): 116<br \/>\nLongueur de la lame (pouces)&nbsp;: 4,56<br \/>\nLongueur totale (mm): 237<br \/>\nLongueur totale (po) : 9,33<br \/>\n\u00c9paisseur de la lame (mm): 4<br \/>\n\u00c9paisseur de la lame (en pouces) : 0,15<br \/>\nMat\u00e9riau de la lame : B\u00f6HLER ACIER N690 (58HRC)<br \/>\nFinition de la lame&nbsp;: PIERRES CONTENUES<br \/>\nGrille principale&nbsp;: PLAT<br \/>\nMat\u00e9riau du manche&nbsp;: FORPR\u00c8NE<\/p>\n<p><iframe title=\"Extrema Ratio Mamba | t-tactical.eu\" width=\"800\" height=\"450\" src=\"https:\/\/www.youtube.com\/embed\/5jcDRn6oFuw?feature=oembed\" frameborder=\"0\" allow=\"accelerometer; autoplay; clipboard-write; encrypted-media; gyroscope; picture-in-picture; web-share\" referrerpolicy=\"strict-origin-when-cross-origin\" allowfullscreen><\/iframe><\/p>\n<p>&nbsp;<\/p>\n","protected":false},"excerpt":{"rendered":"<p>Bas\u00e9e \u00e0 Prato, en Italie <strong>, Extrema Ratio<\/strong> con\u00e7oit et fabrique des couteaux de combat, militaires, de cuisine, de chasse et tactiques de haute performance depuis 1997 et jouit d&rsquo;une r\u00e9putation de qualit\u00e9 sup\u00e9rieure sans \u00e9gal dans l&rsquo;industrie des couteaux militaires et tactiques. <strong>Transports gratuits.<\/strong><\/p>\n","protected":false},"featured_media":349934,"comment_status":"open","ping_status":"closed","template":"","meta":[],"pwb-brand":[3767],"product_brand":[],"product_cat":[3697,3696],"product_tag":[3754],"class_list":{"0":"post-349921","1":"product","2":"type-product","3":"status-publish","4":"has-post-thumbnail","6":"pwb-brand-rapport-extreme","7":"product_cat-couteaux-solides","8":"product_cat-des-couteaux","9":"product_tag-b2b-fr","11":"first","12":"instock","13":"taxable","14":"shipping-taxable","15":"purchasable","16":"product-type-simple"},"brands":[{"id":3767,"name":"Rapport extr\u00eame","slug":"rapport-extreme"}],"_links":{"self":[{"href":"https:\/\/www.moskito.cz\/fr\/wp-json\/wp\/v2\/product\/349921","targetHints":{"allow":["GET"]}}],"collection":[{"href":"https:\/\/www.moskito.cz\/fr\/wp-json\/wp\/v2\/product"}],"about":[{"href":"https:\/\/www.moskito.cz\/fr\/wp-json\/wp\/v2\/types\/product"}],"replies":[{"embeddable":true,"href":"https:\/\/www.moskito.cz\/fr\/wp-json\/wp\/v2\/comments?post=349921"}],"wp:featuredmedia":[{"embeddable":true,"href":"https:\/\/www.moskito.cz\/fr\/wp-json\/wp\/v2\/media\/349934"}],"wp:attachment":[{"href":"https:\/\/www.moskito.cz\/fr\/wp-json\/wp\/v2\/media?parent=349921"}],"wp:term":[{"taxonomy":"pwb-brand","embeddable":true,"href":"https:\/\/www.moskito.cz\/fr\/wp-json\/wp\/v2\/pwb-brand?post=349921"},{"taxonomy":"product_brand","embeddable":true,"href":"https:\/\/www.moskito.cz\/fr\/wp-json\/wp\/v2\/product_brand?post=349921"},{"taxonomy":"product_cat","embeddable":true,"href":"https:\/\/www.moskito.cz\/fr\/wp-json\/wp\/v2\/product_cat?post=349921"},{"taxonomy":"product_tag","embeddable":true,"href":"https:\/\/www.moskito.cz\/fr\/wp-json\/wp\/v2\/product_tag?post=349921"}],"curies":[{"name":"wp","href":"https:\/\/api.w.org\/{rel}","templated":true}]}}