{"id":350037,"date":"2022-04-27T21:41:21","date_gmt":"2024-07-08T09:49:22","guid":{"rendered":"https:\/\/www.moskito.cz\/produkt\/aiguiseur-de-comptoir-sog\/"},"modified":"2025-05-07T11:20:03","modified_gmt":"2025-05-07T10:20:03","slug":"aiguiseur-de-comptoir-sog","status":"publish","type":"product","link":"https:\/\/www.moskito.cz\/fr\/produkt\/aiguiseur-de-comptoir-sog\/","title":{"rendered":"AIGUISEUR DE COMPTOIR SOG"},"content":{"rendered":"<p>AIGUISEUR DE COMPTOIR <strong>SOG<\/strong> .<\/p>\n<p>D\u00e9sormais, SOG simplifie l&rsquo;aff\u00fbtage des couteaux avec la derni\u00e8re g\u00e9n\u00e9ration de l&rsquo;aff\u00fbteur de bureau SOG&nbsp;! Placez simplement l&rsquo;aff\u00fbteur de comptoir SOG sur n&rsquo;importe quelle surface plane et non poreuse, activez l&rsquo;aspiration et tirez les couteaux pour obtenir un bord tranchant comme un rasoir&nbsp;! Fonctionne sur tous les couteaux SOG.<\/p>\n<p>Laisse les couteaux avec un bord tranchant comme un rasoir. Petit et facile \u00e0 transporter. La technologie d&rsquo;aspiration fournit un minimum d&rsquo;effort.<\/p>\n<p>&nbsp;<\/p>\n<p>&nbsp;<\/p>\n","protected":false},"excerpt":{"rendered":"<p>Que vous prot\u00e9giez les autres ou meniez une exp\u00e9dition de chasse \u00e9pique, releviez l&rsquo;un des d\u00e9fis quotidiens de la vie ou affrontiez les conditions les plus extr\u00eames \u00e0 ce jour, faites votre chemin avec <strong>SOG<\/strong> .<\/p>\n<p><strong>Nous offrons une garantie \u00e0 vie sur tous les couteaux SOG&nbsp;!<\/strong><\/p>\n","protected":false},"featured_media":350040,"comment_status":"open","ping_status":"closed","template":"","meta":[],"pwb-brand":[3849],"product_brand":[],"product_cat":[3688],"product_tag":[3754],"class_list":{"0":"post-350037","1":"product","2":"type-product","3":"status-publish","4":"has-post-thumbnail","6":"pwb-brand-sog-fr","7":"product_cat-meules-et-aciers","8":"product_tag-b2b-fr","10":"first","11":"instock","12":"taxable","13":"shipping-taxable","14":"purchasable","15":"product-type-simple"},"brands":[{"id":3849,"name":"SOG","slug":"sog-fr"}],"_links":{"self":[{"href":"https:\/\/www.moskito.cz\/fr\/wp-json\/wp\/v2\/product\/350037","targetHints":{"allow":["GET"]}}],"collection":[{"href":"https:\/\/www.moskito.cz\/fr\/wp-json\/wp\/v2\/product"}],"about":[{"href":"https:\/\/www.moskito.cz\/fr\/wp-json\/wp\/v2\/types\/product"}],"replies":[{"embeddable":true,"href":"https:\/\/www.moskito.cz\/fr\/wp-json\/wp\/v2\/comments?post=350037"}],"wp:featuredmedia":[{"embeddable":true,"href":"https:\/\/www.moskito.cz\/fr\/wp-json\/wp\/v2\/media\/350040"}],"wp:attachment":[{"href":"https:\/\/www.moskito.cz\/fr\/wp-json\/wp\/v2\/media?parent=350037"}],"wp:term":[{"taxonomy":"pwb-brand","embeddable":true,"href":"https:\/\/www.moskito.cz\/fr\/wp-json\/wp\/v2\/pwb-brand?post=350037"},{"taxonomy":"product_brand","embeddable":true,"href":"https:\/\/www.moskito.cz\/fr\/wp-json\/wp\/v2\/product_brand?post=350037"},{"taxonomy":"product_cat","embeddable":true,"href":"https:\/\/www.moskito.cz\/fr\/wp-json\/wp\/v2\/product_cat?post=350037"},{"taxonomy":"product_tag","embeddable":true,"href":"https:\/\/www.moskito.cz\/fr\/wp-json\/wp\/v2\/product_tag?post=350037"}],"curies":[{"name":"wp","href":"https:\/\/api.w.org\/{rel}","templated":true}]}}