{"id":350136,"date":"2024-07-08T20:50:33","date_gmt":"2024-07-08T19:50:33","guid":{"rendered":"https:\/\/www.moskito.cz\/produkt\/couteau-de-fermeture-microtech-stitch-169rl-1flgtbk\/"},"modified":"2025-05-07T11:20:05","modified_gmt":"2025-05-07T10:20:05","slug":"couteau-de-fermeture-microtech-stitch-169rl-1flgtbk","status":"publish","type":"product","link":"https:\/\/www.moskito.cz\/fr\/produkt\/couteau-de-fermeture-microtech-stitch-169rl-1flgtbk\/","title":{"rendered":"Couteau de fermeture Microtech Stitch 169RL-1FLGTBK"},"content":{"rendered":"<p>Couteau de fermeture <strong>Microtech<\/strong> Stitch 169RL-1FLGTBK.<\/p>\n<p>Sorti en 2023, <strong>Stitch<\/strong> RAM-LOK a fait ses d\u00e9buts avec MSI (Microtech Standard issue) en tant que premi\u00e8re lame <strong>Microtech<\/strong> \u00e0 disposer de la fantastique technologie RAM-LOK. Ce verrou de tableau arri\u00e8re au look dur pr\u00e9sente le motif de marche Microtech rendu c\u00e9l\u00e8bre par la s\u00e9rie d&rsquo;interrupteurs de commande Ultratech. La grande d\u00e9coupe de la lame offre suffisamment d&rsquo;espace pour un \u00e9lan arri\u00e8re du majeur ainsi qu&rsquo;une ouverture lente standard du pouce avec ou sans gants. Si vous n&rsquo;\u00eates pas \u00e0 l&rsquo;aise avec l&rsquo;un ou l&rsquo;autre, tirez simplement sur le RAM-LOK et la lame s&rsquo;ouvre d&rsquo;un simple mouvement du poignet. Les poign\u00e9es G10 sont lisses et l\u00e9g\u00e8rement collantes et offrent un grand potentiel d&rsquo;adh\u00e9rence en poign\u00e9es standard et invers\u00e9es. Robuste, durable et fabriqu\u00e9 aux \u00c9tats-Unis ; nous savons que MSI deviendra rapidement un favori parmi tous les membres de la communaut\u00e9 des couteaux.<\/p>\n<p>Le Microtech Stitch est une belle collaboration tactique entre Tony Marfione et Sebastijan Berenji, \u00e9galement connu sous le nom de Borka. Il reprend l&rsquo;incroyable design Stitch de Sebastijan et le combine avec l&rsquo;incroyable m\u00e9canique d&rsquo;ouverture de Tony pour cr\u00e9er l&rsquo;une des collaborations de production les plus \u00e9tonnantes de tous les temps. La lame \u00e0 pointe de lance de 3,625&nbsp;pouces pr\u00e9sente un sol plat et une rainure pour les doigts et le pouce pour une prise sup\u00e9rieure lors de t\u00e2ches de coupe plus fines.<\/p>\n<p>Caract\u00e9ristiques:<br \/>\nLongueur totale : 21,7 cm<br \/>\nLongueur de la lame : 9,4 cm<br \/>\n\u00c9paisseur de la lame : 0,4 cm<br \/>\nAcier de la lame : acier inoxydable Bohler M390MK<br \/>\nStyle de lame&nbsp;: pointe de lance<br \/>\nMeulage de la lame&nbsp;:&nbsp;Plat<br \/>\nFinition de la lame : noir<br \/>\nMat\u00e9riau du manche : G10 rainur\u00e9 noir<br \/>\nMat\u00e9riau de l&rsquo;insert&nbsp;: Acier inoxydable<br \/>\nM\u00e9canisme de verrouillage : RAM-LOK<br \/>\nClip de poche : Acier inoxydable (pliable, usure droite)<br \/>\nPoids : 5,22 onces.<br \/>\nCr\u00e9ateurs : Sebastijan Berenji et Tony Marfione<br \/>\nFabriqu\u00e9 aux \u00c9tats-Unis<\/p>\n<p><iframe title=\"Microtech Combat Troodon Torture Test\" width=\"800\" height=\"450\" src=\"https:\/\/www.youtube.com\/embed\/xE9TeOFYEjg?feature=oembed\" frameborder=\"0\" allow=\"accelerometer; autoplay; clipboard-write; encrypted-media; gyroscope; picture-in-picture; web-share\" referrerpolicy=\"strict-origin-when-cross-origin\" allowfullscreen><\/iframe><\/p>\n<p>&nbsp;<\/p>\n","protected":false},"excerpt":{"rendered":"<p><strong>Au fil des ann\u00e9es, Microtech\u00ae Knives a rempli les couteaux avec passion et comp\u00e9tence pour cr\u00e9er presque des \u0153uvres d&rsquo;art qui sont le summum de la fonctionnalit\u00e9. Toutes les pi\u00e8ces sont fabriqu\u00e9es aux \u00c9tats-Unis.<\/strong><br \/>\n<strong>Tous les couteaux Microtech sont garantis \u00e0 vie.<\/strong><\/p>\n<p><strong>Transports gratuits.<\/strong><\/p>\n","protected":false},"featured_media":350085,"comment_status":"open","ping_status":"closed","template":"","meta":[],"pwb-brand":[3751],"product_brand":[],"product_cat":[3700,3696],"product_tag":[3754],"class_list":{"0":"post-350136","1":"product","2":"type-product","3":"status-publish","4":"has-post-thumbnail","6":"pwb-brand-microtechnologie","7":"product_cat-couteaux-de-fermeture","8":"product_cat-des-couteaux","9":"product_tag-b2b-fr","11":"first","12":"outofstock","13":"taxable","14":"shipping-taxable","15":"purchasable","16":"product-type-simple"},"brands":[{"id":3751,"name":"Microtechnologie","slug":"microtechnologie"}],"_links":{"self":[{"href":"https:\/\/www.moskito.cz\/fr\/wp-json\/wp\/v2\/product\/350136","targetHints":{"allow":["GET"]}}],"collection":[{"href":"https:\/\/www.moskito.cz\/fr\/wp-json\/wp\/v2\/product"}],"about":[{"href":"https:\/\/www.moskito.cz\/fr\/wp-json\/wp\/v2\/types\/product"}],"replies":[{"embeddable":true,"href":"https:\/\/www.moskito.cz\/fr\/wp-json\/wp\/v2\/comments?post=350136"}],"wp:featuredmedia":[{"embeddable":true,"href":"https:\/\/www.moskito.cz\/fr\/wp-json\/wp\/v2\/media\/350085"}],"wp:attachment":[{"href":"https:\/\/www.moskito.cz\/fr\/wp-json\/wp\/v2\/media?parent=350136"}],"wp:term":[{"taxonomy":"pwb-brand","embeddable":true,"href":"https:\/\/www.moskito.cz\/fr\/wp-json\/wp\/v2\/pwb-brand?post=350136"},{"taxonomy":"product_brand","embeddable":true,"href":"https:\/\/www.moskito.cz\/fr\/wp-json\/wp\/v2\/product_brand?post=350136"},{"taxonomy":"product_cat","embeddable":true,"href":"https:\/\/www.moskito.cz\/fr\/wp-json\/wp\/v2\/product_cat?post=350136"},{"taxonomy":"product_tag","embeddable":true,"href":"https:\/\/www.moskito.cz\/fr\/wp-json\/wp\/v2\/product_tag?post=350136"}],"curies":[{"name":"wp","href":"https:\/\/api.w.org\/{rel}","templated":true}]}}