{"id":350233,"date":"2024-07-10T07:17:13","date_gmt":"2024-07-10T06:18:01","guid":{"rendered":"https:\/\/www.moskito.cz\/produkt\/couteau-de-fermeture-muela-navalia-10m-b\/"},"modified":"2025-05-07T11:20:07","modified_gmt":"2025-05-07T10:20:07","slug":"couteau-de-fermeture-muela-navalia-10m-b","status":"publish","type":"product","link":"https:\/\/www.moskito.cz\/fr\/produkt\/couteau-de-fermeture-muela-navalia-10m-b\/","title":{"rendered":"Couteau de fermeture Muela NAVALIA-10M.B"},"content":{"rendered":"<p>Couteau de fermeture <strong>Muela<\/strong> NAVALIA-10M.B<\/p>\n<p>Couteau de poche Le couteau pliant Navalia-10M.B Muela est un couteau de poche espagnol exceptionnel dot\u00e9 d&rsquo;un manche en Micarta.<\/p>\n<p>Ce couteau de poche est tr\u00e8s polyvalent, offrant une portabilit\u00e9 et une ouverture rapide de la lame, ce qui le rend id\u00e9al pour un large \u00e9ventail d&rsquo;applications, y compris les situations de survie.<\/p>\n<p>Sa fonction pliable permet un transport pratique et s\u00fbr et assure la protection de la lame.<\/p>\n<p>Le manche du couteau pliant Muela Navalia-10M.B est en Micarta, un mat\u00e9riau compos\u00e9 de tissus impr\u00e9gn\u00e9s de r\u00e9sine, expos\u00e9s \u00e0 des pressions et des temp\u00e9ratures \u00e9lev\u00e9es, ce qui donne un mat\u00e9riau dur, dense et durable pour une utilisation extr\u00eame.<\/p>\n<p>La lame est en X50CrMoV15 \u00ab\u00a0MOVA\u00a0\u00bb (1.4116), un mat\u00e9riau classique des couteaux et couteaux de poche Muela, connu pour son excellente combinaison de molybd\u00e8ne et de vanadium, offrant une duret\u00e9 et une r\u00e9sistance \u00e0 la corrosion remarquables.<\/p>\n<p>Muela a une tradition de production de couteaux, couteaux de poche et rasoirs exclusifs en Espagne depuis 1950 et est une r\u00e9f\u00e9rence mondiale dans le domaine de la coutellerie.<\/p>\n<p>Avec des mat\u00e9riaux sp\u00e9cialement s\u00e9lectionn\u00e9s tels que l&rsquo;acier martensitique dans les lames et m\u00eame le bois de cerf dans certains mod\u00e8les, ses pi\u00e8ces sont soigneusement sculpt\u00e9es et finies, alliant technologie moderne et techniques artisanales.<\/p>\n<p>Chaque produit est remis \u00e0 des couteliers experts qui effectuent une finition artisanale, notamment l&rsquo;aff\u00fbtage, le polissage et un contr\u00f4le qualit\u00e9 rigoureux.<\/p>\n<p>&nbsp;<\/p>\n<p>Description technique<\/p>\n<p>Code : NAVALIA-10M.B<\/p>\n<p>Longueur totale : 21 cm<\/p>\n<p>Mod\u00e8le : Couteau de poche Navalia-10M.B<\/p>\n<p>Mat\u00e9riau du manche : Micarta<\/p>\n<p>Mat\u00e9riau de la lame : 1.4116<\/p>\n<p>Longueur de la lame : 10 cm<\/p>\n<p>Duret\u00e9 de l&rsquo;acier : 56 \u2013 58 HRC<\/p>\n<p>Poids : 125g<\/p>\n<p>&nbsp;<\/p>\n","protected":false},"excerpt":{"rendered":"<p><strong>Couteau de poche Le couteau pliant Navalia-10M.B Muela est un couteau de poche espagnol exceptionnel dot\u00e9 d&rsquo;un manche en Micarta.<\/strong><\/p>\n","protected":false},"featured_media":350208,"comment_status":"open","ping_status":"closed","template":"","meta":[],"pwb-brand":[3909],"product_brand":[],"product_cat":[3700,3696],"product_tag":[3754],"class_list":{"0":"post-350233","1":"product","2":"type-product","3":"status-publish","4":"has-post-thumbnail","6":"pwb-brand-elle-a-du","7":"product_cat-couteaux-de-fermeture","8":"product_cat-des-couteaux","9":"product_tag-b2b-fr","11":"first","12":"outofstock","13":"taxable","14":"shipping-taxable","15":"purchasable","16":"product-type-simple"},"brands":[{"id":3909,"name":"Elle a d\u00fb","slug":"elle-a-du"}],"_links":{"self":[{"href":"https:\/\/www.moskito.cz\/fr\/wp-json\/wp\/v2\/product\/350233","targetHints":{"allow":["GET"]}}],"collection":[{"href":"https:\/\/www.moskito.cz\/fr\/wp-json\/wp\/v2\/product"}],"about":[{"href":"https:\/\/www.moskito.cz\/fr\/wp-json\/wp\/v2\/types\/product"}],"replies":[{"embeddable":true,"href":"https:\/\/www.moskito.cz\/fr\/wp-json\/wp\/v2\/comments?post=350233"}],"wp:featuredmedia":[{"embeddable":true,"href":"https:\/\/www.moskito.cz\/fr\/wp-json\/wp\/v2\/media\/350208"}],"wp:attachment":[{"href":"https:\/\/www.moskito.cz\/fr\/wp-json\/wp\/v2\/media?parent=350233"}],"wp:term":[{"taxonomy":"pwb-brand","embeddable":true,"href":"https:\/\/www.moskito.cz\/fr\/wp-json\/wp\/v2\/pwb-brand?post=350233"},{"taxonomy":"product_brand","embeddable":true,"href":"https:\/\/www.moskito.cz\/fr\/wp-json\/wp\/v2\/product_brand?post=350233"},{"taxonomy":"product_cat","embeddable":true,"href":"https:\/\/www.moskito.cz\/fr\/wp-json\/wp\/v2\/product_cat?post=350233"},{"taxonomy":"product_tag","embeddable":true,"href":"https:\/\/www.moskito.cz\/fr\/wp-json\/wp\/v2\/product_tag?post=350233"}],"curies":[{"name":"wp","href":"https:\/\/api.w.org\/{rel}","templated":true}]}}