{"id":350271,"date":"2024-07-10T07:50:11","date_gmt":"2024-07-10T06:50:52","guid":{"rendered":"https:\/\/www.moskito.cz\/produkt\/couteau-de-fermeture-muela-p-8nl\/"},"modified":"2025-05-07T11:20:08","modified_gmt":"2025-05-07T10:20:08","slug":"couteau-de-fermeture-muela-p-8nl","status":"publish","type":"product","link":"https:\/\/www.moskito.cz\/fr\/produkt\/couteau-de-fermeture-muela-p-8nl\/","title":{"rendered":"Couteau de fermeture Muela P-8NL"},"content":{"rendered":"<p>Couteau de fermeture <strong>Muela<\/strong> P-8NL.<\/p>\n<p>Couteau pliant artisanal P-8NL &#8211; couteau pliant l\u00e9ger et classique de Muel. La lame est en acier molybd\u00e8ne-vanadium MoVa. Le manche en palissandre (id\u00e9al pour un couteau utilitaire) facilite le maintien du couteau propre. Le couteau parfait pour les amateurs de design classique, parfait comme EDC au quotidien.<\/p>\n<p>Lame &#8211; tr\u00e8s tranchante avec profil Drop Point modifi\u00e9, \u00e9paisseur 2,4 mm, durcie dans la plage de 57-58 HRC. Fabriqu\u00e9 en acier inoxydable molybd\u00e8ne-vanadium durable X50CrMoV15. Finition satin\u00e9e (semi-mate) qui \u00e9limine l&rsquo;\u00e9blouissement. La lame lisse du type Plain pr\u00e9sente une \u00e9mouture concave (Hollow Grind) qui, en combinaison avec la l\u00e9g\u00e8re \u00e9paisseur de la lame, garantit des propri\u00e9t\u00e9s de coupe sup\u00e9rieures \u00e0 la moyenne.<\/p>\n<p>Manche &#8211; placage brun profil\u00e9 en bois de rose exotique dur (palissandre d&rsquo;Amazonas)<\/p>\n<p>Donn\u00e9es techniques:<br \/>\nNum\u00e9ro de produit: P-8NL<br \/>\nType d&rsquo;acier : X50CrMoV15<br \/>\nLongueur de la lame : 8,5 cm \/ 3,35<br \/>\n\u00c9paisseur de la lame : 0,24 cm \/ 0,15<br \/>\nLongueur totale : 18,6 cm \/ 7,32<br \/>\nPoids&nbsp;: 73 g \/ 2,53 oz<br \/>\nLame&nbsp;: Commune<br \/>\nType de lame&nbsp;:&nbsp;pointe de chute<br \/>\nType de coupe&nbsp;: Concave<br \/>\nMat\u00e9riau du manche : Palissandre (palissandre d&rsquo;Amazonas)<br \/>\nFabricant : Muela, Espagne<\/p>\n<p>&nbsp;<\/p>\n","protected":false},"excerpt":{"rendered":"<p><strong>Couteau pliant de poche Muela P-8NL \u00c9l\u00e9gant couteau pliant de poche Muela P 8 NL avec manches en palissandre.<\/strong><\/p>\n","protected":false},"featured_media":350241,"comment_status":"open","ping_status":"closed","template":"","meta":[],"pwb-brand":[3909],"product_brand":[],"product_cat":[3700,3696],"product_tag":[3754],"class_list":{"0":"post-350271","1":"product","2":"type-product","3":"status-publish","4":"has-post-thumbnail","6":"pwb-brand-elle-a-du","7":"product_cat-couteaux-de-fermeture","8":"product_cat-des-couteaux","9":"product_tag-b2b-fr","11":"first","12":"instock","13":"taxable","14":"shipping-taxable","15":"purchasable","16":"product-type-simple"},"brands":[{"id":3909,"name":"Elle a d\u00fb","slug":"elle-a-du"}],"_links":{"self":[{"href":"https:\/\/www.moskito.cz\/fr\/wp-json\/wp\/v2\/product\/350271","targetHints":{"allow":["GET"]}}],"collection":[{"href":"https:\/\/www.moskito.cz\/fr\/wp-json\/wp\/v2\/product"}],"about":[{"href":"https:\/\/www.moskito.cz\/fr\/wp-json\/wp\/v2\/types\/product"}],"replies":[{"embeddable":true,"href":"https:\/\/www.moskito.cz\/fr\/wp-json\/wp\/v2\/comments?post=350271"}],"wp:featuredmedia":[{"embeddable":true,"href":"https:\/\/www.moskito.cz\/fr\/wp-json\/wp\/v2\/media\/350241"}],"wp:attachment":[{"href":"https:\/\/www.moskito.cz\/fr\/wp-json\/wp\/v2\/media?parent=350271"}],"wp:term":[{"taxonomy":"pwb-brand","embeddable":true,"href":"https:\/\/www.moskito.cz\/fr\/wp-json\/wp\/v2\/pwb-brand?post=350271"},{"taxonomy":"product_brand","embeddable":true,"href":"https:\/\/www.moskito.cz\/fr\/wp-json\/wp\/v2\/product_brand?post=350271"},{"taxonomy":"product_cat","embeddable":true,"href":"https:\/\/www.moskito.cz\/fr\/wp-json\/wp\/v2\/product_cat?post=350271"},{"taxonomy":"product_tag","embeddable":true,"href":"https:\/\/www.moskito.cz\/fr\/wp-json\/wp\/v2\/product_tag?post=350271"}],"curies":[{"name":"wp","href":"https:\/\/api.w.org\/{rel}","templated":true}]}}