{"id":350312,"date":"2024-07-10T08:07:15","date_gmt":"2024-07-10T07:08:12","guid":{"rendered":"https:\/\/www.moskito.cz\/produkt\/couteau-de-fermeture-muela-p-8-ol\/"},"modified":"2025-05-07T11:20:10","modified_gmt":"2025-05-07T10:20:10","slug":"couteau-de-fermeture-muela-p-8-ol","status":"publish","type":"product","link":"https:\/\/www.moskito.cz\/fr\/produkt\/couteau-de-fermeture-muela-p-8-ol\/","title":{"rendered":"Couteau de fermeture Muela P-8.OL"},"content":{"rendered":"<p>Couteau de fermeture <strong>Muela<\/strong> P-8.OL<\/p>\n<p>Un couteau de poche pliant de la soci\u00e9t\u00e9 espagnole Muela, au design simple et \u00e9l\u00e9gant. La lame est fabriqu\u00e9e en acier au molybd\u00e8ne vanadium de qualit\u00e9 avec une duret\u00e9 de 57 \u00e0 61 HRC. Les accessoires sont en m\u00e9tal et poss\u00e8dent des poign\u00e9es en bois d&rsquo;olivier. La lame est fix\u00e9e \u00e0 l&rsquo;\u00e9tat ouvert et ferm\u00e9 par la pression du stylo dorsal, le couteau ne poss\u00e8de aucun autre dispositif de s\u00e9curit\u00e9. Un couteau de tr\u00e8s belle facture pour un usage quotidien.<\/p>\n<p>Forme de la lame : pointe de chute<\/p>\n<p>Couleur de la lame : argent classique<\/p>\n<p>Manche : bois<\/p>\n<p>Clip: non<\/p>\n<p>Longueur de la lame : 8 cm<\/p>\n<p>Longueur du manche : 10,5 cm<\/p>\n<p>Longueur totale : 18,5 cm<\/p>\n<p>Poids du couteau (g) \u200b\u200b: 70<\/p>\n<p>&nbsp;<\/p>\n","protected":false},"excerpt":{"rendered":"<p><strong>Un couteau de poche pliant de la soci\u00e9t\u00e9 espagnole Muela, au design simple et \u00e9l\u00e9gant.<\/strong><\/p>\n","protected":false},"featured_media":350305,"comment_status":"open","ping_status":"closed","template":"","meta":[],"pwb-brand":[3909],"product_brand":[],"product_cat":[3700,3696],"product_tag":[3754],"class_list":{"0":"post-350312","1":"product","2":"type-product","3":"status-publish","4":"has-post-thumbnail","6":"pwb-brand-elle-a-du","7":"product_cat-couteaux-de-fermeture","8":"product_cat-des-couteaux","9":"product_tag-b2b-fr","11":"first","12":"instock","13":"taxable","14":"shipping-taxable","15":"purchasable","16":"product-type-simple"},"brands":[{"id":3909,"name":"Elle a d\u00fb","slug":"elle-a-du"}],"_links":{"self":[{"href":"https:\/\/www.moskito.cz\/fr\/wp-json\/wp\/v2\/product\/350312","targetHints":{"allow":["GET"]}}],"collection":[{"href":"https:\/\/www.moskito.cz\/fr\/wp-json\/wp\/v2\/product"}],"about":[{"href":"https:\/\/www.moskito.cz\/fr\/wp-json\/wp\/v2\/types\/product"}],"replies":[{"embeddable":true,"href":"https:\/\/www.moskito.cz\/fr\/wp-json\/wp\/v2\/comments?post=350312"}],"wp:featuredmedia":[{"embeddable":true,"href":"https:\/\/www.moskito.cz\/fr\/wp-json\/wp\/v2\/media\/350305"}],"wp:attachment":[{"href":"https:\/\/www.moskito.cz\/fr\/wp-json\/wp\/v2\/media?parent=350312"}],"wp:term":[{"taxonomy":"pwb-brand","embeddable":true,"href":"https:\/\/www.moskito.cz\/fr\/wp-json\/wp\/v2\/pwb-brand?post=350312"},{"taxonomy":"product_brand","embeddable":true,"href":"https:\/\/www.moskito.cz\/fr\/wp-json\/wp\/v2\/product_brand?post=350312"},{"taxonomy":"product_cat","embeddable":true,"href":"https:\/\/www.moskito.cz\/fr\/wp-json\/wp\/v2\/product_cat?post=350312"},{"taxonomy":"product_tag","embeddable":true,"href":"https:\/\/www.moskito.cz\/fr\/wp-json\/wp\/v2\/product_tag?post=350312"}],"curies":[{"name":"wp","href":"https:\/\/api.w.org\/{rel}","templated":true}]}}