{"id":350329,"date":"2024-07-10T08:18:58","date_gmt":"2024-07-10T07:19:35","guid":{"rendered":"https:\/\/www.moskito.cz\/produkt\/couteau-de-fermeture-muela-naval-10m-ol\/"},"modified":"2025-05-07T11:20:11","modified_gmt":"2025-05-07T10:20:11","slug":"couteau-de-fermeture-muela-naval-10m-ol","status":"publish","type":"product","link":"https:\/\/www.moskito.cz\/fr\/produkt\/couteau-de-fermeture-muela-naval-10m-ol\/","title":{"rendered":"Couteau de fermeture Muela NAVAL-10M.OL"},"content":{"rendered":"<p>Couteau de fermeture <strong>Muela<\/strong> NAVAL-10M.OL<\/p>\n<p>D\u00e9couvrez le couteau de poche NAVAL-10M.OL de Muel, un authentique joyau de la marque espagnole leader dans le domaine des couteaux artisanaux et des couteaux pliants ! Avec son design exceptionnel et ses fonctionnalit\u00e9s haut de gamme, ce couteau s&rsquo;impose comme un outil incontournable.<\/p>\n<p>Manche en Micarta noir et \u00e9cailles en bois d&rsquo;olivier : le manche de 115 mm est habilement fabriqu\u00e9 \u00e0 partir de Micarta noir et offre une prise s\u00fbre et confortable dans toutes les situations. Les \u00e9cailles en bois d&rsquo;olivier lui conf\u00e8rent non seulement un aspect charmant, mais aussi une durabilit\u00e9 exceptionnelle.<br \/>\nLame de pr\u00e9cision : La lame de 100 mm est un chef-d&rsquo;\u0153uvre de pr\u00e9cision, con\u00e7ue sous la forme d&rsquo;une lame de lame qui assure d&rsquo;excellentes performances. Fabriqu\u00e9 en acier X50CrMoV15 (MOVA), il r\u00e9siste \u00e0 la corrosion et conserve longtemps son tranchant.<br \/>\nM\u00e9canisme de verrouillage arri\u00e8re : \u00c9quip\u00e9 d&rsquo;un m\u00e9canisme de verrouillage arri\u00e8re, vous pouvez \u00e0 tout moment faire confiance \u00e0 la s\u00e9curit\u00e9 et \u00e0 la facilit\u00e9 d&rsquo;utilisation de ce couteau.<br \/>\nComprend une scie : ce couteau va encore plus loin en proposant une scie sur le dessus de la lame, ajoutant de la polyvalence \u00e0 vos activit\u00e9s de plein air.<br \/>\nFabriqu\u00e9 en Espagne : Fabriqu\u00e9 en Espagne, ce couteau porte en son c\u0153ur la tradition espagnole de qualit\u00e9 et de savoir-faire.<\/p>\n<p>Pourquoi choisir Muela Muela est une marque qui excelle depuis des d\u00e9cennies dans la production de couteaux artisanaux et de couteaux de poche de haute qualit\u00e9. Leur engagement envers l\u2019excellence se refl\u00e8te dans chaque d\u00e9tail de leurs produits. En plus de la fonctionnalit\u00e9 et de la durabilit\u00e9 qu&rsquo;ils offrent, Muela inclut \u00e9galement des \u00e9l\u00e9ments de distinction tels que l&rsquo;acier Damas et les bois exotiques qui font de leurs couteaux des pi\u00e8ces uniques et exclusives.<\/p>\n<p>Des bois de cerf aux bois de grande valeur, Muela est fi\u00e8re de proposer des designs \u00e0 la fois contemporains et classiques, pr\u00e9servant ainsi la tradition artisanale espagnole. Le couteau de poche NAVAL-10M.OL est un exemple clair de l&rsquo;engagement de Muela envers la qualit\u00e9 et le savoir-faire, et un choix qui ne vous d\u00e9cevra pas.<\/p>\n<p>Mat\u00e9riau de la lame&nbsp;: X50CrMoV15<br \/>\nMat\u00e9riau du manche : Bois<br \/>\nLongueur de la lame : 10 cm<br \/>\nLongueur totale : 21,5 cm<br \/>\nLongueur du manche : 11,5 cm<br \/>\nPoids : 120g<br \/>\nType de lame&nbsp;:&nbsp;pointe de chute<\/p>\n<p>&nbsp;<\/p>\n","protected":false},"excerpt":{"rendered":"<p><strong>D\u00e9couvrez le couteau de poche NAVAL-10M.OL de Muel, un authentique joyau de la marque espagnole leader dans le domaine des couteaux artisanaux et des couteaux pliants ! Avec son design exceptionnel et ses fonctionnalit\u00e9s haut de gamme, ce couteau s&rsquo;impose comme un outil incontournable.<\/strong><\/p>\n","protected":false},"featured_media":350321,"comment_status":"open","ping_status":"closed","template":"","meta":[],"pwb-brand":[3909],"product_brand":[],"product_cat":[3700,3696],"product_tag":[3754],"class_list":{"0":"post-350329","1":"product","2":"type-product","3":"status-publish","4":"has-post-thumbnail","6":"pwb-brand-elle-a-du","7":"product_cat-couteaux-de-fermeture","8":"product_cat-des-couteaux","9":"product_tag-b2b-fr","11":"first","12":"outofstock","13":"taxable","14":"shipping-taxable","15":"purchasable","16":"product-type-simple"},"brands":[{"id":3909,"name":"Elle a d\u00fb","slug":"elle-a-du"}],"_links":{"self":[{"href":"https:\/\/www.moskito.cz\/fr\/wp-json\/wp\/v2\/product\/350329","targetHints":{"allow":["GET"]}}],"collection":[{"href":"https:\/\/www.moskito.cz\/fr\/wp-json\/wp\/v2\/product"}],"about":[{"href":"https:\/\/www.moskito.cz\/fr\/wp-json\/wp\/v2\/types\/product"}],"replies":[{"embeddable":true,"href":"https:\/\/www.moskito.cz\/fr\/wp-json\/wp\/v2\/comments?post=350329"}],"wp:featuredmedia":[{"embeddable":true,"href":"https:\/\/www.moskito.cz\/fr\/wp-json\/wp\/v2\/media\/350321"}],"wp:attachment":[{"href":"https:\/\/www.moskito.cz\/fr\/wp-json\/wp\/v2\/media?parent=350329"}],"wp:term":[{"taxonomy":"pwb-brand","embeddable":true,"href":"https:\/\/www.moskito.cz\/fr\/wp-json\/wp\/v2\/pwb-brand?post=350329"},{"taxonomy":"product_brand","embeddable":true,"href":"https:\/\/www.moskito.cz\/fr\/wp-json\/wp\/v2\/product_brand?post=350329"},{"taxonomy":"product_cat","embeddable":true,"href":"https:\/\/www.moskito.cz\/fr\/wp-json\/wp\/v2\/product_cat?post=350329"},{"taxonomy":"product_tag","embeddable":true,"href":"https:\/\/www.moskito.cz\/fr\/wp-json\/wp\/v2\/product_tag?post=350329"}],"curies":[{"name":"wp","href":"https:\/\/api.w.org\/{rel}","templated":true}]}}