{"id":350385,"date":"2024-07-10T09:15:00","date_gmt":"2024-07-10T08:17:26","guid":{"rendered":"https:\/\/www.moskito.cz\/produkt\/couteau-de-fermeture-muela-avec-etui-pq-9-ol\/"},"modified":"2025-05-07T11:20:15","modified_gmt":"2025-05-07T10:20:15","slug":"couteau-de-fermeture-muela-avec-etui-pq-9-ol","status":"publish","type":"product","link":"https:\/\/www.moskito.cz\/fr\/produkt\/couteau-de-fermeture-muela-avec-etui-pq-9-ol\/","title":{"rendered":"Couteau de fermeture Muela avec \u00e9tui PQ-9.OL"},"content":{"rendered":"<p>Couteau pliant <strong>Muela<\/strong> avec \u00e9tui PQ-9.OL<\/p>\n<p>Couteau de poche fabriqu\u00e9 en Espagne par MUELA avec lame et syst\u00e8me de verrouillage en acier inoxydable Mova, manche en maillechort et bois d&rsquo;olivier.<\/p>\n<p>Fabriqu\u00e9 en Espagne.<br \/>\nType de lame : Chasse.<br \/>\nLongueur de la lame : 10 cm.<br \/>\nLongueur totale : 21,5 cm.<br \/>\n\u00c9paisseur de la lame : 2 mm.<br \/>\nOuverture : manuelle.<br \/>\nMat\u00e9riau de la lame : acier MoVa.<br \/>\nType de serrure : billette.<br \/>\nDuret\u00e9 : 58 HRc.<br \/>\nMat\u00e9riau du manche : Bois d&rsquo;olivier naturel.<br \/>\nPoids : 105 gr.<br \/>\nMat\u00e9riau de la housse : Cordura.<br \/>\nStyle de lame : pointe de clip.<br \/>\nMod\u00e8le de mise au point&nbsp;: droit.<br \/>\nTraitement de surface de la lame : satin\u00e9.<br \/>\nType de bord : Plat.<br \/>\nLongueur du manche : 11,5 cm.<br \/>\nCouleur du manche : Bicolore.<\/p>\n<p>&nbsp;<\/p>\n<p>&nbsp;<\/p>\n<p>&nbsp;<\/p>\n","protected":false},"excerpt":{"rendered":"<p><strong>Magnifique couteau pliant mince Muela PQ 9 OL, avec ferrure en alpaga, manches en bois d&rsquo;olivier, s\u00e9curit\u00e9 et \u00e9tui en nylon.<\/strong><\/p>\n","protected":false},"featured_media":350338,"comment_status":"open","ping_status":"closed","template":"","meta":[],"pwb-brand":[3909],"product_brand":[],"product_cat":[3700,3696],"product_tag":[3754],"class_list":{"0":"post-350385","1":"product","2":"type-product","3":"status-publish","4":"has-post-thumbnail","6":"pwb-brand-elle-a-du","7":"product_cat-couteaux-de-fermeture","8":"product_cat-des-couteaux","9":"product_tag-b2b-fr","11":"first","12":"instock","13":"taxable","14":"shipping-taxable","15":"purchasable","16":"product-type-simple"},"brands":[{"id":3909,"name":"Elle a d\u00fb","slug":"elle-a-du"}],"_links":{"self":[{"href":"https:\/\/www.moskito.cz\/fr\/wp-json\/wp\/v2\/product\/350385","targetHints":{"allow":["GET"]}}],"collection":[{"href":"https:\/\/www.moskito.cz\/fr\/wp-json\/wp\/v2\/product"}],"about":[{"href":"https:\/\/www.moskito.cz\/fr\/wp-json\/wp\/v2\/types\/product"}],"replies":[{"embeddable":true,"href":"https:\/\/www.moskito.cz\/fr\/wp-json\/wp\/v2\/comments?post=350385"}],"wp:featuredmedia":[{"embeddable":true,"href":"https:\/\/www.moskito.cz\/fr\/wp-json\/wp\/v2\/media\/350338"}],"wp:attachment":[{"href":"https:\/\/www.moskito.cz\/fr\/wp-json\/wp\/v2\/media?parent=350385"}],"wp:term":[{"taxonomy":"pwb-brand","embeddable":true,"href":"https:\/\/www.moskito.cz\/fr\/wp-json\/wp\/v2\/pwb-brand?post=350385"},{"taxonomy":"product_brand","embeddable":true,"href":"https:\/\/www.moskito.cz\/fr\/wp-json\/wp\/v2\/product_brand?post=350385"},{"taxonomy":"product_cat","embeddable":true,"href":"https:\/\/www.moskito.cz\/fr\/wp-json\/wp\/v2\/product_cat?post=350385"},{"taxonomy":"product_tag","embeddable":true,"href":"https:\/\/www.moskito.cz\/fr\/wp-json\/wp\/v2\/product_tag?post=350385"}],"curies":[{"name":"wp","href":"https:\/\/api.w.org\/{rel}","templated":true}]}}