{"id":350400,"date":"2024-07-10T09:27:45","date_gmt":"2024-07-10T08:32:57","guid":{"rendered":"https:\/\/www.moskito.cz\/produkt\/couteau-de-fermeture-muela-np-8-ol\/"},"modified":"2025-05-07T11:20:16","modified_gmt":"2025-05-07T10:20:16","slug":"couteau-de-fermeture-muela-np-8-ol","status":"publish","type":"product","link":"https:\/\/www.moskito.cz\/fr\/produkt\/couteau-de-fermeture-muela-np-8-ol\/","title":{"rendered":"Couteau de fermeture Muela NP-8.OL"},"content":{"rendered":"<p>Couteau de fermeture <strong>Muela<\/strong> NP-8.OL<\/p>\n<p>Faites votre promotion dans le monde de la chasse avec Navaja Caza et Campo de Muela, un chef-d&rsquo;\u0153uvre de la maison espagnole Muela. Fabriqu\u00e9 avec pr\u00e9cision et passion, ce couteau est devenu un symbole de l&rsquo;artisanat espagnol.<\/p>\n<p>Caract\u00e9ristiques exceptionnelles:<\/p>\n<p>Lame : Acier inoxydable MoVa X50CrMoV15 (8,5 cm, \u00e9paisseur 2 mm) avec Dureza 57-58 Hrc<br \/>\nSyst\u00e8me de fermeture : Vanne \u00e0 piston pour une s\u00e9curit\u00e9 et une facilit\u00e9 d&rsquo;utilisation maximales<br \/>\nManche : Fourchette en acier inoxydable en bois d&rsquo;olivier et grotte d\u00e9cor\u00e9e de papillon de nuit<br \/>\nSp\u00e9cifications : Longueur totale : 19,5 cm<\/p>\n<p>Chaque aspect de ce couteau a \u00e9t\u00e9 soigneusement con\u00e7u, de la lame en acier inoxydable de haute qualit\u00e9 au manche olive, qui offre non seulement une prise en main s\u00fbre, mais ajoute \u00e9galement une touche d&rsquo;\u00e9l\u00e9gance \u00e0 cet outil essentiel.<\/p>\n<p>D\u00e9couvrez l&rsquo;\u00e9quilibre parfait entre tradition et performance. Navaja Caza et Campo de Muela sont plus qu&rsquo;un simple outil ; est un symbole d\u2019engagement in\u00e9branlable envers la qualit\u00e9. Procurez-vous le v\u00f4tre et emportez avec vous l&rsquo;essence m\u00eame de l&rsquo;artisanat espagnol.<\/p>\n<p>&nbsp;<\/p>\n<p>&nbsp;<\/p>\n","protected":false},"excerpt":{"rendered":"<p><strong>D\u00e9couvrez l&rsquo;\u00e9quilibre parfait entre tradition et performance. Navaja Caza et Campo de Muela sont plus qu&rsquo;un simple outil ; est un symbole d\u2019engagement in\u00e9branlable envers la qualit\u00e9. Procurez-vous le v\u00f4tre et emportez avec vous l&rsquo;essence m\u00eame de l&rsquo;artisanat espagnol.<\/strong><\/p>\n","protected":false},"featured_media":350394,"comment_status":"open","ping_status":"closed","template":"","meta":[],"pwb-brand":[3909],"product_brand":[],"product_cat":[3700,3696],"product_tag":[3754],"class_list":{"0":"post-350400","1":"product","2":"type-product","3":"status-publish","4":"has-post-thumbnail","6":"pwb-brand-elle-a-du","7":"product_cat-couteaux-de-fermeture","8":"product_cat-des-couteaux","9":"product_tag-b2b-fr","11":"first","12":"outofstock","13":"taxable","14":"shipping-taxable","15":"purchasable","16":"product-type-simple"},"brands":[{"id":3909,"name":"Elle a d\u00fb","slug":"elle-a-du"}],"_links":{"self":[{"href":"https:\/\/www.moskito.cz\/fr\/wp-json\/wp\/v2\/product\/350400","targetHints":{"allow":["GET"]}}],"collection":[{"href":"https:\/\/www.moskito.cz\/fr\/wp-json\/wp\/v2\/product"}],"about":[{"href":"https:\/\/www.moskito.cz\/fr\/wp-json\/wp\/v2\/types\/product"}],"replies":[{"embeddable":true,"href":"https:\/\/www.moskito.cz\/fr\/wp-json\/wp\/v2\/comments?post=350400"}],"wp:featuredmedia":[{"embeddable":true,"href":"https:\/\/www.moskito.cz\/fr\/wp-json\/wp\/v2\/media\/350394"}],"wp:attachment":[{"href":"https:\/\/www.moskito.cz\/fr\/wp-json\/wp\/v2\/media?parent=350400"}],"wp:term":[{"taxonomy":"pwb-brand","embeddable":true,"href":"https:\/\/www.moskito.cz\/fr\/wp-json\/wp\/v2\/pwb-brand?post=350400"},{"taxonomy":"product_brand","embeddable":true,"href":"https:\/\/www.moskito.cz\/fr\/wp-json\/wp\/v2\/product_brand?post=350400"},{"taxonomy":"product_cat","embeddable":true,"href":"https:\/\/www.moskito.cz\/fr\/wp-json\/wp\/v2\/product_cat?post=350400"},{"taxonomy":"product_tag","embeddable":true,"href":"https:\/\/www.moskito.cz\/fr\/wp-json\/wp\/v2\/product_tag?post=350400"}],"curies":[{"name":"wp","href":"https:\/\/api.w.org\/{rel}","templated":true}]}}