{"id":350434,"date":"2024-07-10T09:44:05","date_gmt":"2024-07-10T08:45:33","guid":{"rendered":"https:\/\/www.moskito.cz\/produkt\/couteau-de-fermeture-muela-avec-etui-npq-8gr\/"},"modified":"2025-05-07T11:20:17","modified_gmt":"2025-05-07T10:20:17","slug":"couteau-de-fermeture-muela-avec-etui-npq-8gr","status":"publish","type":"product","link":"https:\/\/www.moskito.cz\/fr\/produkt\/couteau-de-fermeture-muela-avec-etui-npq-8gr\/","title":{"rendered":"Couteau de fermeture Muela avec \u00e9tui NPQ-8GR"},"content":{"rendered":"<p>Couteau de fermeture <strong>Muela<\/strong> avec \u00e9tui NPQ-8GR<\/p>\n<p><strong>Le couteau de poche Muela<\/strong> Folding Knife Type NPQ-8GR est un excellent couteau de poche, id\u00e9al pour les collectionneurs et les amateurs de couteaux. Le couteau de poche est un accessoire extr\u00eamement polyvalent, avec une plus grande portabilit\u00e9 et une ouverture rapide de la lame, id\u00e9al pour une vari\u00e9t\u00e9 de contextes avec de nombreuses utilisations, y compris la survie. Ils sont pliables, ce qui rend le transport facile et s\u00fbr car la lame est prot\u00e9g\u00e9e.<\/p>\n<p>Le manche du couteau de poche Muela Folding Knife NPQ-8GR est en bois de granadillo, un mat\u00e9riau et une r\u00e9sine naturels, expos\u00e9s \u00e0 des pressions et des temp\u00e9ratures \u00e9lev\u00e9es. Cela rend le bois plus dense, plus dur et plus r\u00e9sistant \u00e0 l\u2019eau.<\/p>\n<p>Sa lame est en X50CrMoV15 \u00ab\u00a0MOVA\u00a0\u00bb (1.4116), un mat\u00e9riau classique des couteaux et couteaux de poche Muela, qui est une excellente combinaison de molybd\u00e8ne et de vanadium pour former un acier avec une excellente duret\u00e9 et r\u00e9sistance \u00e0 la corrosion.<\/p>\n<p>Caract\u00e9ristiques techniques:<\/p>\n<p>Code : NPQ-8GR<br \/>\nMarque : Muela<br \/>\nMod\u00e8le : Couteau de poche NPQ-8GR<br \/>\nMat\u00e9riau du manche : Bois de Granadillo<br \/>\nMat\u00e9riau de la lame : 1.4116<br \/>\nLongueur de la lame : 8,5 cm<br \/>\nLongueur totale : 19,5 mm<br \/>\nDuret\u00e9 de l&rsquo;acier : 56 &#8211; 58 HRC<br \/>\nPoids : 100g<\/p>\n<p>&nbsp;<\/p>\n","protected":false},"excerpt":{"rendered":"<p><strong>Le couteau de poche Muela Folding Knife Type NPQ-8GR est un excellent couteau de poche, id\u00e9al pour les collectionneurs et les amateurs de couteaux.<\/strong><\/p>\n","protected":false},"featured_media":350418,"comment_status":"open","ping_status":"closed","template":"","meta":[],"pwb-brand":[3909],"product_brand":[],"product_cat":[3700,3696],"product_tag":[3754],"class_list":{"0":"post-350434","1":"product","2":"type-product","3":"status-publish","4":"has-post-thumbnail","6":"pwb-brand-elle-a-du","7":"product_cat-couteaux-de-fermeture","8":"product_cat-des-couteaux","9":"product_tag-b2b-fr","11":"first","12":"outofstock","13":"taxable","14":"shipping-taxable","15":"purchasable","16":"product-type-simple"},"brands":[{"id":3909,"name":"Elle a d\u00fb","slug":"elle-a-du"}],"_links":{"self":[{"href":"https:\/\/www.moskito.cz\/fr\/wp-json\/wp\/v2\/product\/350434","targetHints":{"allow":["GET"]}}],"collection":[{"href":"https:\/\/www.moskito.cz\/fr\/wp-json\/wp\/v2\/product"}],"about":[{"href":"https:\/\/www.moskito.cz\/fr\/wp-json\/wp\/v2\/types\/product"}],"replies":[{"embeddable":true,"href":"https:\/\/www.moskito.cz\/fr\/wp-json\/wp\/v2\/comments?post=350434"}],"wp:featuredmedia":[{"embeddable":true,"href":"https:\/\/www.moskito.cz\/fr\/wp-json\/wp\/v2\/media\/350418"}],"wp:attachment":[{"href":"https:\/\/www.moskito.cz\/fr\/wp-json\/wp\/v2\/media?parent=350434"}],"wp:term":[{"taxonomy":"pwb-brand","embeddable":true,"href":"https:\/\/www.moskito.cz\/fr\/wp-json\/wp\/v2\/pwb-brand?post=350434"},{"taxonomy":"product_brand","embeddable":true,"href":"https:\/\/www.moskito.cz\/fr\/wp-json\/wp\/v2\/product_brand?post=350434"},{"taxonomy":"product_cat","embeddable":true,"href":"https:\/\/www.moskito.cz\/fr\/wp-json\/wp\/v2\/product_cat?post=350434"},{"taxonomy":"product_tag","embeddable":true,"href":"https:\/\/www.moskito.cz\/fr\/wp-json\/wp\/v2\/product_tag?post=350434"}],"curies":[{"name":"wp","href":"https:\/\/api.w.org\/{rel}","templated":true}]}}