{"id":350440,"date":"2023-08-09T07:48:57","date_gmt":"2024-07-10T08:52:17","guid":{"rendered":"https:\/\/www.moskito.cz\/produkt\/couteau-de-fermeture-muela-bx-8-th\/"},"modified":"2025-05-07T11:20:18","modified_gmt":"2025-05-07T10:20:18","slug":"couteau-de-fermeture-muela-bx-8-th","status":"publish","type":"product","link":"https:\/\/www.moskito.cz\/fr\/produkt\/couteau-de-fermeture-muela-bx-8-th\/","title":{"rendered":"Couteau de fermeture Muela BX-8.TH"},"content":{"rendered":"<p>Couteau de fermeture <strong>Muela<\/strong> BX-8.TH<\/p>\n<p>Rasoir de la maison Muela Edition limit\u00e9e et num\u00e9rot\u00e9e \u00e0 999 pi\u00e8ces pour le monde entier pour c\u00e9l\u00e9brer les 60 ans. anniversaire.<\/p>\n<p>Cette pi\u00e8ce appartient au no. 792 \/ 999 .<\/p>\n<p>La lame est en acier inoxydable MoVa 1.4116.<\/p>\n<p>Syst\u00e8me de verrouillage de lame LockBack<\/p>\n<p>Manche combin\u00e9 \u00e0 un manchon en maillechort avec \u00e9pingle en mosa\u00efque avec s\u00e9parateurs rouges et belles \u00e9cailles de racine d&rsquo;\u00e9rable am\u00e9ricain<\/p>\n<p>Ce rasoir est accompagn\u00e9 d&rsquo;un coffret de pr\u00e9sentation et d&rsquo;un certificat d&rsquo;accr\u00e9ditation des pi\u00e8ces.<\/p>\n<p>&nbsp;<\/p>\n<p>Longueur de la lame : 8,5 cm<\/p>\n<p>Longueur totale : 18,5 cm<\/p>\n<p>\u00c9paisseur : 2,5 mm<\/p>\n<p>Poids : 150 grammes<\/p>\n<p>Lame : acier MoVa 1.4116<\/p>\n<p>\u00c9cailles : racine d&rsquo;\u00e9rable am\u00e9ricain<\/p>\n<p>Manche&nbsp;:&nbsp;Maillechort avec \u00e9pingle en mosa\u00efque<\/p>\n<p>Fabriqu\u00e9 par Muela Manufacturing.<\/p>\n<p>&nbsp;<\/p>\n<p>&nbsp;<\/p>\n","protected":false},"excerpt":{"rendered":"<p><strong>Edition limit\u00e9e et num\u00e9rot\u00e9e \u00e0 999 exemplaires pour le monde entier pour c\u00e9l\u00e9brer les 60 ans. anniversaire.<\/strong><\/p>\n","protected":false},"featured_media":350441,"comment_status":"open","ping_status":"closed","template":"","meta":[],"pwb-brand":[3909],"product_brand":[],"product_cat":[3700,3696],"product_tag":[3754],"class_list":{"0":"post-350440","1":"product","2":"type-product","3":"status-publish","4":"has-post-thumbnail","6":"pwb-brand-elle-a-du","7":"product_cat-couteaux-de-fermeture","8":"product_cat-des-couteaux","9":"product_tag-b2b-fr","11":"first","12":"instock","13":"taxable","14":"shipping-taxable","15":"purchasable","16":"product-type-simple"},"brands":[{"id":3909,"name":"Elle a d\u00fb","slug":"elle-a-du"}],"_links":{"self":[{"href":"https:\/\/www.moskito.cz\/fr\/wp-json\/wp\/v2\/product\/350440","targetHints":{"allow":["GET"]}}],"collection":[{"href":"https:\/\/www.moskito.cz\/fr\/wp-json\/wp\/v2\/product"}],"about":[{"href":"https:\/\/www.moskito.cz\/fr\/wp-json\/wp\/v2\/types\/product"}],"replies":[{"embeddable":true,"href":"https:\/\/www.moskito.cz\/fr\/wp-json\/wp\/v2\/comments?post=350440"}],"wp:featuredmedia":[{"embeddable":true,"href":"https:\/\/www.moskito.cz\/fr\/wp-json\/wp\/v2\/media\/350441"}],"wp:attachment":[{"href":"https:\/\/www.moskito.cz\/fr\/wp-json\/wp\/v2\/media?parent=350440"}],"wp:term":[{"taxonomy":"pwb-brand","embeddable":true,"href":"https:\/\/www.moskito.cz\/fr\/wp-json\/wp\/v2\/pwb-brand?post=350440"},{"taxonomy":"product_brand","embeddable":true,"href":"https:\/\/www.moskito.cz\/fr\/wp-json\/wp\/v2\/product_brand?post=350440"},{"taxonomy":"product_cat","embeddable":true,"href":"https:\/\/www.moskito.cz\/fr\/wp-json\/wp\/v2\/product_cat?post=350440"},{"taxonomy":"product_tag","embeddable":true,"href":"https:\/\/www.moskito.cz\/fr\/wp-json\/wp\/v2\/product_tag?post=350440"}],"curies":[{"name":"wp","href":"https:\/\/api.w.org\/{rel}","templated":true}]}}