{"id":350460,"date":"2023-07-12T13:06:36","date_gmt":"2024-07-10T08:57:58","guid":{"rendered":"https:\/\/www.moskito.cz\/produkt\/couteau-fixe-muela-crusader-13m-n\/"},"modified":"2025-05-07T11:20:20","modified_gmt":"2025-05-07T10:20:20","slug":"couteau-fixe-muela-crusader-13m-n","status":"publish","type":"product","link":"https:\/\/www.moskito.cz\/fr\/produkt\/couteau-fixe-muela-crusader-13m-n\/","title":{"rendered":"Couteau Fixe Muela CRUSADER-13M.N"},"content":{"rendered":"<p>Couteau Fixe <strong>Muela<\/strong> CRUSADER-13M.N<\/p>\n<p>CRUSADER-13M.N, un grand couteau durable destin\u00e9 aux amateurs de plein air et de survie. La conception pleine soie parfaitement \u00e9quilibr\u00e9e avec lame en acier inoxydable offre d&rsquo;excellentes performances de coupe. Un outil qui fera ses preuves dans une grande vari\u00e9t\u00e9 d\u2019applications !<br \/>\nAcier<\/p>\n<p>1.4116, X50CrMoV15 &#8211; acier au molybd\u00e8ne vanadium utilis\u00e9 pour les couteaux, couverts et instruments chirurgicaux haut de gamme. Il se caract\u00e9rise par une duret\u00e9 relativement \u00e9lev\u00e9e comme les aciers inoxydables. R\u00e9sistant \u00e0 la corrosion dans les conditions de cuisine. C&rsquo;est une alternative recommand\u00e9e au 1.4034\/X46Cr13\/4H13. La composition chimique est enrichie de chrome, d&rsquo;ajouts de molybd\u00e8ne et de vanadium.<br \/>\nLame<\/p>\n<p>Forme Drop Point extr\u00eamement pointue, id\u00e9ale pour tous les types de travaux sur le terrain. Le rev\u00eatement PTFE noir sur la lame emp\u00eache l&rsquo;\u00e9blouissement. La lame simple est Hollow Grind pour un poids r\u00e9duit et d&rsquo;excellentes performances de coupe. Une grande encoche facilite la mise au point. L&rsquo;arri\u00e8re de la lame est dot\u00e9 d&rsquo;une rampe de doigt molet\u00e9e (jimping) pour un meilleur contr\u00f4le du couteau.<br \/>\nPoign\u00e9e<\/p>\n<p>Fabriqu\u00e9 en micarta noir (toile compress\u00e9e avec r\u00e9sine synth\u00e9tique). Les bords biseaut\u00e9s des couvertures \u00e9liminent les bords tranchants pour une prise en main confortable. Les couvercles ont \u00e9t\u00e9 boulonn\u00e9s directement sur le joug, ce qui rend la structure globale tr\u00e8s rigide et durable. Le manche profil\u00e9 permet un bon contr\u00f4le du couteau. Au dos se trouve un trou pour un cordon, une ouverture pour un cordon de s\u00e9curit\u00e9 ou d\u00e9coratif.<br \/>\nFourreau<\/p>\n<p>Cousu main, en cuir naturel noir avec logo du fabricant en relief. Il est mont\u00e9 sur une ceinture ou sur un dispositif permettant de porter le couteau en position verticale ou horizontale.<\/p>\n<p>Le Groupe Muela est aujourd&rsquo;hui l&rsquo;une des entreprises leaders dans le domaine des couteaux de chasse artisanaux en Espagne et dans le monde, et ses couteaux et couteaux de poche sont tr\u00e8s appr\u00e9ci\u00e9s pour leur qualit\u00e9 sup\u00e9rieure de fabrication.<br \/>\nDonn\u00e9es techniques:<\/p>\n<p>Num\u00e9ro de produit: CRUSADER-13M.N<br \/>\nNom du produit : CRUSADER-13M.N Full Tang Micarta Noir 130mm<\/p>\n<p>Longueur totale : 25 cm<br \/>\nLongueur de la lame : 12,5 cm<br \/>\nLongueur du manche : 12,5 cm<br \/>\nPoids&nbsp;: 293,0 g \/ 10,3 oz<\/p>\n<p>Mat\u00e9riau de la lame&nbsp;: X50CrMoV15<br \/>\nDuret\u00e9 de la lame&nbsp;: n.d<br \/>\nMeulage de la lame&nbsp;: creux<br \/>\nTraitement de surface de la lame : rev\u00eatement PTFE<\/p>\n<p>Mat\u00e9riau du manche : Micarta<br \/>\nCouleur finition poign\u00e9e : Noir<\/p>\n<p>Fourreau (\u00e9tui)&nbsp;:&nbsp;Cuir<br \/>\nAutres accessoires : Paracorde orange<\/p>\n<p>Cr\u00e9ateur : Muela<br \/>\nNom de la marque: Muela<br \/>\nFabricant : Muela, Espagne<br \/>\nPays d&rsquo;origine : Espagne<\/p>\n<p>&nbsp;<\/p>\n","protected":false},"excerpt":{"rendered":"<p><strong>CRUSADER-13M.N, un grand couteau durable destin\u00e9 aux amateurs de plein air et de survie.<\/strong><\/p>\n","protected":false},"featured_media":350462,"comment_status":"open","ping_status":"closed","template":"","meta":[],"pwb-brand":[3909],"product_brand":[],"product_cat":[3697,3696],"product_tag":[3754],"class_list":{"0":"post-350460","1":"product","2":"type-product","3":"status-publish","4":"has-post-thumbnail","6":"pwb-brand-elle-a-du","7":"product_cat-couteaux-solides","8":"product_cat-des-couteaux","9":"product_tag-b2b-fr","11":"first","12":"instock","13":"taxable","14":"shipping-taxable","15":"purchasable","16":"product-type-simple"},"brands":[{"id":3909,"name":"Elle a d\u00fb","slug":"elle-a-du"}],"_links":{"self":[{"href":"https:\/\/www.moskito.cz\/fr\/wp-json\/wp\/v2\/product\/350460","targetHints":{"allow":["GET"]}}],"collection":[{"href":"https:\/\/www.moskito.cz\/fr\/wp-json\/wp\/v2\/product"}],"about":[{"href":"https:\/\/www.moskito.cz\/fr\/wp-json\/wp\/v2\/types\/product"}],"replies":[{"embeddable":true,"href":"https:\/\/www.moskito.cz\/fr\/wp-json\/wp\/v2\/comments?post=350460"}],"wp:featuredmedia":[{"embeddable":true,"href":"https:\/\/www.moskito.cz\/fr\/wp-json\/wp\/v2\/media\/350462"}],"wp:attachment":[{"href":"https:\/\/www.moskito.cz\/fr\/wp-json\/wp\/v2\/media?parent=350460"}],"wp:term":[{"taxonomy":"pwb-brand","embeddable":true,"href":"https:\/\/www.moskito.cz\/fr\/wp-json\/wp\/v2\/pwb-brand?post=350460"},{"taxonomy":"product_brand","embeddable":true,"href":"https:\/\/www.moskito.cz\/fr\/wp-json\/wp\/v2\/product_brand?post=350460"},{"taxonomy":"product_cat","embeddable":true,"href":"https:\/\/www.moskito.cz\/fr\/wp-json\/wp\/v2\/product_cat?post=350460"},{"taxonomy":"product_tag","embeddable":true,"href":"https:\/\/www.moskito.cz\/fr\/wp-json\/wp\/v2\/product_tag?post=350460"}],"curies":[{"name":"wp","href":"https:\/\/api.w.org\/{rel}","templated":true}]}}