{"id":350494,"date":"2023-07-13T10:20:41","date_gmt":"2023-07-13T09:20:41","guid":{"rendered":"https:\/\/www.moskito.cz\/produkt\/couteau-fixe-muela-5161-m\/"},"modified":"2025-05-07T11:20:21","modified_gmt":"2025-05-07T10:20:21","slug":"couteau-fixe-muela-5161-m","status":"publish","type":"product","link":"https:\/\/www.moskito.cz\/fr\/produkt\/couteau-fixe-muela-5161-m\/","title":{"rendered":"Couteau Fixe Muela 5161-M"},"content":{"rendered":"<p>Couteau Fixe <strong>Muela<\/strong> 5161-M<\/p>\n<p>Couteau de sport Muela 5161-M. Muela est une marque espagnole de renomm\u00e9e mondiale et est consid\u00e9r\u00e9e comme l&rsquo;une des plus connues. Tous les couteaux sont con\u00e7us et fabriqu\u00e9s selon des concepts technologiquement avanc\u00e9s qui m\u00e9langent l&rsquo;utilisation de mati\u00e8res premi\u00e8res d&rsquo;une qualit\u00e9 exceptionnelle, de l&rsquo;acier utilis\u00e9 dans la lame jusqu&rsquo;\u00e0 la finition. Ils sont consid\u00e9r\u00e9s comme le haut de gamme et sont fabriqu\u00e9s avec le design exclusif de couteaux renomm\u00e9s, ce qui leur conf\u00e8re une belle esth\u00e9tique et une super fonctionnalit\u00e9. Un d\u00e9tail tr\u00e8s important est que toutes les pi\u00e8ces, bien que fabriqu\u00e9es \u00e0 l&rsquo;\u00e9chelle industrielle, sont finies \u00e0 la main avec la consommation du minimum d&rsquo;outils industriels n\u00e9cessaire. Un choix parfait pour les collectionneurs, les amateurs de couteaux ou les simples utilisateurs \u00e0 la recherche d&rsquo;outils de haute qualit\u00e9.<\/p>\n<p>Sp\u00e9cifications techniques:<\/p>\n<p>Mod\u00e8le&nbsp;: 5161-M<\/p>\n<p>Type d&rsquo;acier : 420H<\/p>\n<p>Duret\u00e9&nbsp;: 57-58 HRC<\/p>\n<p>Etui en cuir noir<\/p>\n<p>Manche : bois press\u00e9 corail<\/p>\n<p>Longueur de la lame : 15,6 cm<\/p>\n<p>Longueur totale : 27,5 cm<\/p>\n<p>Poids total : 0,360g<\/p>\n<p>&nbsp;<\/p>\n","protected":false},"excerpt":{"rendered":"<p><strong>Couteau de sport Muela 5161-M. Muela est une marque espagnole de renomm\u00e9e mondiale et est consid\u00e9r\u00e9e comme l&rsquo;une des plus connues.<\/strong><\/p>\n","protected":false},"featured_media":350496,"comment_status":"open","ping_status":"closed","template":"","meta":[],"pwb-brand":[3909],"product_brand":[],"product_cat":[3697,3696],"product_tag":[3754],"class_list":{"0":"post-350494","1":"product","2":"type-product","3":"status-publish","4":"has-post-thumbnail","6":"pwb-brand-elle-a-du","7":"product_cat-couteaux-solides","8":"product_cat-des-couteaux","9":"product_tag-b2b-fr","11":"first","12":"instock","13":"taxable","14":"shipping-taxable","15":"purchasable","16":"product-type-simple"},"brands":[{"id":3909,"name":"Elle a d\u00fb","slug":"elle-a-du"}],"_links":{"self":[{"href":"https:\/\/www.moskito.cz\/fr\/wp-json\/wp\/v2\/product\/350494","targetHints":{"allow":["GET"]}}],"collection":[{"href":"https:\/\/www.moskito.cz\/fr\/wp-json\/wp\/v2\/product"}],"about":[{"href":"https:\/\/www.moskito.cz\/fr\/wp-json\/wp\/v2\/types\/product"}],"replies":[{"embeddable":true,"href":"https:\/\/www.moskito.cz\/fr\/wp-json\/wp\/v2\/comments?post=350494"}],"wp:featuredmedia":[{"embeddable":true,"href":"https:\/\/www.moskito.cz\/fr\/wp-json\/wp\/v2\/media\/350496"}],"wp:attachment":[{"href":"https:\/\/www.moskito.cz\/fr\/wp-json\/wp\/v2\/media?parent=350494"}],"wp:term":[{"taxonomy":"pwb-brand","embeddable":true,"href":"https:\/\/www.moskito.cz\/fr\/wp-json\/wp\/v2\/pwb-brand?post=350494"},{"taxonomy":"product_brand","embeddable":true,"href":"https:\/\/www.moskito.cz\/fr\/wp-json\/wp\/v2\/product_brand?post=350494"},{"taxonomy":"product_cat","embeddable":true,"href":"https:\/\/www.moskito.cz\/fr\/wp-json\/wp\/v2\/product_cat?post=350494"},{"taxonomy":"product_tag","embeddable":true,"href":"https:\/\/www.moskito.cz\/fr\/wp-json\/wp\/v2\/product_tag?post=350494"}],"curies":[{"name":"wp","href":"https:\/\/api.w.org\/{rel}","templated":true}]}}