{"id":350557,"date":"2024-07-10T11:54:44","date_gmt":"2024-07-10T10:54:44","guid":{"rendered":"https:\/\/www.moskito.cz\/produkt\/couteau-fixe-muela-ranger-14-ol\/"},"modified":"2025-05-07T11:20:23","modified_gmt":"2025-05-07T10:20:23","slug":"couteau-fixe-muela-ranger-14-ol","status":"publish","type":"product","link":"https:\/\/www.moskito.cz\/fr\/produkt\/couteau-fixe-muela-ranger-14-ol\/","title":{"rendered":"Couteau Fixe Muela RANGER-14.OL"},"content":{"rendered":"<p>Couteau Fixe <strong>Muela<\/strong> RANGER-14.OL<\/p>\n<p>Le manche est en bois d&rsquo;olivier naturel et poss\u00e8de un rev\u00eatement en laiton pour augmenter la s\u00e9curit\u00e9 et \u00e9viter le risque que la paume glisse vers la lame lors de l&rsquo;utilisation. Le couteau est livr\u00e9 avec un \u00e9tui de protection en cuir, dot\u00e9 d&rsquo;un syst\u00e8me de fermeture avec boucle et attache ceinture. Le couteau est fabriqu\u00e9 en Espagne et a une longueur totale de 27 cm.<\/p>\n<p>Propri\u00e9t\u00e9s:<\/p>\n<p>Longueur du couteau : 27 cm ;<br \/>\nLongueur de la lame : 14,5 cm ;<br \/>\nMat\u00e9riau de la lame : acier inoxydable ;<br \/>\ncouvercle en laiton&nbsp;;<br \/>\nManche : bois d&rsquo;olivier ;<br \/>\n\u00c9tui en cuir;<br \/>\nFabriqu\u00e9 en Espagne.<\/p>\n<p>&nbsp;<\/p>\n<p>&nbsp;<\/p>\n","protected":false},"excerpt":{"rendered":"<p><strong>Les couteaux Muela sont produits par une entreprise espagnole qui produit des couteaux de chasse, des couteaux pliants, des couteaux de luxe et bien d&rsquo;autres \u00e0 des prix abordables et de haute qualit\u00e9.<\/strong><\/p>\n","protected":false},"featured_media":350543,"comment_status":"open","ping_status":"closed","template":"","meta":[],"pwb-brand":[3909],"product_brand":[],"product_cat":[3697,3696],"product_tag":[3754],"class_list":{"0":"post-350557","1":"product","2":"type-product","3":"status-publish","4":"has-post-thumbnail","6":"pwb-brand-elle-a-du","7":"product_cat-couteaux-solides","8":"product_cat-des-couteaux","9":"product_tag-b2b-fr","11":"first","12":"instock","13":"taxable","14":"shipping-taxable","15":"purchasable","16":"product-type-simple"},"brands":[{"id":3909,"name":"Elle a d\u00fb","slug":"elle-a-du"}],"_links":{"self":[{"href":"https:\/\/www.moskito.cz\/fr\/wp-json\/wp\/v2\/product\/350557","targetHints":{"allow":["GET"]}}],"collection":[{"href":"https:\/\/www.moskito.cz\/fr\/wp-json\/wp\/v2\/product"}],"about":[{"href":"https:\/\/www.moskito.cz\/fr\/wp-json\/wp\/v2\/types\/product"}],"replies":[{"embeddable":true,"href":"https:\/\/www.moskito.cz\/fr\/wp-json\/wp\/v2\/comments?post=350557"}],"wp:featuredmedia":[{"embeddable":true,"href":"https:\/\/www.moskito.cz\/fr\/wp-json\/wp\/v2\/media\/350543"}],"wp:attachment":[{"href":"https:\/\/www.moskito.cz\/fr\/wp-json\/wp\/v2\/media?parent=350557"}],"wp:term":[{"taxonomy":"pwb-brand","embeddable":true,"href":"https:\/\/www.moskito.cz\/fr\/wp-json\/wp\/v2\/pwb-brand?post=350557"},{"taxonomy":"product_brand","embeddable":true,"href":"https:\/\/www.moskito.cz\/fr\/wp-json\/wp\/v2\/product_brand?post=350557"},{"taxonomy":"product_cat","embeddable":true,"href":"https:\/\/www.moskito.cz\/fr\/wp-json\/wp\/v2\/product_cat?post=350557"},{"taxonomy":"product_tag","embeddable":true,"href":"https:\/\/www.moskito.cz\/fr\/wp-json\/wp\/v2\/product_tag?post=350557"}],"curies":[{"name":"wp","href":"https:\/\/api.w.org\/{rel}","templated":true}]}}