{"id":350565,"date":"2023-07-13T15:30:58","date_gmt":"2024-07-10T10:59:02","guid":{"rendered":"https:\/\/www.moskito.cz\/produkt\/couteau-fixe-muela-21733-g\/"},"modified":"2025-05-07T11:20:25","modified_gmt":"2025-05-07T10:20:25","slug":"couteau-fixe-muela-21733-g","status":"publish","type":"product","link":"https:\/\/www.moskito.cz\/fr\/produkt\/couteau-fixe-muela-21733-g\/","title":{"rendered":"Couteau Fixe Muela 21733-G"},"content":{"rendered":"<p>Couteau Fixe <strong>Muela<\/strong> 21733-G<\/p>\n<p>21733-G &#8211; un couteau tactique \u00e0 lame fixe solide et universel, fabriqu\u00e9 par la soci\u00e9t\u00e9 espagnole Muela, maintenant dans un superbe design ! Fabriqu\u00e9 en acier au molybd\u00e8ne vanadium (MoVa). Con\u00e7u pour chaque t\u00e2che dans toutes les conditions, m\u00eame dans des conditions extr\u00eames.<\/p>\n<p>Lame &#8211; couteau massif avec un profil Bowie, \u00e9paisseur 3,9 millim\u00e8tres, la lame est recouverte d&rsquo;une couche de finition satin\u00e9e (semi-mate) non r\u00e9fl\u00e9chissante qui \u00e9limine l&rsquo;\u00e9blouissement. Fabriqu\u00e9 en acier inoxydable tremp\u00e9 dans la plage de 57 \u00e0 58 HRC (X50CrMoV15). Lame lisse (type simple). L&rsquo;acier des deux c\u00f4t\u00e9s de la lame emp\u00eache la main de glisser pendant le travail.<\/p>\n<p>Poign\u00e9e &#8211; profil\u00e9e en \u00e9lastom\u00e8re plastique structur\u00e9 de couleur noire. Le couteau ne glisse pas de la main. Une prise solide et fiable permet des mouvements pr\u00e9cis malgr\u00e9 les petites dimensions. Il y a une ouverture pour la corde \u00e0 l&rsquo;arri\u00e8re de la poign\u00e9e.<\/p>\n<p>L&rsquo;\u00e9tui garantit un transport s\u00fbr du couteau. Fabriqu\u00e9 en cuir naturel noir avec un logo Muela Company en relief. Le fourreau \u00e9tait cousu sur les bords avec du fil d\u00e9coratif. Le fourreau est dot\u00e9 d&rsquo;une attache de ceinture permettant de porter le couteau en position verticale.<\/p>\n<p>Sp\u00e9cifications techniques:<br \/>\nNum\u00e9ro de produit : 21733G<br \/>\nType d&rsquo;acier : X50CrMoV15<br \/>\nLongueur de la lame : 16,5 cm<br \/>\n\u00c9paisseur de la lame : 0,39 cm<br \/>\nLongueur totale : 28 cm<br \/>\nPoids&nbsp;: 282 g \/ 9,95 oz<br \/>\nType de bord&nbsp;:&nbsp;Lisse<br \/>\nType de lame : Bowie<br \/>\nType de coupe&nbsp;: Concave<br \/>\nMat\u00e9riau du manche : Thermorun<br \/>\nFourreau&nbsp;: Cuir<br \/>\nFabricant : Muela, Espagne<\/p>\n<p>&nbsp;<\/p>\n","protected":false},"excerpt":{"rendered":"<p><strong>21733-G &#8211; un couteau tactique \u00e0 lame fixe solide et universel, fabriqu\u00e9 par la soci\u00e9t\u00e9 espagnole Muela, maintenant dans un superbe design !<\/strong><\/p>\n","protected":false},"featured_media":350570,"comment_status":"open","ping_status":"closed","template":"","meta":[],"pwb-brand":[3909],"product_brand":[],"product_cat":[3697,3696],"product_tag":[3754],"class_list":{"0":"post-350565","1":"product","2":"type-product","3":"status-publish","4":"has-post-thumbnail","6":"pwb-brand-elle-a-du","7":"product_cat-couteaux-solides","8":"product_cat-des-couteaux","9":"product_tag-b2b-fr","11":"first","12":"instock","13":"taxable","14":"shipping-taxable","15":"purchasable","16":"product-type-simple"},"brands":[{"id":3909,"name":"Elle a d\u00fb","slug":"elle-a-du"}],"_links":{"self":[{"href":"https:\/\/www.moskito.cz\/fr\/wp-json\/wp\/v2\/product\/350565","targetHints":{"allow":["GET"]}}],"collection":[{"href":"https:\/\/www.moskito.cz\/fr\/wp-json\/wp\/v2\/product"}],"about":[{"href":"https:\/\/www.moskito.cz\/fr\/wp-json\/wp\/v2\/types\/product"}],"replies":[{"embeddable":true,"href":"https:\/\/www.moskito.cz\/fr\/wp-json\/wp\/v2\/comments?post=350565"}],"wp:featuredmedia":[{"embeddable":true,"href":"https:\/\/www.moskito.cz\/fr\/wp-json\/wp\/v2\/media\/350570"}],"wp:attachment":[{"href":"https:\/\/www.moskito.cz\/fr\/wp-json\/wp\/v2\/media?parent=350565"}],"wp:term":[{"taxonomy":"pwb-brand","embeddable":true,"href":"https:\/\/www.moskito.cz\/fr\/wp-json\/wp\/v2\/pwb-brand?post=350565"},{"taxonomy":"product_brand","embeddable":true,"href":"https:\/\/www.moskito.cz\/fr\/wp-json\/wp\/v2\/product_brand?post=350565"},{"taxonomy":"product_cat","embeddable":true,"href":"https:\/\/www.moskito.cz\/fr\/wp-json\/wp\/v2\/product_cat?post=350565"},{"taxonomy":"product_tag","embeddable":true,"href":"https:\/\/www.moskito.cz\/fr\/wp-json\/wp\/v2\/product_tag?post=350565"}],"curies":[{"name":"wp","href":"https:\/\/api.w.org\/{rel}","templated":true}]}}