{"id":350625,"date":"2024-07-10T12:39:56","date_gmt":"2024-07-10T11:51:34","guid":{"rendered":"https:\/\/www.moskito.cz\/produkt\/couteau-fixe-muela-predator-14n\/"},"modified":"2025-05-07T11:20:27","modified_gmt":"2025-05-07T10:20:27","slug":"couteau-fixe-muela-predator-14n","status":"publish","type":"product","link":"https:\/\/www.moskito.cz\/fr\/produkt\/couteau-fixe-muela-predator-14n\/","title":{"rendered":"Couteau Fixe Muela PREDATOR-14N"},"content":{"rendered":"<p>Couteau Fixe <strong>Muela<\/strong> PREDATOR-14N<\/p>\n<p>Couteau tactique pleine soie avec manche CNC en micarta noir et rev\u00eatement antifriction PTFE sur la lame. Cordon de serrage sur la poign\u00e9e.<\/p>\n<p>Ce couteau confirme son histoire ancienne et reste aujourd&rsquo;hui une aide inestimable pour tous les soldats du monde entier, non seulement pour de nombreux aspects en tant qu&rsquo;outil, mais bien s\u00fbr nous n&rsquo;oublions pas sa valeur incommensurable en tant qu&rsquo;\u00e9l\u00e9ment d\u00e9fensif.<\/p>\n<p>Ils sont \u00e9galement int\u00e9gr\u00e9s \u00e0 leurs \u00e9quipements avanc\u00e9s et modernes par des milliers de forces de police d&rsquo;intervention tactique \u00e0 travers le monde.<br \/>\n\u00c0 cette fin, Muela propose \u00e9galement une large gamme de mod\u00e8les, combinant un design ergonomique de la lame et du manche, des mat\u00e9riaux de pointe et inalt\u00e9rables et m\u00eame des traitements de surface sp\u00e9cifiques pour offrir un couteau s\u00fbr, durable et tr\u00e8s fiable. dans toutes les situations.<\/p>\n<p>Couteau avec lame rev\u00eatue de T\u00e9flon de 140 mm.<\/p>\n<p>Propri\u00e9t\u00e9s:<\/p>\n<p>Acier&nbsp;: X50CrMoV15 (MOVA)<br \/>\nDuret\u00e9 de l&rsquo;acier : 57-58 HRC<br \/>\nForme de la lame : Longue<br \/>\nPoign\u00e9es : Micarta CNC noir<br \/>\nFourreau&nbsp;: \u00e9tui en cuir noir inclus<br \/>\nAvec une scie sur le dos<br \/>\nLame enduite de PTFE antifriction<br \/>\nConstruction du couteau&nbsp;: pleine soie<br \/>\nLongueur de la lame : 14 cm (5 1\/2&Prime;).<br \/>\nLongueur du manche : 12,5 cm (5 1\/2&Prime;)<br \/>\nLongueur hors tout : 23,5 m (235 mm)<br \/>\nPoids : 235 gr<br \/>\nFabriqu\u00e9 en Espagne<\/p>\n<p>&nbsp;<\/p>\n<p>&nbsp;<\/p>\n","protected":false},"excerpt":{"rendered":"<p><strong>Ce couteau confirme son histoire ancienne et reste aujourd&rsquo;hui une aide inestimable pour tous les soldats du monde entier, non seulement pour de nombreux aspects en tant qu&rsquo;outil, mais bien s\u00fbr nous n&rsquo;oublions pas sa valeur incommensurable en tant qu&rsquo;\u00e9l\u00e9ment d\u00e9fensif.<\/strong><\/p>\n<p>&nbsp;<\/p>\n","protected":false},"featured_media":350598,"comment_status":"open","ping_status":"closed","template":"","meta":[],"pwb-brand":[3909],"product_brand":[],"product_cat":[3697,3696],"product_tag":[3754],"class_list":{"0":"post-350625","1":"product","2":"type-product","3":"status-publish","4":"has-post-thumbnail","6":"pwb-brand-elle-a-du","7":"product_cat-couteaux-solides","8":"product_cat-des-couteaux","9":"product_tag-b2b-fr","11":"first","12":"outofstock","13":"taxable","14":"shipping-taxable","15":"purchasable","16":"product-type-simple"},"brands":[{"id":3909,"name":"Elle a d\u00fb","slug":"elle-a-du"}],"_links":{"self":[{"href":"https:\/\/www.moskito.cz\/fr\/wp-json\/wp\/v2\/product\/350625","targetHints":{"allow":["GET"]}}],"collection":[{"href":"https:\/\/www.moskito.cz\/fr\/wp-json\/wp\/v2\/product"}],"about":[{"href":"https:\/\/www.moskito.cz\/fr\/wp-json\/wp\/v2\/types\/product"}],"replies":[{"embeddable":true,"href":"https:\/\/www.moskito.cz\/fr\/wp-json\/wp\/v2\/comments?post=350625"}],"wp:featuredmedia":[{"embeddable":true,"href":"https:\/\/www.moskito.cz\/fr\/wp-json\/wp\/v2\/media\/350598"}],"wp:attachment":[{"href":"https:\/\/www.moskito.cz\/fr\/wp-json\/wp\/v2\/media?parent=350625"}],"wp:term":[{"taxonomy":"pwb-brand","embeddable":true,"href":"https:\/\/www.moskito.cz\/fr\/wp-json\/wp\/v2\/pwb-brand?post=350625"},{"taxonomy":"product_brand","embeddable":true,"href":"https:\/\/www.moskito.cz\/fr\/wp-json\/wp\/v2\/product_brand?post=350625"},{"taxonomy":"product_cat","embeddable":true,"href":"https:\/\/www.moskito.cz\/fr\/wp-json\/wp\/v2\/product_cat?post=350625"},{"taxonomy":"product_tag","embeddable":true,"href":"https:\/\/www.moskito.cz\/fr\/wp-json\/wp\/v2\/product_tag?post=350625"}],"curies":[{"name":"wp","href":"https:\/\/api.w.org\/{rel}","templated":true}]}}