{"id":350645,"date":"2024-07-10T13:13:16","date_gmt":"2024-07-10T12:14:28","guid":{"rendered":"https:\/\/www.moskito.cz\/produkt\/couteau-fixe-muela-predator-14w\/"},"modified":"2025-05-07T11:20:27","modified_gmt":"2025-05-07T10:20:27","slug":"couteau-fixe-muela-predator-14w","status":"publish","type":"product","link":"https:\/\/www.moskito.cz\/fr\/produkt\/couteau-fixe-muela-predator-14w\/","title":{"rendered":"Couteau Fixe Muela PREDATOR-14W"},"content":{"rendered":"<p>Couteau Fixe <strong>Muela<\/strong> PREDATOR-14W<\/p>\n<p><strong>Le PREDATOR-14W<\/strong> est un couteau de chasse con\u00e7u pour les passionn\u00e9s de chasse et les personnes qui appr\u00e9cient la survie active en plein air, fabriqu\u00e9 par Muela \u00e0 Ciudad de Real, en Espagne. Il est durable, robuste et peut r\u00e9sister \u00e0 toutes les conditions sans dommage. Des couteaux Muela, qu&rsquo;elle a commenc\u00e9 \u00e0 fabriquer dans une petite pi\u00e8ce dans les ann\u00e9es 1950. ann\u00e9es 20 Famille Muela du si\u00e8cle, ils sont aujourd&rsquo;hui export\u00e9s dans plus de 50 pays sur 5 continents. Muela, qui a une capacit\u00e9 de production annuelle de 350 000 couteaux, vend 70 % de sa production \u00e0 l&rsquo;\u00e9tranger et le reste sur le march\u00e9 int\u00e9rieur.<\/p>\n<p>La lame est compos\u00e9e d&rsquo;une combinaison de molybd\u00e8ne et de vanadium, ce qui donne un acier inoxydable MoVa X50CrMoV15 forg\u00e9 \u00e0 la main avec un niveau de duret\u00e9 Brinell de HB 55-57 RC, ce qui lui conf\u00e8re une r\u00e9sistance extr\u00eamement \u00e9lev\u00e9e \u00e0 la corrosion et \u00e0 l&rsquo;usure. Sur la lame est d\u00e9crit le mod\u00e8le du couteau et le logo Muela, qui t\u00e9moigne de l&rsquo;originalit\u00e9 et de la qualit\u00e9 du produit. Le manche du couteau est en argile noire, un mat\u00e9riau compos\u00e9 de toile synth\u00e9tique impr\u00e9gn\u00e9e de r\u00e9sine soumise \u00e0 une pression et une temp\u00e9rature \u00e9lev\u00e9es, cr\u00e9ant un mat\u00e9riau dur, dense et durable pour une utilisation extr\u00eame. Dans la partie avant du manche, \u00e0 c\u00f4t\u00e9 de la lame, il y a un couvercle de protection dont le r\u00f4le est de prot\u00e9ger la main afin qu&rsquo;elle ne glisse pas vers la lame pendant l&rsquo;utilisation, et dans la partie arri\u00e8re il y a un trou o\u00f9 se trouve le cordon de paracorde. enchev\u00eatr\u00e9. est mont\u00e9. La poign\u00e9e a une forme ergonomique, ce qui en fait une excellente prise en main, m\u00eame si votre main est mouill\u00e9e.<\/p>\n<p>Le couteau est livr\u00e9 dans une bo\u00eete en carton accompagn\u00e9 d&rsquo;un \u00e9tui de protection noir en cuir naturel fabriqu\u00e9 \u00e0 la main par \u00ab\u00a0Quercur Leathercraft\u00a0\u00bb, d&rsquo;un certificat d&rsquo;authenticit\u00e9 et d&rsquo;une carte de garantie. Le fourreau est dot\u00e9 d&rsquo;un syst\u00e8me de fermeture \u00e0 clip et est grav\u00e9 du logo Muela. Peut \u00eatre attach\u00e9 \u00e0 une ceinture. Tous les couteaux Muela passent entre les mains de ma\u00eetres couteliers exp\u00e9riment\u00e9s qui fabriquent, aff\u00fbtent, polissent et inspectent chaque pi\u00e8ce avec un haut niveau de contr\u00f4le qualit\u00e9.<\/p>\n<p>Fonction:<\/p>\n<p>Longueur de la lame : 14 cm ;<br \/>\n\u00c9paisseur de la lame : 0,4 cm ;<br \/>\nLongueur du manche : 12,5 cm ;<br \/>\nLongueur totale : 26,5 cm ;<br \/>\nMat\u00e9riau de la lame : acier inoxydable MoVa X50CrMoV15 ;<br \/>\nPoign\u00e9e : mouvement noir ;<br \/>\nCouleur de la poign\u00e9e : noir ;<br \/>\nPoids : 255g<\/p>\n<p>&nbsp;<\/p>\n<p>&nbsp;<\/p>\n<p>&nbsp;<\/p>\n","protected":false},"excerpt":{"rendered":"<p><strong>Le PREDATOR-14W est un couteau de chasse con\u00e7u pour les passionn\u00e9s de chasse et les personnes qui appr\u00e9cient la survie active en plein air, fabriqu\u00e9 par Muela \u00e0 Ciudad de Real, en Espagne. Il est durable, robuste et peut r\u00e9sister \u00e0 toutes les conditions sans dommage.<\/strong><\/p>\n","protected":false},"featured_media":350638,"comment_status":"open","ping_status":"closed","template":"","meta":[],"pwb-brand":[3909],"product_brand":[],"product_cat":[3700,3696],"product_tag":[3754],"class_list":{"0":"post-350645","1":"product","2":"type-product","3":"status-publish","4":"has-post-thumbnail","6":"pwb-brand-elle-a-du","7":"product_cat-couteaux-de-fermeture","8":"product_cat-des-couteaux","9":"product_tag-b2b-fr","11":"first","12":"instock","13":"taxable","14":"shipping-taxable","15":"purchasable","16":"product-type-simple"},"brands":[{"id":3909,"name":"Elle a d\u00fb","slug":"elle-a-du"}],"_links":{"self":[{"href":"https:\/\/www.moskito.cz\/fr\/wp-json\/wp\/v2\/product\/350645","targetHints":{"allow":["GET"]}}],"collection":[{"href":"https:\/\/www.moskito.cz\/fr\/wp-json\/wp\/v2\/product"}],"about":[{"href":"https:\/\/www.moskito.cz\/fr\/wp-json\/wp\/v2\/types\/product"}],"replies":[{"embeddable":true,"href":"https:\/\/www.moskito.cz\/fr\/wp-json\/wp\/v2\/comments?post=350645"}],"wp:featuredmedia":[{"embeddable":true,"href":"https:\/\/www.moskito.cz\/fr\/wp-json\/wp\/v2\/media\/350638"}],"wp:attachment":[{"href":"https:\/\/www.moskito.cz\/fr\/wp-json\/wp\/v2\/media?parent=350645"}],"wp:term":[{"taxonomy":"pwb-brand","embeddable":true,"href":"https:\/\/www.moskito.cz\/fr\/wp-json\/wp\/v2\/pwb-brand?post=350645"},{"taxonomy":"product_brand","embeddable":true,"href":"https:\/\/www.moskito.cz\/fr\/wp-json\/wp\/v2\/product_brand?post=350645"},{"taxonomy":"product_cat","embeddable":true,"href":"https:\/\/www.moskito.cz\/fr\/wp-json\/wp\/v2\/product_cat?post=350645"},{"taxonomy":"product_tag","embeddable":true,"href":"https:\/\/www.moskito.cz\/fr\/wp-json\/wp\/v2\/product_tag?post=350645"}],"curies":[{"name":"wp","href":"https:\/\/api.w.org\/{rel}","templated":true}]}}