{"id":350652,"date":"2023-07-14T10:50:36","date_gmt":"2023-07-14T09:50:36","guid":{"rendered":"https:\/\/www.moskito.cz\/produkt\/couteau-fixe-muela-85-161\/"},"modified":"2025-05-07T11:20:29","modified_gmt":"2025-05-07T10:20:29","slug":"couteau-fixe-muela-85-161","status":"publish","type":"product","link":"https:\/\/www.moskito.cz\/fr\/produkt\/couteau-fixe-muela-85-161\/","title":{"rendered":"Couteau Fixe Muela 85-161"},"content":{"rendered":"<p>Couteau Fixe <strong>Muela<\/strong> 85-161<\/p>\n<p>85-161 couteau de taille moyenne \u00e0 lame fixe de la soci\u00e9t\u00e9 espagnole Muela. Un excellent couteau tactique servira bien lors d&rsquo;un voyage en dehors de la ville, pour le camping, comme couteau de survie ou de chasse. La lame solide peut r\u00e9sister \u00e0 n&rsquo;importe quel travail dans toutes les conditions sans dommage.<\/p>\n<p>Lame &#8211; \u00e9paisseur 3,7 mm avec un profil Drop Point, avec un bord ondul\u00e9 (Recurve), offre d&rsquo;excellentes propri\u00e9t\u00e9s de coupe. Utilis\u00e9 dans les bons couteaux tactiques et de chasse. La lame est fabriqu\u00e9e en acier inoxydable 420H durable et r\u00e9sistant \u00e0 la corrosion avec une teneur en carbone accrue et une r\u00e9sistance \u00e9lev\u00e9e aux chocs, durcie dans la plage de 54 \u00e0 58 HRC. Enduit d&rsquo;une couche antireflet satin\u00e9e (semi-mate) qui \u00e9limine l&rsquo;\u00e9blouissement. La lame lisse de type Plain, r\u00e9alis\u00e9e avec une \u00e9mouture concave (Hollow grind), assure de bonnes propri\u00e9t\u00e9s de coupe. Une protection crois\u00e9e double face \u00e0 la base de la lame emp\u00eache la main de glisser sur la lame.<\/p>\n<p>Manche &#8211; rev\u00eatement molet\u00e9 en \u00e9lastom\u00e8re noir, termin\u00e9 par une t\u00eate en acier. Le manche en caoutchouc souple tient bien dans la main, le couteau ne glisse pas m\u00eame avec les mains mouill\u00e9es. Une prise solide et ferme permet des mouvements pr\u00e9cis avec le couteau.<\/p>\n<p>\u00c9tui &#8211; en cuir naturel, noir. La fixation avec un loquet permet de transporter le couteau en toute s\u00e9curit\u00e9. Les bords du fourreau \u00e9taient cousus avec du fil d\u00e9coratif. Le logo du fabricant est imprim\u00e9 sur le devant. Le fourreau est attach\u00e9 \u00e0 une ceinture ou un accessoire qui permet de porter le couteau en position verticale.<\/p>\n<p>Donn\u00e9es techniques:<br \/>\nNum\u00e9ro de produit : 85-161<br \/>\nType d&rsquo;acier : 420H<br \/>\nLongueur de la lame : 16 cm<br \/>\n\u00c9paisseur de la lame : 0,37 cm<br \/>\nLongueur totale : 26,8 cm<br \/>\nPoids : 277 g<br \/>\nLame&nbsp;: Commune<br \/>\nType de lame&nbsp;:&nbsp;pointe de chute<br \/>\nType de coupe&nbsp;: Concave<br \/>\nType de poign\u00e9e : Thermorun<br \/>\nFourreau : cuir<br \/>\nFabricant : Muela, Espagne<\/p>\n<p>&nbsp;<\/p>\n","protected":false},"excerpt":{"rendered":"<p><strong>85-161 couteau de taille moyenne \u00e0 lame fixe de la soci\u00e9t\u00e9 espagnole Muela. Un excellent couteau tactique servira bien lors d&rsquo;un voyage en dehors de la ville, pour le camping, comme couteau de survie ou de chasse.<\/strong><\/p>\n","protected":false},"featured_media":350656,"comment_status":"open","ping_status":"closed","template":"","meta":[],"pwb-brand":[3909],"product_brand":[],"product_cat":[3697,3696],"product_tag":[3754],"class_list":{"0":"post-350652","1":"product","2":"type-product","3":"status-publish","4":"has-post-thumbnail","6":"pwb-brand-elle-a-du","7":"product_cat-couteaux-solides","8":"product_cat-des-couteaux","9":"product_tag-b2b-fr","11":"first","12":"instock","13":"taxable","14":"shipping-taxable","15":"purchasable","16":"product-type-simple"},"brands":[{"id":3909,"name":"Elle a d\u00fb","slug":"elle-a-du"}],"_links":{"self":[{"href":"https:\/\/www.moskito.cz\/fr\/wp-json\/wp\/v2\/product\/350652","targetHints":{"allow":["GET"]}}],"collection":[{"href":"https:\/\/www.moskito.cz\/fr\/wp-json\/wp\/v2\/product"}],"about":[{"href":"https:\/\/www.moskito.cz\/fr\/wp-json\/wp\/v2\/types\/product"}],"replies":[{"embeddable":true,"href":"https:\/\/www.moskito.cz\/fr\/wp-json\/wp\/v2\/comments?post=350652"}],"wp:featuredmedia":[{"embeddable":true,"href":"https:\/\/www.moskito.cz\/fr\/wp-json\/wp\/v2\/media\/350656"}],"wp:attachment":[{"href":"https:\/\/www.moskito.cz\/fr\/wp-json\/wp\/v2\/media?parent=350652"}],"wp:term":[{"taxonomy":"pwb-brand","embeddable":true,"href":"https:\/\/www.moskito.cz\/fr\/wp-json\/wp\/v2\/pwb-brand?post=350652"},{"taxonomy":"product_brand","embeddable":true,"href":"https:\/\/www.moskito.cz\/fr\/wp-json\/wp\/v2\/product_brand?post=350652"},{"taxonomy":"product_cat","embeddable":true,"href":"https:\/\/www.moskito.cz\/fr\/wp-json\/wp\/v2\/product_cat?post=350652"},{"taxonomy":"product_tag","embeddable":true,"href":"https:\/\/www.moskito.cz\/fr\/wp-json\/wp\/v2\/product_tag?post=350652"}],"curies":[{"name":"wp","href":"https:\/\/api.w.org\/{rel}","templated":true}]}}