{"id":350691,"date":"2023-07-12T15:29:06","date_gmt":"2024-07-10T12:21:25","guid":{"rendered":"https:\/\/www.moskito.cz\/produkt\/couteau-fixe-muela-bw-14\/"},"modified":"2025-05-07T11:20:32","modified_gmt":"2025-05-07T10:20:32","slug":"couteau-fixe-muela-bw-14","status":"publish","type":"product","link":"https:\/\/www.moskito.cz\/fr\/produkt\/couteau-fixe-muela-bw-14\/","title":{"rendered":"Couteau Fixe Muela BW-14"},"content":{"rendered":"<p>Couteau Fixe <strong>Muela<\/strong> BW-14<\/p>\n<p>Couteau BW-14 \u00e0 lame constante, en acier molybd\u00e8ne-vanadium (MoVa). Excellent couteau de chasse, il vous servira bien lors de missions de survie ou hors de la ville. Durable, tr\u00e8s tranchant, peut g\u00e9rer n&rsquo;importe quelle t\u00e2che.<\/p>\n<p>Puukko &#8211; un \u00e9l\u00e9ment indispensable de l&rsquo;\u00e9quipement de tout scout, volontiers utilis\u00e9 par les touristes. Il comporte une lame fixe d&rsquo;environ 130 mm de longueur et un manche en plastique ou en bois, se terminant g\u00e9n\u00e9ralement par une pointe.<\/p>\n<p>Lame &#8211; Profil Bowie, \u00e9paisseur 4,3 mm. Fabriqu\u00e9 en acier inoxydable au molybd\u00e8ne-vanadium X50CrMoV15 tremp\u00e9 57-58 HRC. La lame est recouverte d&rsquo;une couche antireflet Satin Finish (semi-mate) qui \u00e9limine l&rsquo;\u00e9blouissement. La lame lisse (type Plain) a \u00e9t\u00e9 r\u00e9alis\u00e9e avec une \u00e9mouture concave (Hollow Grind). Le prot\u00e8ge-main double face en laiton sur le talon de la lame emp\u00eache la main de glisser sur la lame et offre un soutien ferme au pouce.<\/p>\n<p>Poign\u00e9e \u2013 finie avec une t\u00eate en laiton. Les panneaux profil\u00e9s en bois lamin\u00e9 marron offrent une prise s\u00fbre et s\u00e9curis\u00e9e.<\/p>\n<p>\u00c9tui en cuir marron avec logo de l&rsquo;entreprise en relief. Le fourreau est attach\u00e9 \u00e0 une ceinture ou une attache permettant de le porter en position verticale.<\/p>\n<p>Sp\u00e9cifications techniques:<br \/>\nNum\u00e9ro de produit: BW-14<br \/>\nType d&rsquo;acier : X50CrMoV15<br \/>\nLongueur de la lame : 14 cm<br \/>\n\u00c9paisseur de la lame : 0,43 cm<br \/>\nLongueur totale : 22,5 cm<br \/>\nPoids&nbsp;: 225 g \/ 7,94 oz<br \/>\nType de bord&nbsp;:&nbsp;Lisse<br \/>\nType de lame : Bowie<br \/>\nType de coupe&nbsp;: Concave<br \/>\nMat\u00e9riau du manche : bois de Pakka (bois de corail pakka)<br \/>\nFourreau&nbsp;: Cuir<br \/>\nFabricant : Muela, Espagne<\/p>\n<p>&nbsp;<\/p>\n","protected":false},"excerpt":{"rendered":"<p><strong>Excellent couteau de chasse, il vous servira bien lors de missions de survie ou hors de la ville. Durable, tr\u00e8s tranchant, peut g\u00e9rer n&rsquo;importe quelle t\u00e2che.<\/strong><\/p>\n","protected":false},"featured_media":350692,"comment_status":"open","ping_status":"closed","template":"","meta":[],"pwb-brand":[3909],"product_brand":[],"product_cat":[3697,3696],"product_tag":[3754],"class_list":{"0":"post-350691","1":"product","2":"type-product","3":"status-publish","4":"has-post-thumbnail","6":"pwb-brand-elle-a-du","7":"product_cat-couteaux-solides","8":"product_cat-des-couteaux","9":"product_tag-b2b-fr","11":"first","12":"instock","13":"taxable","14":"shipping-taxable","15":"purchasable","16":"product-type-simple"},"brands":[{"id":3909,"name":"Elle a d\u00fb","slug":"elle-a-du"}],"_links":{"self":[{"href":"https:\/\/www.moskito.cz\/fr\/wp-json\/wp\/v2\/product\/350691","targetHints":{"allow":["GET"]}}],"collection":[{"href":"https:\/\/www.moskito.cz\/fr\/wp-json\/wp\/v2\/product"}],"about":[{"href":"https:\/\/www.moskito.cz\/fr\/wp-json\/wp\/v2\/types\/product"}],"replies":[{"embeddable":true,"href":"https:\/\/www.moskito.cz\/fr\/wp-json\/wp\/v2\/comments?post=350691"}],"wp:featuredmedia":[{"embeddable":true,"href":"https:\/\/www.moskito.cz\/fr\/wp-json\/wp\/v2\/media\/350692"}],"wp:attachment":[{"href":"https:\/\/www.moskito.cz\/fr\/wp-json\/wp\/v2\/media?parent=350691"}],"wp:term":[{"taxonomy":"pwb-brand","embeddable":true,"href":"https:\/\/www.moskito.cz\/fr\/wp-json\/wp\/v2\/pwb-brand?post=350691"},{"taxonomy":"product_brand","embeddable":true,"href":"https:\/\/www.moskito.cz\/fr\/wp-json\/wp\/v2\/product_brand?post=350691"},{"taxonomy":"product_cat","embeddable":true,"href":"https:\/\/www.moskito.cz\/fr\/wp-json\/wp\/v2\/product_cat?post=350691"},{"taxonomy":"product_tag","embeddable":true,"href":"https:\/\/www.moskito.cz\/fr\/wp-json\/wp\/v2\/product_tag?post=350691"}],"curies":[{"name":"wp","href":"https:\/\/api.w.org\/{rel}","templated":true}]}}