{"id":350695,"date":"2023-07-16T18:29:38","date_gmt":"2024-07-10T12:32:43","guid":{"rendered":"https:\/\/www.moskito.cz\/produkt\/couteau-fixe-muela-55-16\/"},"modified":"2025-05-07T11:20:32","modified_gmt":"2025-05-07T10:20:32","slug":"couteau-fixe-muela-55-16","status":"publish","type":"product","link":"https:\/\/www.moskito.cz\/fr\/produkt\/couteau-fixe-muela-55-16\/","title":{"rendered":"Couteau Fixe Muela 55-16"},"content":{"rendered":"<p>Couteau Fixe <strong>Muela<\/strong> 55-16<\/p>\n<p>55-16 &#8211; couteau tactique \u00e0 lame fixe de la soci\u00e9t\u00e9 espagnole Muela. Id\u00e9al pour les sorties hors de la ville, comme couteau \u00e0 palmes, couteau de survie ou de chasse. Il fonctionnera aussi bien comme couteau tactique que comme couteau de chasse. La lame fixe peut \u00eatre utilis\u00e9e pour tous types de travaux, dans toutes les conditions.<\/p>\n<p>Lame &#8211; fabriqu\u00e9e avec un profil Bowie, \u00e9paisseur 3,5 millim\u00e8tres, fabriqu\u00e9e en acier inoxydable 420H r\u00e9sistant \u00e0 la corrosion et durable avec une teneur \u00e9lev\u00e9e en carbone et une r\u00e9sistance \u00e9lev\u00e9e aux chocs, durcie dans la plage de 54 \u00e0 58 HRC. Cette lame est recouverte d&rsquo;une couche de finition satin\u00e9e non r\u00e9fl\u00e9chissante (semi-mate) qui \u00e9limine l&rsquo;\u00e9blouissement. Lame lisse (type simple), lame concave d\u00e9riv\u00e9e (meulage creux) assurent de bonnes propri\u00e9t\u00e9s de coupe. L&rsquo;acier des deux c\u00f4t\u00e9s de la lame emp\u00eache la main de glisser pendant le travail. Une griffe double face \u00e9tait plac\u00e9e \u00e0 la base de la lame pour emp\u00eacher la main de glisser vers le bas de la lame.<\/p>\n<p>Grip &#8211; fermeture en \u00e9lastom\u00e8re noir tress\u00e9 surmont\u00e9e d&rsquo;une t\u00eate en acier plaqu\u00e9 or. Le manche en caoutchouc souple tient confortablement dans la main, le couteau ne glisse pas de nos mains m\u00eame avec les mains mouill\u00e9es. Une poign\u00e9e solide et fiable permet des mouvements pr\u00e9cis du couteau. Il y a une ouverture pour la corde \u00e0 l&rsquo;arri\u00e8re de la poign\u00e9e.<\/p>\n<p>L&rsquo;\u00e9tui de couleur noire, ferm\u00e9 par un bouton pression, permet de transporter le couteau en toute s\u00e9curit\u00e9. Fabriqu\u00e9 en cuir naturel avec logo Muela Company en relief. Le fourreau \u00e9tait cousu sur les bords avec du fil d\u00e9coratif. Le fourreau est dot\u00e9 d&rsquo;une attache de ceinture permettant de porter le couteau en position verticale.<\/p>\n<p>Sp\u00e9cifications techniques:<br \/>\nNum\u00e9ro de produit : 55-16<br \/>\nType d&rsquo;acier : 420H<br \/>\nLongueur de la lame : 16 cm<br \/>\n\u00c9paisseur de la lame : 0,35 cm<br \/>\nLongueur totale : 28,6 cm<br \/>\nPoids&nbsp;: 228 g \/ 7,90 oz<br \/>\nType de bord&nbsp;:&nbsp;Lisse<br \/>\nType de lame : Bowie<br \/>\nType de poign\u00e9e : Thermorun<br \/>\nFourreau&nbsp;: Cuir<br \/>\nFabricant : Muela, Espagne<\/p>\n<p>Cr\u00e9\u00e9 par&nbsp;: Sharg\u00ae Company &#8211; Importateur direct<\/p>\n<p>&nbsp;<\/p>\n","protected":false},"excerpt":{"rendered":"<p><strong>55-16 &#8211; couteau tactique \u00e0 lame fixe de la soci\u00e9t\u00e9 espagnole Muela. Id\u00e9al pour les sorties hors de la ville, comme couteau \u00e0 palmes, couteau de survie ou de chasse. Il fonctionnera aussi bien comme couteau tactique que comme couteau de chasse.<\/strong><\/p>\n","protected":false},"featured_media":350697,"comment_status":"open","ping_status":"closed","template":"","meta":[],"pwb-brand":[3909],"product_brand":[],"product_cat":[3697,3696],"product_tag":[3754],"class_list":{"0":"post-350695","1":"product","2":"type-product","3":"status-publish","4":"has-post-thumbnail","6":"pwb-brand-elle-a-du","7":"product_cat-couteaux-solides","8":"product_cat-des-couteaux","9":"product_tag-b2b-fr","11":"first","12":"instock","13":"taxable","14":"shipping-taxable","15":"purchasable","16":"product-type-simple"},"brands":[{"id":3909,"name":"Elle a d\u00fb","slug":"elle-a-du"}],"_links":{"self":[{"href":"https:\/\/www.moskito.cz\/fr\/wp-json\/wp\/v2\/product\/350695","targetHints":{"allow":["GET"]}}],"collection":[{"href":"https:\/\/www.moskito.cz\/fr\/wp-json\/wp\/v2\/product"}],"about":[{"href":"https:\/\/www.moskito.cz\/fr\/wp-json\/wp\/v2\/types\/product"}],"replies":[{"embeddable":true,"href":"https:\/\/www.moskito.cz\/fr\/wp-json\/wp\/v2\/comments?post=350695"}],"wp:featuredmedia":[{"embeddable":true,"href":"https:\/\/www.moskito.cz\/fr\/wp-json\/wp\/v2\/media\/350697"}],"wp:attachment":[{"href":"https:\/\/www.moskito.cz\/fr\/wp-json\/wp\/v2\/media?parent=350695"}],"wp:term":[{"taxonomy":"pwb-brand","embeddable":true,"href":"https:\/\/www.moskito.cz\/fr\/wp-json\/wp\/v2\/pwb-brand?post=350695"},{"taxonomy":"product_brand","embeddable":true,"href":"https:\/\/www.moskito.cz\/fr\/wp-json\/wp\/v2\/product_brand?post=350695"},{"taxonomy":"product_cat","embeddable":true,"href":"https:\/\/www.moskito.cz\/fr\/wp-json\/wp\/v2\/product_cat?post=350695"},{"taxonomy":"product_tag","embeddable":true,"href":"https:\/\/www.moskito.cz\/fr\/wp-json\/wp\/v2\/product_tag?post=350695"}],"curies":[{"name":"wp","href":"https:\/\/api.w.org\/{rel}","templated":true}]}}