{"id":350751,"date":"2023-07-13T14:54:59","date_gmt":"2024-07-10T12:54:44","guid":{"rendered":"https:\/\/www.moskito.cz\/produkt\/couteau-fixe-muela-hunter-17r\/"},"modified":"2025-05-07T11:20:34","modified_gmt":"2025-05-07T10:20:34","slug":"couteau-fixe-muela-hunter-17r","status":"publish","type":"product","link":"https:\/\/www.moskito.cz\/fr\/produkt\/couteau-fixe-muela-hunter-17r\/","title":{"rendered":"Couteau Fixe Muela Hunter-17R"},"content":{"rendered":"<p>Couteau Fixe <strong>Muela<\/strong> Hunter-17R<\/p>\n<p>Fabricant de couteaux et de couteaux pliants artisanaux Manufacturas Muela pr\u00e9sente le couteau d&rsquo;ext\u00e9rieur HUNTER-17R au sein de la famille des couteaux de CHASSE ET DE SPORT.<\/p>\n<p>Avec manche en palissandre et utilisation d&rsquo;acier inoxydable pour la d\u00e9fense et la coupe. Manche ergonomique et lame de 170 mm, en acier molybd\u00e8ne-vanadium. Couteau dur !!!<\/p>\n<p>L&rsquo;entreprise Muela a \u00e9t\u00e9 fond\u00e9e par M. Eladio Muela Le\u00f3n au milieu des ann\u00e9es 1950. ann\u00e9es du si\u00e8cle dernier, encourag\u00e9 par le grand \u00e9cho que son couteau de poche artisanal de 38 pi\u00e8ces a suscit\u00e9 parmi les ing\u00e9nieurs allemands de la raffinerie Empetrol, o\u00f9 travaillait alors M. Eladio I..<\/p>\n<p>L&rsquo;actuelle usine de couteaux de Muela \u00e0 Argamasilla de Calatrava couvre une superficie de plus de 5 000 m2 et est \u00e9quip\u00e9e de syst\u00e8mes de production et d&rsquo;usinage de pointe, produisant plus de 350 000 pi\u00e8ces par an, dont 70 % sont export\u00e9es vers plus de 50 pays sur cinq continents.<\/p>\n<p>Aujourd&rsquo;hui, le Groupe Muela est l&rsquo;une des entreprises de r\u00e9f\u00e9rence en mati\u00e8re de coutellerie de chasse artisanale en Espagne et dans le monde, et ses couteaux et couteaux de poche sont tr\u00e8s appr\u00e9ci\u00e9s pour leur haute qualit\u00e9.<\/p>\n<p>Couteau complet Muela Hunter 17R<\/p>\n<p>Manche en bois moul\u00e9<br \/>\n\u00c9tui en cuir raffin\u00e9<br \/>\nLame : 17 cm<br \/>\nLongueur totale : 28,5 cm<br \/>\n\u00c9paisseur 4mm<br \/>\nPoids : 264 grammes<br \/>\nAcier : Molybd\u00e8ne Vanadium X50CrMoV15 MOVA (1.4116)<br \/>\nDuret\u00e9&nbsp;: 57-58 HRC<br \/>\nL&rsquo;acier classique de nos couteaux. Excellente combinaison de molybd\u00e8ne et de vanadium pour obtenir un acier pr\u00e9sentant d&rsquo;excellentes propri\u00e9t\u00e9s de duret\u00e9 et de r\u00e9sistance \u00e0 la corrosion.<\/p>\n<p>Les couteaux Muela sont garantis \u00e0 vie contre les d\u00e9fauts de mat\u00e9riaux ou de fabrication. Les dommages caus\u00e9s par une mauvaise utilisation, la n\u00e9gligence et l&rsquo;usure logique caus\u00e9e par l&rsquo;utilisation ne sont pas couverts par cette garantie.)<\/p>\n<p>&nbsp;<\/p>\n<p>&nbsp;<\/p>\n","protected":false},"excerpt":{"rendered":"<p><strong>Fabricant de couteaux et de couteaux pliants artisanaux Manufacturas Muela pr\u00e9sente le couteau d&rsquo;ext\u00e9rieur HUNTER-17R au sein de la famille des couteaux de CHASSE ET DE SPORT.<\/strong><\/p>\n","protected":false},"featured_media":350753,"comment_status":"open","ping_status":"closed","template":"","meta":[],"pwb-brand":[3909],"product_brand":[],"product_cat":[3697,3696],"product_tag":[3754],"class_list":{"0":"post-350751","1":"product","2":"type-product","3":"status-publish","4":"has-post-thumbnail","6":"pwb-brand-elle-a-du","7":"product_cat-couteaux-solides","8":"product_cat-des-couteaux","9":"product_tag-b2b-fr","11":"first","12":"instock","13":"taxable","14":"shipping-taxable","15":"purchasable","16":"product-type-simple"},"brands":[{"id":3909,"name":"Elle a d\u00fb","slug":"elle-a-du"}],"_links":{"self":[{"href":"https:\/\/www.moskito.cz\/fr\/wp-json\/wp\/v2\/product\/350751","targetHints":{"allow":["GET"]}}],"collection":[{"href":"https:\/\/www.moskito.cz\/fr\/wp-json\/wp\/v2\/product"}],"about":[{"href":"https:\/\/www.moskito.cz\/fr\/wp-json\/wp\/v2\/types\/product"}],"replies":[{"embeddable":true,"href":"https:\/\/www.moskito.cz\/fr\/wp-json\/wp\/v2\/comments?post=350751"}],"wp:featuredmedia":[{"embeddable":true,"href":"https:\/\/www.moskito.cz\/fr\/wp-json\/wp\/v2\/media\/350753"}],"wp:attachment":[{"href":"https:\/\/www.moskito.cz\/fr\/wp-json\/wp\/v2\/media?parent=350751"}],"wp:term":[{"taxonomy":"pwb-brand","embeddable":true,"href":"https:\/\/www.moskito.cz\/fr\/wp-json\/wp\/v2\/pwb-brand?post=350751"},{"taxonomy":"product_brand","embeddable":true,"href":"https:\/\/www.moskito.cz\/fr\/wp-json\/wp\/v2\/product_brand?post=350751"},{"taxonomy":"product_cat","embeddable":true,"href":"https:\/\/www.moskito.cz\/fr\/wp-json\/wp\/v2\/product_cat?post=350751"},{"taxonomy":"product_tag","embeddable":true,"href":"https:\/\/www.moskito.cz\/fr\/wp-json\/wp\/v2\/product_tag?post=350751"}],"curies":[{"name":"wp","href":"https:\/\/api.w.org\/{rel}","templated":true}]}}