{"id":350809,"date":"2024-07-10T14:10:59","date_gmt":"2024-07-10T13:11:49","guid":{"rendered":"https:\/\/www.moskito.cz\/produkt\/couteau-solide-muela-sarrio-19g\/"},"modified":"2025-05-07T11:20:36","modified_gmt":"2025-05-07T10:20:36","slug":"couteau-solide-muela-sarrio-19g","status":"publish","type":"product","link":"https:\/\/www.moskito.cz\/fr\/produkt\/couteau-solide-muela-sarrio-19g\/","title":{"rendered":"Couteau Solide Muela SARRIO-19G"},"content":{"rendered":"<p>Couteau Solide <strong>Muela<\/strong> SARRIO-19G<\/p>\n<p>Dague de chasse de haute qualit\u00e9 de taille moyenne du fabricant espagnol Muela, qui a une longue tradition dans la production de dagues de chasse.<br \/>\nMuela est l&rsquo;une des marques de couteaux espagnoles les plus connues et les plus vendues, un choix id\u00e9al pour les chasseurs ou pour passer du temps dans la nature.<br \/>\nLe couteau poss\u00e8de un manche caoutchout\u00e9 de forme ergonomique pour une meilleure prise en main, une protection m\u00e9tallique double face pour une plus grande s\u00e9curit\u00e9, le poignard est livr\u00e9 avec un \u00e9tui en cuir noir.<\/p>\n<p>UTILISER:<br \/>\n&#8211; dans la nature et pour un usage normal,<br \/>\n&#8211; pour les forestiers, les chasseurs,<br \/>\n&#8211; Plein air, camping, survie.<\/p>\n<p>&nbsp;<\/p>\n<p>Mat\u00e9riau de la lame&nbsp;: X50CrMoV15<br \/>\nMat\u00e9riau du manche : Caoutchouc<br \/>\nLongueur de la lame : 19,5 cm<br \/>\nLongueur totale : 31 cm<br \/>\nLongueur du manche : 11,5 cm<br \/>\nPoids : 300g<\/p>\n<p>&nbsp;<\/p>\n","protected":false},"excerpt":{"rendered":"<p><strong>Dague de chasse de haute qualit\u00e9 de taille moyenne du fabricant espagnol Muela, qui a une longue tradition dans la production de dagues de chasse.<\/strong><\/p>\n","protected":false},"featured_media":350777,"comment_status":"open","ping_status":"closed","template":"","meta":[],"pwb-brand":[3909],"product_brand":[],"product_cat":[3697,3696],"product_tag":[3754],"class_list":{"0":"post-350809","1":"product","2":"type-product","3":"status-publish","4":"has-post-thumbnail","6":"pwb-brand-elle-a-du","7":"product_cat-couteaux-solides","8":"product_cat-des-couteaux","9":"product_tag-b2b-fr","11":"first","12":"outofstock","13":"taxable","14":"shipping-taxable","15":"purchasable","16":"product-type-simple"},"brands":[{"id":3909,"name":"Elle a d\u00fb","slug":"elle-a-du"}],"_links":{"self":[{"href":"https:\/\/www.moskito.cz\/fr\/wp-json\/wp\/v2\/product\/350809","targetHints":{"allow":["GET"]}}],"collection":[{"href":"https:\/\/www.moskito.cz\/fr\/wp-json\/wp\/v2\/product"}],"about":[{"href":"https:\/\/www.moskito.cz\/fr\/wp-json\/wp\/v2\/types\/product"}],"replies":[{"embeddable":true,"href":"https:\/\/www.moskito.cz\/fr\/wp-json\/wp\/v2\/comments?post=350809"}],"wp:featuredmedia":[{"embeddable":true,"href":"https:\/\/www.moskito.cz\/fr\/wp-json\/wp\/v2\/media\/350777"}],"wp:attachment":[{"href":"https:\/\/www.moskito.cz\/fr\/wp-json\/wp\/v2\/media?parent=350809"}],"wp:term":[{"taxonomy":"pwb-brand","embeddable":true,"href":"https:\/\/www.moskito.cz\/fr\/wp-json\/wp\/v2\/pwb-brand?post=350809"},{"taxonomy":"product_brand","embeddable":true,"href":"https:\/\/www.moskito.cz\/fr\/wp-json\/wp\/v2\/product_brand?post=350809"},{"taxonomy":"product_cat","embeddable":true,"href":"https:\/\/www.moskito.cz\/fr\/wp-json\/wp\/v2\/product_cat?post=350809"},{"taxonomy":"product_tag","embeddable":true,"href":"https:\/\/www.moskito.cz\/fr\/wp-json\/wp\/v2\/product_tag?post=350809"}],"curies":[{"name":"wp","href":"https:\/\/api.w.org\/{rel}","templated":true}]}}