{"id":350840,"date":"2024-07-10T14:22:29","date_gmt":"2024-07-10T13:23:21","guid":{"rendered":"https:\/\/www.moskito.cz\/produkt\/couteau-fixe-muela-caz-16r\/"},"modified":"2025-05-07T11:20:37","modified_gmt":"2025-05-07T10:20:37","slug":"couteau-fixe-muela-caz-16r","status":"publish","type":"product","link":"https:\/\/www.moskito.cz\/fr\/produkt\/couteau-fixe-muela-caz-16r\/","title":{"rendered":"Couteau Fixe Muela CAZ-16R"},"content":{"rendered":"<p>Couteau Fixe <strong>Muela<\/strong> CAZ-16R<\/p>\n<p>Couteau universel outdoor et Bushcraft. La lame est fabriqu\u00e9e en acier inoxydable au molybd\u00e8ne vanadium de qualit\u00e9 avec une duret\u00e9 d&rsquo;environ 60 HRC. Pour une s\u00e9curit\u00e9 maximale au travail, le couteau est \u00e9quip\u00e9 d&rsquo;une protection m\u00e9tallique double face massive de couleur argent. Le manche est en bois Pakka lamin\u00e9, de forme anatomique et comporte un trou pour un cordon de suspension \u00e0 l&rsquo;extr\u00e9mit\u00e9. Le couteau est livr\u00e9 avec un \u00e9tui en cuir marron.<\/p>\n<p>Caract\u00e9ristiques:<\/p>\n<p>Longueur de la lame : 16 cm.<\/p>\n<p>Longueur du manche : 12 cm.<\/p>\n<p>Longueur totale : 18 cm.<\/p>\n<p>Poids du couteau : 190 g.<\/p>\n<p>Mat\u00e9riau du bo\u00eetier : Cuir<\/p>\n","protected":false},"excerpt":{"rendered":"<p><strong>Couteau universel outdoor et Bushcraft avec \u00e9tui en cuir.<\/strong><\/p>\n","protected":false},"featured_media":350817,"comment_status":"open","ping_status":"closed","template":"","meta":[],"pwb-brand":[3909],"product_brand":[],"product_cat":[3697,3696],"product_tag":[3754],"class_list":{"0":"post-350840","1":"product","2":"type-product","3":"status-publish","4":"has-post-thumbnail","6":"pwb-brand-elle-a-du","7":"product_cat-couteaux-solides","8":"product_cat-des-couteaux","9":"product_tag-b2b-fr","11":"first","12":"instock","13":"taxable","14":"shipping-taxable","15":"purchasable","16":"product-type-simple"},"brands":[{"id":3909,"name":"Elle a d\u00fb","slug":"elle-a-du"}],"_links":{"self":[{"href":"https:\/\/www.moskito.cz\/fr\/wp-json\/wp\/v2\/product\/350840","targetHints":{"allow":["GET"]}}],"collection":[{"href":"https:\/\/www.moskito.cz\/fr\/wp-json\/wp\/v2\/product"}],"about":[{"href":"https:\/\/www.moskito.cz\/fr\/wp-json\/wp\/v2\/types\/product"}],"replies":[{"embeddable":true,"href":"https:\/\/www.moskito.cz\/fr\/wp-json\/wp\/v2\/comments?post=350840"}],"wp:featuredmedia":[{"embeddable":true,"href":"https:\/\/www.moskito.cz\/fr\/wp-json\/wp\/v2\/media\/350817"}],"wp:attachment":[{"href":"https:\/\/www.moskito.cz\/fr\/wp-json\/wp\/v2\/media?parent=350840"}],"wp:term":[{"taxonomy":"pwb-brand","embeddable":true,"href":"https:\/\/www.moskito.cz\/fr\/wp-json\/wp\/v2\/pwb-brand?post=350840"},{"taxonomy":"product_brand","embeddable":true,"href":"https:\/\/www.moskito.cz\/fr\/wp-json\/wp\/v2\/product_brand?post=350840"},{"taxonomy":"product_cat","embeddable":true,"href":"https:\/\/www.moskito.cz\/fr\/wp-json\/wp\/v2\/product_cat?post=350840"},{"taxonomy":"product_tag","embeddable":true,"href":"https:\/\/www.moskito.cz\/fr\/wp-json\/wp\/v2\/product_tag?post=350840"}],"curies":[{"name":"wp","href":"https:\/\/api.w.org\/{rel}","templated":true}]}}