{"id":350864,"date":"2024-07-10T14:42:21","date_gmt":"2024-07-10T13:46:52","guid":{"rendered":"https:\/\/www.moskito.cz\/produkt\/couteau-fixe-muela-gaucho-16r\/"},"modified":"2025-05-07T11:20:38","modified_gmt":"2025-05-07T10:20:38","slug":"couteau-fixe-muela-gaucho-16r","status":"publish","type":"product","link":"https:\/\/www.moskito.cz\/fr\/produkt\/couteau-fixe-muela-gaucho-16r\/","title":{"rendered":"Couteau Fixe Muela GAUCHO-16R"},"content":{"rendered":"<p>Couteau fixe <strong>Muela<\/strong> GAUCHO-16R.<\/p>\n<p>Le couteau <strong>Muela Gaucho 16R<\/strong> s&rsquo;inspire des mod\u00e8les traditionnels argentins. Il est particuli\u00e8rement adapt\u00e9 \u00e0 la chasse et \u00e0 toutes sortes d\u2019activit\u00e9s de plein air.<br \/>\nPropri\u00e9t\u00e9s:<\/p>\n<p>Longueur de la lame : 16 cm.<br \/>\nLongueur du manche : 12 cm.<br \/>\nLongueur totale : 28 cm.<br \/>\n\u00c9paisseur de la feuille : 4 mm.<br \/>\nT\u00f4le d&rsquo;acier inoxydable X50CrMoV15.<br \/>\nPoids : 110g.<br \/>\nDuret\u00e9 : 57\/58 HRc.<br \/>\nMat\u00e9riau du manche : Bois de tige naturel.<br \/>\nMat\u00e9riau du manchon : Acier inoxydable.<br \/>\nMat\u00e9riau du bouton : Renfort en acier inoxydable.<br \/>\nFabriqu\u00e9 en Espagne.<\/p>\n<p>&nbsp;<\/p>\n","protected":false},"excerpt":{"rendered":"<p><strong>Le couteau Muela Gaucho 16R s&rsquo;inspire des mod\u00e8les traditionnels argentins. Il est particuli\u00e8rement adapt\u00e9 \u00e0 la chasse et \u00e0 toutes sortes d\u2019activit\u00e9s de plein air.<\/strong><\/p>\n","protected":false},"featured_media":350849,"comment_status":"open","ping_status":"closed","template":"","meta":[],"pwb-brand":[3909],"product_brand":[],"product_cat":[3697,3696],"product_tag":[3754],"class_list":{"0":"post-350864","1":"product","2":"type-product","3":"status-publish","4":"has-post-thumbnail","6":"pwb-brand-elle-a-du","7":"product_cat-couteaux-solides","8":"product_cat-des-couteaux","9":"product_tag-b2b-fr","11":"first","12":"instock","13":"taxable","14":"shipping-taxable","15":"purchasable","16":"product-type-simple"},"brands":[{"id":3909,"name":"Elle a d\u00fb","slug":"elle-a-du"}],"_links":{"self":[{"href":"https:\/\/www.moskito.cz\/fr\/wp-json\/wp\/v2\/product\/350864","targetHints":{"allow":["GET"]}}],"collection":[{"href":"https:\/\/www.moskito.cz\/fr\/wp-json\/wp\/v2\/product"}],"about":[{"href":"https:\/\/www.moskito.cz\/fr\/wp-json\/wp\/v2\/types\/product"}],"replies":[{"embeddable":true,"href":"https:\/\/www.moskito.cz\/fr\/wp-json\/wp\/v2\/comments?post=350864"}],"wp:featuredmedia":[{"embeddable":true,"href":"https:\/\/www.moskito.cz\/fr\/wp-json\/wp\/v2\/media\/350849"}],"wp:attachment":[{"href":"https:\/\/www.moskito.cz\/fr\/wp-json\/wp\/v2\/media?parent=350864"}],"wp:term":[{"taxonomy":"pwb-brand","embeddable":true,"href":"https:\/\/www.moskito.cz\/fr\/wp-json\/wp\/v2\/pwb-brand?post=350864"},{"taxonomy":"product_brand","embeddable":true,"href":"https:\/\/www.moskito.cz\/fr\/wp-json\/wp\/v2\/product_brand?post=350864"},{"taxonomy":"product_cat","embeddable":true,"href":"https:\/\/www.moskito.cz\/fr\/wp-json\/wp\/v2\/product_cat?post=350864"},{"taxonomy":"product_tag","embeddable":true,"href":"https:\/\/www.moskito.cz\/fr\/wp-json\/wp\/v2\/product_tag?post=350864"}],"curies":[{"name":"wp","href":"https:\/\/api.w.org\/{rel}","templated":true}]}}