{"id":350913,"date":"2024-07-10T14:59:04","date_gmt":"2024-07-10T13:59:04","guid":{"rendered":"https:\/\/www.moskito.cz\/produkt\/couteau-fixe-muela-criollo-17-ol\/"},"modified":"2025-05-07T11:20:40","modified_gmt":"2025-05-07T10:20:40","slug":"couteau-fixe-muela-criollo-17-ol","status":"publish","type":"product","link":"https:\/\/www.moskito.cz\/fr\/produkt\/couteau-fixe-muela-criollo-17-ol\/","title":{"rendered":"Couteau Fixe Muela CRIOLLO-17.OL"},"content":{"rendered":"<p>Couteau Fixe <strong>Muela<\/strong> CRIOLLO-17.OL<\/p>\n<p>Couteau de chasse Muela CRIOLLO-17.OL, acier MoVa, bois d&rsquo;olivier + \u00e9tui en cuir<\/p>\n<p><strong>CRIOLLO-17.OL<\/strong> est un couteau con\u00e7u pour les activit\u00e9s de plein air fabriqu\u00e9 par la c\u00e9l\u00e8bre entreprise Muela \u00e0 Ciudad de Real, en Espagne. Le couteau id\u00e9al pour les passionn\u00e9s de chasse et les personnes appr\u00e9ciant la survie active dans la nature. Il est durable, robuste et peut r\u00e9sister \u00e0 toutes les conditions sans dommage. Des couteaux Muela, qu&rsquo;elle a commenc\u00e9 \u00e0 fabriquer dans une petite pi\u00e8ce dans les ann\u00e9es 1950. ann\u00e9es 20 Famille Muela du si\u00e8cle, ils sont aujourd&rsquo;hui export\u00e9s dans plus de 50 pays sur 5 continents. Muela, qui a une capacit\u00e9 de production annuelle de 350 000 couteaux, vend 70 % de sa production \u00e0 l&rsquo;\u00e9tranger et le reste sur le march\u00e9 int\u00e9rieur.<\/p>\n<p>La lame est rectifi\u00e9e des deux c\u00f4t\u00e9s et est constitu\u00e9e d&rsquo;une combinaison de molybd\u00e8ne et de vanadium, ce qui donne un acier inoxydable MoVa X50CrMoV15 forg\u00e9 \u00e0 la main, avec un degr\u00e9 de duret\u00e9 Brinell HB 55-57 RC, ce qui lui conf\u00e8re une r\u00e9sistance extr\u00eamement \u00e9lev\u00e9e \u00e0 la corrosion et porter. La lame robuste est grav\u00e9e du mod\u00e8le du couteau et du logo Muela, qui t\u00e9moigne de l&rsquo;originalit\u00e9 et de la qualit\u00e9 du produit. Le manche est en bois d&rsquo;olivier, un bois dur exotique issu d&rsquo;arbres originaires du bassin m\u00e9diterran\u00e9en, utilis\u00e9 principalement pour des objets d\u00e9coratifs en raison de son aspect incroyablement riche et color\u00e9 et du fait que la surface du bois peut \u00eatre facilement ponc\u00e9e \u00e0 un degr\u00e9 \u00e9lev\u00e9. La poign\u00e9e a une forme ergonomique, ce qui en fait une excellente prise en main, m\u00eame si votre main est mouill\u00e9e. Il est dot\u00e9 d&rsquo;une protection en laiton con\u00e7ue pour augmenter la s\u00e9curit\u00e9 et \u00e9viter le risque que la paume glisse vers la lame pendant l&rsquo;utilisation, et dispose d&rsquo;un trou \u00e0 l&rsquo;extr\u00e9mit\u00e9 du manche o\u00f9 un c\u00e2ble de s\u00e9curit\u00e9 peut \u00eatre mont\u00e9.<\/p>\n<p>Le couteau est livr\u00e9 dans une bo\u00eete en carton accompagn\u00e9 d&rsquo;un \u00e9tui de protection en cuir marron fabriqu\u00e9 \u00e0 la main par \u00ab\u00a0Quercur Leathercraft\u00a0\u00bb, d&rsquo;un certificat d&rsquo;authenticit\u00e9 et d&rsquo;une carte de garantie. Le fourreau est dot\u00e9 d&rsquo;un syst\u00e8me de fermeture \u00e0 clip et est emboss\u00e9 du logo Muela. Peut \u00eatre attach\u00e9 \u00e0 une ceinture. Tous les couteaux Muela passent entre les mains de ma\u00eetres couteliers exp\u00e9riment\u00e9s qui fabriquent, aff\u00fbtent, polissent et inspectent chaque pi\u00e8ce avec un haut niveau de contr\u00f4le qualit\u00e9.<\/p>\n<p>Fonction:<\/p>\n<p>Longueur de la lame : 17 cm ;<br \/>\n\u00c9paisseur de la lame : 0,4 cm ;<br \/>\nLongueur du manche : 12 cm ;<br \/>\nLongueur totale : 29 cm ;<br \/>\nMat\u00e9riau de la lame : acier MoVa X50CrMoV15 ;<br \/>\nManche : bois d&rsquo;olivier ;<br \/>\nCouleur de la poign\u00e9e : marron ;<br \/>\nPoids : 200g<\/p>\n<p>&nbsp;<\/p>\n","protected":false},"excerpt":{"rendered":"<p><strong>CRIOLLO-17.OL est un couteau con\u00e7u pour les activit\u00e9s de plein air fabriqu\u00e9 par la c\u00e9l\u00e8bre entreprise Muela \u00e0 Ciudad de Real, en Espagne. Le couteau id\u00e9al pour les passionn\u00e9s de chasse et les personnes appr\u00e9ciant la survie active dans la nature. Il est durable, robuste et peut r\u00e9sister \u00e0 toutes les conditions sans dommage.<\/strong><\/p>\n","protected":false},"featured_media":350882,"comment_status":"open","ping_status":"closed","template":"","meta":[],"pwb-brand":[3909],"product_brand":[],"product_cat":[3697,3696],"product_tag":[3754],"class_list":{"0":"post-350913","1":"product","2":"type-product","3":"status-publish","4":"has-post-thumbnail","6":"pwb-brand-elle-a-du","7":"product_cat-couteaux-solides","8":"product_cat-des-couteaux","9":"product_tag-b2b-fr","11":"first","12":"instock","13":"taxable","14":"shipping-taxable","15":"purchasable","16":"product-type-simple"},"brands":[{"id":3909,"name":"Elle a d\u00fb","slug":"elle-a-du"}],"_links":{"self":[{"href":"https:\/\/www.moskito.cz\/fr\/wp-json\/wp\/v2\/product\/350913","targetHints":{"allow":["GET"]}}],"collection":[{"href":"https:\/\/www.moskito.cz\/fr\/wp-json\/wp\/v2\/product"}],"about":[{"href":"https:\/\/www.moskito.cz\/fr\/wp-json\/wp\/v2\/types\/product"}],"replies":[{"embeddable":true,"href":"https:\/\/www.moskito.cz\/fr\/wp-json\/wp\/v2\/comments?post=350913"}],"wp:featuredmedia":[{"embeddable":true,"href":"https:\/\/www.moskito.cz\/fr\/wp-json\/wp\/v2\/media\/350882"}],"wp:attachment":[{"href":"https:\/\/www.moskito.cz\/fr\/wp-json\/wp\/v2\/media?parent=350913"}],"wp:term":[{"taxonomy":"pwb-brand","embeddable":true,"href":"https:\/\/www.moskito.cz\/fr\/wp-json\/wp\/v2\/pwb-brand?post=350913"},{"taxonomy":"product_brand","embeddable":true,"href":"https:\/\/www.moskito.cz\/fr\/wp-json\/wp\/v2\/product_brand?post=350913"},{"taxonomy":"product_cat","embeddable":true,"href":"https:\/\/www.moskito.cz\/fr\/wp-json\/wp\/v2\/product_cat?post=350913"},{"taxonomy":"product_tag","embeddable":true,"href":"https:\/\/www.moskito.cz\/fr\/wp-json\/wp\/v2\/product_tag?post=350913"}],"curies":[{"name":"wp","href":"https:\/\/api.w.org\/{rel}","templated":true}]}}