{"id":351033,"date":"2024-07-10T20:45:37","date_gmt":"2024-07-10T19:45:37","guid":{"rendered":"https:\/\/www.moskito.cz\/produkt\/couteau-de-tir-microtech-combat-troodon-gen-iii-tactique-1143-2t\/"},"modified":"2026-02-16T18:31:17","modified_gmt":"2026-02-16T17:31:17","slug":"couteau-de-tir-microtech-combat-troodon-gen-iii-tactique-1143-2t","status":"publish","type":"product","link":"https:\/\/www.moskito.cz\/fr\/produkt\/couteau-de-tir-microtech-combat-troodon-gen-iii-tactique-1143-2t\/","title":{"rendered":"Couteau de tir Microtech Combat Troodon Gen III Tactique 1143-2T"},"content":{"rendered":"<p data-start=\"165\" data-end=\"218\"><strong data-start=\"165\" data-end=\"218\">Microtech Combat Troodon Gen III Tactical 1143-2T<\/strong><\/p>\n<p data-start=\"220\" data-end=\"583\">Une fois que vous aurez pris en main le Microtech Combat Troodon Gen III Tactical 1143-2T, vous sentirez la m\u00e9canique pr\u00e9cise, la pr\u00e9sence puissante et le caract\u00e8re tactique robuste qui caract\u00e9risent ce mod\u00e8le. Ce couteau repr\u00e9sente l&rsquo;une des variantes tactiques les plus distinctives du l\u00e9gendaire mod\u00e8le OTF &#8211; avec une puissance agressive, un potentiel \u00e9norme et un design ax\u00e9 sur l&rsquo;utilisation professionnelle. <\/p>\n<p data-start=\"585\" data-end=\"668\">Con\u00e7u par Anthony (Tony) Marfion et enti\u00e8rement fabriqu\u00e9 et assembl\u00e9 aux <strong data-start=\"655\" data-end=\"662\">Etats-Unis<\/strong> \ud83c\uddfa\ud83c\uddf8.<\/p>\n<p data-start=\"670\" data-end=\"698\">\ud83d\udd25 <strong data-start=\"673\" data-end=\"698\">Caract\u00e8re et philosophie<\/strong><\/p>\n<p data-start=\"700\" data-end=\"893\">Combat Troodon est synonyme de robustesse et de fiabilit\u00e9 dans les m\u00e9canismes OTF. La version tactique met l&rsquo;accent sur la polyvalence tactique &#8211; id\u00e9ale pour une utilisation professionnelle et pour les utilisateurs exigeants de l&rsquo;EDC. <\/p>\n<p data-start=\"895\" data-end=\"1137\">La glissi\u00e8re lat\u00e9rale encastr\u00e9e est con\u00e7ue pour un fonctionnement intuitif et une manipulation en douceur, pour une extension rapide de la lame et une r\u00e9traction s\u00fbre de la lame. Le m\u00e9canisme est dynamique, mais reste contr\u00f4lable et s\u00fbr gr\u00e2ce \u00e0 la r\u00e9sistance pr\u00e9cise du ressort. <\/p>\n<p data-start=\"1139\" data-end=\"1155\"><strong data-start=\"1142\" data-end=\"1155\">\ud83c\udfed A propos du producteur<\/strong><\/p>\n<p data-start=\"1157\" data-end=\"1294\">Microtech Knives est une marque am\u00e9ricaine avec plus de 30 ans de tradition dans la production de couteaux automatiques et OTF haut de gamme. Les caract\u00e9ristiques typiques sont les suivantes : <\/p>\n<ul data-start=\"1296\" data-end=\"1472\">\n<li data-start=\"1296\" data-end=\"1321\">\n<p data-start=\"1298\" data-end=\"1321\">Usinage CNC de pr\u00e9cision<\/p>\n<\/li>\n<li data-start=\"1322\" data-end=\"1356\">\n<p data-start=\"1324\" data-end=\"1356\">M\u00e9canismes internes brevet\u00e9s<\/p>\n<\/li>\n<li data-start=\"1357\" data-end=\"1386\">\n<p data-start=\"1359\" data-end=\"1386\">Un contr\u00f4le de qualit\u00e9 coh\u00e9rent<\/p>\n<\/li>\n<li data-start=\"1387\" data-end=\"1428\">\n<p data-start=\"1389\" data-end=\"1428\">Mat\u00e9riaux et finitions robustes<\/p>\n<\/li>\n<li data-start=\"1429\" data-end=\"1472\">\n<p data-start=\"1431\" data-end=\"1472\">Un design iconique qui met l&rsquo;accent sur la tactilit\u00e9<\/p>\n<\/li>\n<\/ul>\n<p data-start=\"1474\" data-end=\"1550\">Chaque pi\u00e8ce est fabriqu\u00e9e et assembl\u00e9e \u00e0 la main aux \u00c9tats-Unis sous la direction d&rsquo;Anthony Marfione.<\/p>\n<p data-start=\"1552\" data-end=\"1587\">\ud83d\udde1\ufe0f <strong data-start=\"1556\" data-end=\"1587\">Lame &#8211; Tactical Drop Point<\/strong><\/p>\n<p data-start=\"1589\" data-end=\"1871\">Ce mod\u00e8le est g\u00e9n\u00e9ralement \u00e9quip\u00e9 d&rsquo;une lame Drop Point tactique ou d&rsquo;un profil similaire optimis\u00e9 pour une performance polyvalente &#8211; combinant la r\u00e9sistance de la pointe et un potentiel de coupe polyvalent. La finition mate stonewashed masque l&rsquo;usure et donne au couteau un aspect discret et professionnel. <\/p>\n<p data-start=\"1873\" data-end=\"1897\">La coupe haute garantit :<\/p>\n<ul data-start=\"1899\" data-end=\"1995\">\n<li data-start=\"1899\" data-end=\"1927\">\n<p data-start=\"1901\" data-end=\"1927\">Excellentes propri\u00e9t\u00e9s de coupe<\/p>\n<\/li>\n<li data-start=\"1928\" data-end=\"1953\">\n<p data-start=\"1930\" data-end=\"1953\">Contr\u00f4le \u00e9lev\u00e9 de la coupe<\/p>\n<\/li>\n<li data-start=\"1954\" data-end=\"1971\">\n<p data-start=\"1956\" data-end=\"1971\">R\u00e9sistance de la pointe<\/p>\n<\/li>\n<li data-start=\"1972\" data-end=\"1995\">\n<p data-start=\"1974\" data-end=\"1995\">R\u00e9flexions en cas de faible luminosit\u00e9<\/p>\n<\/li>\n<\/ul>\n<p data-start=\"1997\" data-end=\"2033\"><strong data-start=\"2000\" data-end=\"2033\">\ud83d\udd2c Acier &#8211; Acier inoxydable de qualit\u00e9 sup\u00e9rieure<\/strong><\/p>\n<p data-start=\"2035\" data-end=\"2114\">Le Combat Troodon Gen III utilise g\u00e9n\u00e9ralement l&rsquo;acier \u00e0 couteau le plus performant qu&rsquo;ils proposent :<\/p>\n<ul data-start=\"2116\" data-end=\"2215\">\n<li data-start=\"2116\" data-end=\"2144\">\n<p data-start=\"2118\" data-end=\"2144\">Excellente r\u00e9tention de la lame<\/p>\n<\/li>\n<li data-start=\"2145\" data-end=\"2177\">\n<p data-start=\"2147\" data-end=\"2177\">Bonne r\u00e9sistance \u00e0 la corrosion<\/p>\n<\/li>\n<li data-start=\"2178\" data-end=\"2215\">\n<p data-start=\"2180\" data-end=\"2215\">Haute r\u00e9sistance \u00e0 l&rsquo;usure<\/p>\n<\/li>\n<\/ul>\n<p data-start=\"2217\" data-end=\"2372\">Les utilisateurs et les commentaires mentionnent souvent l&rsquo;utilisation d&rsquo;aciers m\u00e9tallurgiques \u00e0 poudre haut de gamme qui combinent performance et durabilit\u00e9 pour les t\u00e2ches exigeantes et l&rsquo;usure quotidienne.<\/p>\n<p data-start=\"2374\" data-end=\"2422\">\ud83e\udde9 <strong data-start=\"2377\" data-end=\"2422\">Poign\u00e9e &#8211; Construction textur\u00e9e tactique<\/strong><\/p>\n<p data-start=\"2424\" data-end=\"2505\">La poign\u00e9e est con\u00e7ue pour une prise en main ferme et ergonomique lors d&rsquo;une utilisation active :<\/p>\n<ul data-start=\"2507\" data-end=\"2659\">\n<li data-start=\"2507\" data-end=\"2552\">\n<p data-start=\"2509\" data-end=\"2552\">Surface antid\u00e9rapante \u00e0 texture profonde<\/p>\n<\/li>\n<li data-start=\"2553\" data-end=\"2601\">\n<p data-start=\"2555\" data-end=\"2601\">Curseur encastr\u00e9 pour un fonctionnement contr\u00f4l\u00e9<\/p>\n<\/li>\n<li data-start=\"2602\" data-end=\"2635\">\n<p data-start=\"2604\" data-end=\"2635\">Clip de transport ambidextre<\/p>\n<\/li>\n<li data-start=\"2636\" data-end=\"2659\">\n<p data-start=\"2638\" data-end=\"2659\">Construction robuste<\/p>\n<\/li>\n<\/ul>\n<p data-start=\"2661\" data-end=\"2726\">Cette variante donne une impression tactique distincte et met l&rsquo;accent sur la performance.<\/p>\n<p data-start=\"2728\" data-end=\"2769\">\u2699\ufe0f <strong data-start=\"2731\" data-end=\"2769\">Sp\u00e9cifications techniques (indicatives)<\/strong><\/p>\n<p data-start=\"2771\" data-end=\"2820\"><em data-start=\"2771\" data-end=\"2820\">Les param\u00e8tres peuvent varier en fonction de la s\u00e9rie sp\u00e9cifique.<\/em><\/p>\n<div class=\"TyagGW_tableContainer\">\n<div class=\"group TyagGW_tableWrapper flex flex-col-reverse w-fit\" tabindex=\"-1\">\n<table class=\"w-fit min-w-(--thread-content-width)\" data-start=\"2822\" data-end=\"3374\">\n<thead data-start=\"2822\" data-end=\"2840\">\n<tr data-start=\"2822\" data-end=\"2840\">\n<th class=\"\" data-start=\"2822\" data-end=\"2831\" data-col-size=\"sm\">Param\u00e8tre<\/th>\n<th class=\"\" data-start=\"2831\" data-end=\"2840\" data-col-size=\"sm\">Valeur<\/th>\n<\/tr>\n<\/thead>\n<tbody data-start=\"2851\" data-end=\"3374\">\n<tr data-start=\"2851\" data-end=\"2892\">\n<td data-start=\"2851\" data-end=\"2857\" data-col-size=\"sm\">Mod\u00e8le<\/td>\n<td data-col-size=\"sm\" data-start=\"2857\" data-end=\"2892\">Combat Troodon Gen III Tactical<\/td>\n<\/tr>\n<tr data-start=\"2893\" data-end=\"2921\">\n<td data-start=\"2893\" data-end=\"2910\" data-col-size=\"sm\">Num\u00e9ro de produit<\/td>\n<td data-col-size=\"sm\" data-start=\"2910\" data-end=\"2921\">1143-2T<\/td>\n<\/tr>\n<tr data-start=\"2922\" data-end=\"2954\">\n<td data-start=\"2922\" data-end=\"2936\" data-col-size=\"sm\">Longueur totale<\/td>\n<td data-start=\"2936\" data-end=\"2954\" data-col-size=\"sm\">environ 230-240 mm<\/td>\n<\/tr>\n<tr data-start=\"2955\" data-end=\"2985\">\n<td data-start=\"2955\" data-end=\"2968\" data-col-size=\"sm\">Longueur de la lame<\/td>\n<td data-start=\"2968\" data-end=\"2985\" data-col-size=\"sm\">environ 95-100 mm<\/td>\n<\/tr>\n<tr data-start=\"2986\" data-end=\"3020\">\n<td data-start=\"2986\" data-end=\"3002\" data-col-size=\"sm\">\u00c9paisseur de la lame<\/td>\n<td data-start=\"3002\" data-end=\"3020\" data-col-size=\"sm\">environ 3,0-3,5 mm<\/td>\n<\/tr>\n<tr data-start=\"3021\" data-end=\"3054\">\n<td data-start=\"3021\" data-end=\"3036\" data-col-size=\"sm\">Longueur du manche<\/td>\n<td data-start=\"3036\" data-end=\"3054\" data-col-size=\"sm\">environ 135-140 mm<\/td>\n<\/tr>\n<tr data-start=\"3055\" data-end=\"3081\">\n<td data-start=\"3055\" data-end=\"3064\" data-col-size=\"sm\">Poids<\/td>\n<td data-start=\"3064\" data-end=\"3081\" data-col-size=\"sm\">environ 150-160 g<\/td>\n<\/tr>\n<tr data-start=\"3082\" data-end=\"3117\">\n<td data-start=\"3082\" data-end=\"3092\" data-col-size=\"sm\">Type de lame<\/td>\n<td data-start=\"3092\" data-end=\"3117\" data-col-size=\"sm\">Drop Point \/ Tactique<\/td>\n<\/tr>\n<tr data-start=\"3118\" data-end=\"3155\">\n<td data-start=\"3118\" data-end=\"3132\" data-col-size=\"sm\">Surface de la lame<\/td>\n<td data-start=\"3132\" data-end=\"3155\" data-col-size=\"sm\">Lav\u00e9 \u00e0 la pierre \/ Mat<\/td>\n<\/tr>\n<tr data-start=\"3156\" data-end=\"3209\">\n<td data-start=\"3156\" data-end=\"3174\" data-col-size=\"sm\">Mat\u00e9riau du manche<\/td>\n<td data-start=\"3174\" data-end=\"3209\" data-col-size=\"sm\">Aluminium CNC \/ surface anodis\u00e9e<\/td>\n<\/tr>\n<tr data-start=\"3210\" data-end=\"3246\">\n<td data-start=\"3210\" data-end=\"3222\" data-col-size=\"sm\">M\u00e9canisme<\/td>\n<td data-start=\"3222\" data-end=\"3246\" data-col-size=\"sm\">D\/A OTF &#8211; Verrouillage de la glissi\u00e8re<\/td>\n<\/tr>\n<tr data-start=\"3247\" data-end=\"3289\">\n<td data-start=\"3247\" data-end=\"3257\" data-col-size=\"sm\">Ouverture<\/td>\n<td data-col-size=\"sm\" data-start=\"3257\" data-end=\"3289\">Automatique &#8211; curseur lat\u00e9ral<\/td>\n<\/tr>\n<tr data-start=\"3290\" data-end=\"3324\">\n<td data-start=\"3290\" data-end=\"3295\" data-col-size=\"sm\">Clip<\/td>\n<td data-start=\"3295\" data-end=\"3324\" data-col-size=\"sm\">Ambidextre, portage profond<\/td>\n<\/tr>\n<tr data-start=\"3325\" data-end=\"3354\">\n<td data-start=\"3325\" data-end=\"3334\" data-col-size=\"sm\">Designer<\/td>\n<td data-start=\"3334\" data-end=\"3354\" data-col-size=\"sm\">Anthony Marfione<\/td>\n<\/tr>\n<tr data-start=\"3355\" data-end=\"3374\">\n<td data-start=\"3355\" data-end=\"3367\" data-col-size=\"sm\">Pays d&rsquo;origine<\/td>\n<td data-start=\"3367\" data-end=\"3374\" data-col-size=\"sm\">\u00c9TATS-UNIS D&rsquo;AM\u00c9RIQUE<\/td>\n<\/tr>\n<\/tbody>\n<\/table>\n<\/div>\n<\/div>\n<p data-start=\"3376\" data-end=\"3395\">\u2705 <strong data-start=\"3378\" data-end=\"3395\">Principaux avantages<\/strong><\/p>\n<ul data-start=\"3397\" data-end=\"3601\">\n<li data-start=\"3397\" data-end=\"3442\">\n<p data-start=\"3399\" data-end=\"3442\">M\u00e9canisme D\/A OTF robuste et fiable<\/p>\n<\/li>\n<li data-start=\"3443\" data-end=\"3490\">\n<p data-start=\"3445\" data-end=\"3490\">Conception tactique \u00e0 usage universel<\/p>\n<\/li>\n<li data-start=\"3491\" data-end=\"3515\">\n<p data-start=\"3493\" data-end=\"3515\">Lame solide et durable<\/p>\n<\/li>\n<li data-start=\"3516\" data-end=\"3557\">\n<p data-start=\"3518\" data-end=\"3557\">Mat\u00e9riaux et finitions de qualit\u00e9 sup\u00e9rieure<\/p>\n<\/li>\n<li data-start=\"3558\" data-end=\"3601\">\n<p data-start=\"3560\" data-end=\"3601\">Poign\u00e9e ergonomique avec texture de qualit\u00e9<\/p>\n<\/li>\n<\/ul>\n<p data-start=\"3603\" data-end=\"3623\">\u26a0\ufe0f <strong data-start=\"3606\" data-end=\"3623\">Restrictions possibles<\/strong><\/p>\n<ul data-start=\"3625\" data-end=\"3850\">\n<li data-start=\"3625\" data-end=\"3681\">\n<p data-start=\"3627\" data-end=\"3681\">Niveau de prix plus \u00e9lev\u00e9 correspondant \u00e0 la cat\u00e9gorie premium<\/p>\n<\/li>\n<li data-start=\"3682\" data-end=\"3730\">\n<p data-start=\"3684\" data-end=\"3730\">Les grandes dimensions peuvent ne pas convenir \u00e0 tout le monde comme EDC<\/p>\n<\/li>\n<li data-start=\"3731\" data-end=\"3850\">\n<p data-start=\"3733\" data-end=\"3850\">Certains utilisateurs recommandent de modifier le m\u00e9canisme pour un fonctionnement plus souple (huile, entretien) &#8211; ceci est courant sur les nouveaux mod\u00e8les Gen III.<\/p>\n<\/li>\n<\/ul>\n<p data-start=\"3852\" data-end=\"3873\">\ud83d\udee0\ufe0f <strong data-start=\"3856\" data-end=\"3873\">Entretien et soins<\/strong><\/p>\n<ul data-start=\"3875\" data-end=\"4049\">\n<li data-start=\"3875\" data-end=\"3910\">\n<p data-start=\"3877\" data-end=\"3910\">Nettoyez et s\u00e9chez la lame apr\u00e8s utilisation<\/p>\n<\/li>\n<li data-start=\"3911\" data-end=\"3942\">\n<p data-start=\"3913\" data-end=\"3942\">Veillez \u00e0 ce que la poign\u00e9e ne soit pas encrass\u00e9e<\/p>\n<\/li>\n<li data-start=\"3943\" data-end=\"3996\">\n<p data-start=\"3945\" data-end=\"3996\">V\u00e9rifiez le m\u00e9canisme en permanence et enlevez la poussi\u00e8re\/les salet\u00e9s.<\/p>\n<\/li>\n<li data-start=\"3997\" data-end=\"4049\">\n<p data-start=\"3999\" data-end=\"4049\">Lubrifiez l\u00e9g\u00e8rement les pi\u00e8ces mobiles en cas d&rsquo;inactivit\u00e9 prolong\u00e9e.<\/p>\n<\/li>\n<\/ul>\n<p data-start=\"4051\" data-end=\"4102\">Un entretien ad\u00e9quat permettra au m\u00e9canisme de rester souple et fiable.<\/p>\n<p data-start=\"4104\" data-end=\"4125\">\ud83c\udfaf <strong data-start=\"4107\" data-end=\"4125\">Recommand\u00e9 pour<\/strong><\/p>\n<ul data-start=\"4127\" data-end=\"4281\">\n<li data-start=\"4127\" data-end=\"4161\">\n<p data-start=\"4129\" data-end=\"4161\">Utilisation tactique professionnelle<\/p>\n<\/li>\n<li data-start=\"4162\" data-end=\"4187\">\n<p data-start=\"4164\" data-end=\"4187\">Des utilisateurs d&rsquo;EDC exigeants<\/p>\n<\/li>\n<li data-start=\"4188\" data-end=\"4223\">\n<p data-start=\"4190\" data-end=\"4223\">Collectionneurs de mod\u00e8les haut de gamme de la FTO<\/p>\n<\/li>\n<li data-start=\"4224\" data-end=\"4281\">\n<p data-start=\"4226\" data-end=\"4281\">Les utilisateurs qui pr\u00e9f\u00e8rent un couteau automatique robuste et de grande taille<\/p>\n<\/li>\n<\/ul>\n<p data-start=\"4283\" data-end=\"4308\">\u2b50 <strong data-start=\"4285\" data-end=\"4308\">Note finale<\/strong><\/p>\n<p data-start=\"4310\" data-end=\"4571\">Le Microtech Combat Troodon Gen III Tactical 1143-2T est un couteau OTF tactique haut de gamme avec un design robuste, un m\u00e9canisme rapide et des performances polyvalentes. C&rsquo;est le choix pour ceux qui veulent un maximum de fiabilit\u00e9, de puissance et de caract\u00e8re professionnel sans compromis \ud83d\udd2a\ud83d\udd25\ud83d\udd25. <\/p>\n<p>&nbsp;<\/p>\n<p><iframe title=\"Microtech Combat Troodon Torture Test\" width=\"800\" height=\"450\" src=\"https:\/\/www.youtube.com\/embed\/xE9TeOFYEjg?feature=oembed\" frameborder=\"0\" allow=\"accelerometer; autoplay; clipboard-write; encrypted-media; gyroscope; picture-in-picture; web-share\" referrerpolicy=\"strict-origin-when-cross-origin\" allowfullscreen><\/iframe><\/p>\n<p>&nbsp;<\/p>\n","protected":false},"excerpt":{"rendered":"<p><strong>Au fil des ann\u00e9es, Microtech\u00ae Knives a rempli les couteaux avec passion et comp\u00e9tence pour cr\u00e9er presque des \u0153uvres d&rsquo;art qui sont le summum de la fonctionnalit\u00e9. Toutes les pi\u00e8ces sont fabriqu\u00e9es aux \u00c9tats-Unis.<\/strong><br \/>\n <strong>Tous les couteaux Microtech sont garantis \u00e0 vie.<\/strong><\/p>\n<p> <strong>Livraison gratuite.<\/strong><\/p>\n","protected":false},"featured_media":350982,"comment_status":"open","ping_status":"closed","template":"","meta":[],"pwb-brand":[3751],"product_brand":[],"product_cat":[3699,3696],"product_tag":[3754],"class_list":{"0":"post-351033","1":"product","2":"type-product","3":"status-publish","4":"has-post-thumbnail","6":"pwb-brand-microtechnologie","7":"product_cat-couteaux-de-tir","8":"product_cat-des-couteaux","9":"product_tag-b2b-fr","11":"first","12":"instock","13":"taxable","14":"shipping-taxable","15":"purchasable","16":"product-type-simple"},"brands":[{"id":3751,"name":"Microtechnologie","slug":"microtechnologie"}],"_links":{"self":[{"href":"https:\/\/www.moskito.cz\/fr\/wp-json\/wp\/v2\/product\/351033","targetHints":{"allow":["GET"]}}],"collection":[{"href":"https:\/\/www.moskito.cz\/fr\/wp-json\/wp\/v2\/product"}],"about":[{"href":"https:\/\/www.moskito.cz\/fr\/wp-json\/wp\/v2\/types\/product"}],"replies":[{"embeddable":true,"href":"https:\/\/www.moskito.cz\/fr\/wp-json\/wp\/v2\/comments?post=351033"}],"wp:featuredmedia":[{"embeddable":true,"href":"https:\/\/www.moskito.cz\/fr\/wp-json\/wp\/v2\/media\/350982"}],"wp:attachment":[{"href":"https:\/\/www.moskito.cz\/fr\/wp-json\/wp\/v2\/media?parent=351033"}],"wp:term":[{"taxonomy":"pwb-brand","embeddable":true,"href":"https:\/\/www.moskito.cz\/fr\/wp-json\/wp\/v2\/pwb-brand?post=351033"},{"taxonomy":"product_brand","embeddable":true,"href":"https:\/\/www.moskito.cz\/fr\/wp-json\/wp\/v2\/product_brand?post=351033"},{"taxonomy":"product_cat","embeddable":true,"href":"https:\/\/www.moskito.cz\/fr\/wp-json\/wp\/v2\/product_cat?post=351033"},{"taxonomy":"product_tag","embeddable":true,"href":"https:\/\/www.moskito.cz\/fr\/wp-json\/wp\/v2\/product_tag?post=351033"}],"curies":[{"name":"wp","href":"https:\/\/api.w.org\/{rel}","templated":true}]}}