{"id":351088,"date":"2024-07-10T21:03:51","date_gmt":"2024-07-10T20:03:51","guid":{"rendered":"https:\/\/www.moskito.cz\/produkt\/couteau-de-tir-microtech-combat-troodon-gen-iii-1142-1nc\/"},"modified":"2026-03-02T13:59:40","modified_gmt":"2026-03-02T12:59:40","slug":"couteau-de-tir-microtech-combat-troodon-gen-iii-1142-1nc","status":"publish","type":"product","link":"https:\/\/www.moskito.cz\/fr\/produkt\/couteau-de-tir-microtech-combat-troodon-gen-iii-1142-1nc\/","title":{"rendered":"Couteau de tir Microtech Combat Troodon Gen III 1142-1NC"},"content":{"rendered":"<h3 data-pm-slice=\"1 1 []\"><strong>Couteau de tir Microtech Combat Troodon Gen III 1142-1NC<\/strong><\/h3>\n<p>Le Microtech Combat Troodon Gen III 1142-1NC est un couteau \u00e0 cran d&rsquo;arr\u00eat de haute performance con\u00e7u pour les op\u00e9rations tactiques exigeantes et pour les collectionneurs \u00e0 la recherche d&rsquo;une pi\u00e8ce unique <strong>difficile \u00e0 trouver<\/strong>. Ce mod\u00e8le combine un travail de pr\u00e9cision, des mat\u00e9riaux de qualit\u00e9 sup\u00e9rieure et une extension de lame rapide comme l&rsquo;\u00e9clair avec un m\u00e9canisme automatique OTF. Toutes les pi\u00e8ces et l&rsquo;assemblage sont fabriqu\u00e9s aux \u00c9tats-Unis, ce qui garantit une qualit\u00e9 et une fiabilit\u00e9 optimales.  <\/p>\n<div>\n<hr>\n<\/div>\n<h3><strong>\ud83d\udd39 Fonctionnalit\u00e9s cl\u00e9s<\/strong><\/h3>\n<p>\ud83d\udd2a <strong>Lame :<\/strong><br \/>\n\u2714\ufe0f <strong>M390<\/strong> &#8211; Acier poudr\u00e9 de premi\u00e8re qualit\u00e9 avec une excellente r\u00e9tention du tranchant, une duret\u00e9 extr\u00eame et une grande r\u00e9sistance \u00e0 l&rsquo;usure et \u00e0 la corrosion.<\/p>\n<p>\ud83d\udccf <strong>Longueur de la lame :<\/strong><br \/>\n\u2714\ufe0f <strong>9,5 cm<\/strong> &#8211; Taille optimale pour des coupes pr\u00e9cises et efficaces.<\/p>\n<p><strong>\ud83d\udccf Longueur totale :<\/strong><br \/>\n\u2714\ufe0f <strong>23,5 cm<\/strong> &#8211; Dimensions ergonomiques \u00e9quilibr\u00e9es pour une manipulation s\u00fbre et confortable.<\/p>\n<p>\ud83d\udcaa <strong>\u00c9paisseur de la lame :<\/strong><br \/>\n\u2714\ufe0f <strong>4 mm<\/strong> &#8211; La construction robuste assure une r\u00e9sistance maximale m\u00eame en cas d&rsquo;utilisation intensive.<\/p>\n<p>\ud83c\udfa8 F <strong>inition de la lame :<\/strong><br \/>\n\u2714\ufe0f <strong>NC finish<\/strong> &#8211; Cette finition unique donne \u00e0 la lame un aspect \u00e9l\u00e9gant et augmente sa r\u00e9sistance \u00e0 l&rsquo;usure.<\/p>\n<p>\ud83c\udfa8 <strong>Manche :<\/strong><br \/>\n\u2714\ufe0f <strong>Alliage d&rsquo;aluminium<\/strong> &#8211; L\u00e9ger et extr\u00eamement durable, forme ergonomique pour une prise en main s\u00fbre et confortable.<\/p>\n<p>\u2696\ufe0f <strong>Poids :<\/strong><br \/>\n\u2714\ufe0f <strong>155 g<\/strong> &#8211; La combinaison id\u00e9ale de l\u00e9g\u00e8ret\u00e9 et de robustesse pour le transport quotidien (EDC).<\/p>\n<p><strong>\ud83d\udee1 M\u00e9canisme d&rsquo;ouverture :<\/strong><br \/>\n\u2714\ufe0f <strong>OTF automatique<\/strong> &#8211; Extension et r\u00e9traction rapides et douces de la lame d&rsquo;une seule main pour une r\u00e9ponse instantan\u00e9e.<\/p>\n<p>\ud83d\udd17 <strong>Verrouillage :<\/strong><br \/>\n\u2714\ufe0f <strong>M\u00e9canisme de double verrouillage<\/strong> &#8211; Fixe fermement la lame en position ouverte et ferm\u00e9e pour une s\u00e9curit\u00e9 maximale.<\/p>\n<p>\ud83d\udce6 <strong>\u00c9tui :<\/strong><br \/>\n\u2714\ufe0f <strong>Ce mod\u00e8le est livr\u00e9 sans \u00e9tui.<\/strong><\/p>\n<p>\ud83d\udccc C <strong>lip de transport :<\/strong><br \/>\n\u2714\ufe0f <strong>Clip de poche r\u00e9versible<\/strong> &#8211; Permet un transport pratique et discret dans une poche ou \u00e0 la ceinture.<\/p>\n<p>\ud83c\uddfa\ud83c\uddf8 <strong>Fabriqu\u00e9 aux \u00c9tats-Unis :<\/strong><br \/>\n\u2714\ufe0f <strong>Toutes les pi\u00e8ces du couteau et l&rsquo;assemblage sont fabriqu\u00e9s aux \u00c9tats-Unis.<\/strong><\/p>\n<div>\n<hr>\n<\/div>\n<h3><strong>\ud83c\udfaf Utiliser<\/strong><\/h3>\n<p>\u2705 <strong>Utilisation tactique<\/strong><br \/>\nUne construction robuste et un m\u00e9canisme OTF foudroyant font de ce mod\u00e8le le choix id\u00e9al pour les professionnels de l&rsquo;arm\u00e9e, de la police et des forces de s\u00e9curit\u00e9.<\/p>\n<p><strong>\u2705 Pi\u00e8ce de collection<\/strong><br \/>\nL&rsquo;exclusivit\u00e9, la pr\u00e9cision d&rsquo;ex\u00e9cution et la disponibilit\u00e9 limit\u00e9e en font un ajout de grande valeur \u00e0 toute collection.<\/p>\n<p>\u2705 <strong>Utilisation quotidienne (EDC)<\/strong><br \/>\nLes dimensions compactes et le poids \u00e9quilibr\u00e9 garantissent un port confortable tout au long de la journ\u00e9e sans solliciter inutilement le mod\u00e8le.<\/p>\n<p>\u2705 <strong>Outdoor et Survival<\/strong><br \/>\nLa construction durable et les mat\u00e9riaux de qualit\u00e9 sup\u00e9rieure garantissent que le couteau r\u00e9sistera aux conditions ext\u00e9rieures extr\u00eames et aux sc\u00e9narios de survie.<\/p>\n<div>\n<hr>\n<\/div>\n<h3><strong>\ud83d\udee0 Entretien et meulage<\/strong><\/h3>\n<p>\ud83e\uddfc <strong>Entretien :<\/strong><br \/>\n\u2714\ufe0f Essuyez la lame avec un chiffon sec ou l\u00e9g\u00e8rement humide apr\u00e8s chaque utilisation.<br \/>\n\u2714\ufe0f Appliquez de l&rsquo;huile de protection sur la lame et les pi\u00e8ces mobiles pour \u00e9viter la corrosion.<br \/>\n\u2714\ufe0f Conservez le couteau dans un endroit sec, \u00e0 l&rsquo;abri de l&rsquo;humidit\u00e9.<br \/>\n\u2714\ufe0f Lubrifiez r\u00e9guli\u00e8rement le m\u00e9canisme pour assurer son bon fonctionnement.<\/p>\n<p>\ud83d\udd2a <strong>Aff\u00fbtage :<\/strong><br \/>\n\u2714\ufe0f Utilisez des aiguiseurs en diamant ou en c\u00e9ramique pour conserver un tranchant optimal.<br \/>\n\u2714\ufe0f Angle d&rsquo;aff\u00fbtage recommand\u00e9 : <strong>20\u00b0-25\u00b0<\/strong> &#8211; pour une efficacit\u00e9 de coupe maximale.<br \/>\n\u2714\ufe0f Entretenez r\u00e9guli\u00e8rement la lame pour vous assurer qu&rsquo;elle est toujours pr\u00eate \u00e0 l&#8217;emploi.<\/p>\n<div>\n<hr>\n<\/div>\n<h3><strong>\ud83d\udc4d Avantages et inconv\u00e9nients<\/strong><\/h3>\n<p><strong>M\u00e9canisme OTF extr\u00eamement rapide et fiable<\/strong> &#8211; permet l&rsquo;extension et la r\u00e9traction instantan\u00e9es de la lame d&rsquo;une seule main.<br \/>\n\u2705 <strong>Acier M390 de premi\u00e8re qualit\u00e9<\/strong> &#8211; excellente r\u00e9tention de la lame, longue dur\u00e9e de vie et grande r\u00e9sistance \u00e0 l&rsquo;usure.<br \/>\n<strong>Poign\u00e9e ergonomique en aluminium<\/strong> &#8211; l\u00e9g\u00e8re, durable et assurant une prise en main confortable m\u00eame en cas d&rsquo;utilisation intensive.<br \/>\n\u2705 <strong>Exclusivit\u00e9<\/strong> &#8211; ce mod\u00e8le <strong>n&rsquo;est pas commun\u00e9ment disponible<\/strong>, ce qui lui conf\u00e8re une grande valeur pour les collectionneurs.<br \/>\n\u2705 <strong>Made in the USA<\/strong> &#8211; la production enti\u00e8rement am\u00e9ricaine garantit une qualit\u00e9 sup\u00e9rieure.<\/p>\n<p>\u274c <strong>Prix plus \u00e9lev\u00e9<\/strong> &#8211; correspond \u00e0 des mat\u00e9riaux de qualit\u00e9 sup\u00e9rieure et \u00e0 une fabrication pr\u00e9cise.<br \/>\n\u274c <strong>Sans \u00e9tui<\/strong> &#8211; le couteau est livr\u00e9 sans \u00e9tui de protection, qui doit \u00eatre achet\u00e9 s\u00e9par\u00e9ment.<\/p>\n<div>\n<hr>\n<\/div>\n<h3><strong>\ud83d\udd12 Garantie de qualit\u00e9<\/strong><\/h3>\n<p>\ud83d\udee1\ufe0f <strong>Garantie \u00e0 vie<\/strong> &#8211; Ce mod\u00e8le b\u00e9n\u00e9ficie d&rsquo;une garantie \u00e0 vie, confirmant sa qualit\u00e9 sup\u00e9rieure et sa durabilit\u00e9.<br \/>\n\ud83d\ude9a <strong>Livraison<\/strong> gratuite &#8211; B\u00e9n\u00e9ficiez de la livraison gratuite lorsque vous commandez ce mod\u00e8le !<\/p>\n<div>\n<hr>\n<\/div>\n<h3><strong>\ud83d\udd1a Conclusion<\/strong><\/h3>\n<p>Le Microtech Combat Troodon Gen III 1142-1NC est le choix ultime pour ceux qui recherchent une lame \u00e0 cran d&rsquo;arr\u00eat tr\u00e8s durable et fiable, avec une fabrication de pr\u00e9cision et un m\u00e9canisme OTF rapide comme l&rsquo;\u00e9clair. Fabriqu\u00e9 enti\u00e8rement aux Etats-Unis, ce mod\u00e8le offre des performances maximales pour les op\u00e9rations tactiques, le transport quotidien (EDC) et les aventures en plein air. Il s&rsquo;agit d&rsquo;une pi\u00e8ce exclusive <strong>difficile \u00e0 trouver<\/strong>, et avec une garantie \u00e0 vie et des frais de port gratuits, c&rsquo;est un investissement indispensable dans une qualit\u00e9 sup\u00e9rieure.  <\/p>\n<p><strong>\ud83d\uded2 Commandez maintenant et \u00e9largissez votre collection avec cette pi\u00e8ce exclusive !<\/strong><\/p>\n<p>&nbsp;<\/p>\n<p><iframe title=\"Microtech Combat Troodon Torture Test\" width=\"800\" height=\"450\" src=\"https:\/\/www.youtube.com\/embed\/xE9TeOFYEjg?feature=oembed\" frameborder=\"0\" allow=\"accelerometer; autoplay; clipboard-write; encrypted-media; gyroscope; picture-in-picture; web-share\" referrerpolicy=\"strict-origin-when-cross-origin\" allowfullscreen><\/iframe><\/p>\n<p>&nbsp;<\/p>\n","protected":false},"excerpt":{"rendered":"<p><strong>Le Microtech Combat Troodon Gen III 1142-1NC est le choix ultime pour ceux qui recherchent une lame \u00e0 cran d&rsquo;arr\u00eat tr\u00e8s durable et fiable, avec une fabrication de pr\u00e9cision et un m\u00e9canisme OTF rapide comme l&rsquo;\u00e9clair. Fabriqu\u00e9 enti\u00e8rement aux Etats-Unis, ce mod\u00e8le offre des performances maximales pour les op\u00e9rations tactiques, le transport quotidien (EDC) et les aventures en plein air. Il s&rsquo;agit d&rsquo;une pi\u00e8ce exclusive difficile \u00e0 trouver, et avec une garantie \u00e0 vie et des frais de port gratuits, c&rsquo;est un investissement indispensable dans une qualit\u00e9 sup\u00e9rieure.  <\/strong><\/p>\n<p><strong>\ud83d\udce6 Commandez maintenant et obtenez la livraison gratuite \ud83d\ude9a<\/strong><\/p>\n","protected":false},"featured_media":351039,"comment_status":"open","ping_status":"closed","template":"","meta":[],"pwb-brand":[3751],"product_brand":[],"product_cat":[3699,3696],"product_tag":[3754],"class_list":{"0":"post-351088","1":"product","2":"type-product","3":"status-publish","4":"has-post-thumbnail","6":"pwb-brand-microtechnologie","7":"product_cat-couteaux-de-tir","8":"product_cat-des-couteaux","9":"product_tag-b2b-fr","11":"first","12":"outofstock","13":"taxable","14":"shipping-taxable","15":"purchasable","16":"product-type-simple"},"brands":[{"id":3751,"name":"Microtechnologie","slug":"microtechnologie"}],"_links":{"self":[{"href":"https:\/\/www.moskito.cz\/fr\/wp-json\/wp\/v2\/product\/351088","targetHints":{"allow":["GET"]}}],"collection":[{"href":"https:\/\/www.moskito.cz\/fr\/wp-json\/wp\/v2\/product"}],"about":[{"href":"https:\/\/www.moskito.cz\/fr\/wp-json\/wp\/v2\/types\/product"}],"replies":[{"embeddable":true,"href":"https:\/\/www.moskito.cz\/fr\/wp-json\/wp\/v2\/comments?post=351088"}],"wp:featuredmedia":[{"embeddable":true,"href":"https:\/\/www.moskito.cz\/fr\/wp-json\/wp\/v2\/media\/351039"}],"wp:attachment":[{"href":"https:\/\/www.moskito.cz\/fr\/wp-json\/wp\/v2\/media?parent=351088"}],"wp:term":[{"taxonomy":"pwb-brand","embeddable":true,"href":"https:\/\/www.moskito.cz\/fr\/wp-json\/wp\/v2\/pwb-brand?post=351088"},{"taxonomy":"product_brand","embeddable":true,"href":"https:\/\/www.moskito.cz\/fr\/wp-json\/wp\/v2\/product_brand?post=351088"},{"taxonomy":"product_cat","embeddable":true,"href":"https:\/\/www.moskito.cz\/fr\/wp-json\/wp\/v2\/product_cat?post=351088"},{"taxonomy":"product_tag","embeddable":true,"href":"https:\/\/www.moskito.cz\/fr\/wp-json\/wp\/v2\/product_tag?post=351088"}],"curies":[{"name":"wp","href":"https:\/\/api.w.org\/{rel}","templated":true}]}}