{"id":351203,"date":"2024-07-11T10:09:52","date_gmt":"2024-07-11T09:11:55","guid":{"rendered":"https:\/\/www.moskito.cz\/produkt\/couteau-solide-muela-pioneer-14-ol\/"},"modified":"2025-05-07T11:20:46","modified_gmt":"2025-05-07T10:20:46","slug":"couteau-solide-muela-pioneer-14-ol","status":"publish","type":"product","link":"https:\/\/www.moskito.cz\/fr\/produkt\/couteau-solide-muela-pioneer-14-ol\/","title":{"rendered":"Couteau Solide Muela PIONEER-14.OL"},"content":{"rendered":"<p>Couteau Solide <strong>Muela<\/strong> PIONEER-14.OL<\/p>\n<p>Les couteaux <strong>Muela<\/strong> sont produits par une entreprise espagnole qui produit des couteaux de chasse, des couteaux pliants, des couteaux de luxe et bien d&rsquo;autres \u00e0 des prix abordables et de haute qualit\u00e9.<\/p>\n<p>Le couteau de la soci\u00e9t\u00e9 espagnole <strong>Muela<\/strong> convient \u00e0 la chasse et aux loisirs dans la nature. Gr\u00e2ce \u00e0 sa construction, il est extr\u00eamement durable et fiable m\u00eame dans des conditions exigeantes. Le couteau est constitu\u00e9 d&rsquo;une seule pi\u00e8ce d&rsquo;acier au molybd\u00e8ne vanadium d&rsquo;une duret\u00e9 de 58 \u00e0 61 HRC. Le manche est bien anatomique et s&rsquo;adapte parfaitement \u00e0 la main, les poign\u00e9es sont en bois d&rsquo;olivier avec un beau motif. Au bout de la poign\u00e9e se trouve un trou pour un cordon de suspension. Le couteau est livr\u00e9 avec un \u00e9tui en cuir marron.<\/p>\n<p>Mat\u00e9riau de la lame&nbsp;: MoVa<br \/>\nMat\u00e9riau du manche : Bois<br \/>\nMat\u00e9riau du bo\u00eetier : Cuir<br \/>\nLongueur de la lame : 13,5 cm<br \/>\nLongueur totale : 26,5 cm<br \/>\nLongueur du manche : 13 cm<br \/>\nPoids : 230g<br \/>\nType de lame&nbsp;:&nbsp;pointe de chute<\/p>\n","protected":false},"excerpt":{"rendered":"<p><strong>Un couteau de la soci\u00e9t\u00e9 espagnole Muela, adapt\u00e9 pour chasser et passer du temps dans la nature. Gr\u00e2ce \u00e0 sa construction, il est extr\u00eamement durable et fiable m\u00eame dans des conditions exigeantes.<\/strong><\/p>\n","protected":false},"featured_media":351157,"comment_status":"open","ping_status":"closed","template":"","meta":[],"pwb-brand":[3909],"product_brand":[],"product_cat":[3697,3696],"product_tag":[3754],"class_list":{"0":"post-351203","1":"product","2":"type-product","3":"status-publish","4":"has-post-thumbnail","6":"pwb-brand-elle-a-du","7":"product_cat-couteaux-solides","8":"product_cat-des-couteaux","9":"product_tag-b2b-fr","11":"first","12":"outofstock","13":"taxable","14":"shipping-taxable","15":"purchasable","16":"product-type-simple"},"brands":[{"id":3909,"name":"Elle a d\u00fb","slug":"elle-a-du"}],"_links":{"self":[{"href":"https:\/\/www.moskito.cz\/fr\/wp-json\/wp\/v2\/product\/351203","targetHints":{"allow":["GET"]}}],"collection":[{"href":"https:\/\/www.moskito.cz\/fr\/wp-json\/wp\/v2\/product"}],"about":[{"href":"https:\/\/www.moskito.cz\/fr\/wp-json\/wp\/v2\/types\/product"}],"replies":[{"embeddable":true,"href":"https:\/\/www.moskito.cz\/fr\/wp-json\/wp\/v2\/comments?post=351203"}],"wp:featuredmedia":[{"embeddable":true,"href":"https:\/\/www.moskito.cz\/fr\/wp-json\/wp\/v2\/media\/351157"}],"wp:attachment":[{"href":"https:\/\/www.moskito.cz\/fr\/wp-json\/wp\/v2\/media?parent=351203"}],"wp:term":[{"taxonomy":"pwb-brand","embeddable":true,"href":"https:\/\/www.moskito.cz\/fr\/wp-json\/wp\/v2\/pwb-brand?post=351203"},{"taxonomy":"product_brand","embeddable":true,"href":"https:\/\/www.moskito.cz\/fr\/wp-json\/wp\/v2\/product_brand?post=351203"},{"taxonomy":"product_cat","embeddable":true,"href":"https:\/\/www.moskito.cz\/fr\/wp-json\/wp\/v2\/product_cat?post=351203"},{"taxonomy":"product_tag","embeddable":true,"href":"https:\/\/www.moskito.cz\/fr\/wp-json\/wp\/v2\/product_tag?post=351203"}],"curies":[{"name":"wp","href":"https:\/\/api.w.org\/{rel}","templated":true}]}}