{"id":351228,"date":"2024-07-11T10:26:06","date_gmt":"2024-07-11T09:31:53","guid":{"rendered":"https:\/\/www.moskito.cz\/produkt\/couteau-solide-muela-pioneer-14nl\/"},"modified":"2025-05-07T11:20:47","modified_gmt":"2025-05-07T10:20:47","slug":"couteau-solide-muela-pioneer-14nl","status":"publish","type":"product","link":"https:\/\/www.moskito.cz\/fr\/produkt\/couteau-solide-muela-pioneer-14nl\/","title":{"rendered":"Couteau Solide Muela PIONEER-14NL"},"content":{"rendered":"<p>Couteau solide <strong>Muela<\/strong> PIONEER-14NL.<\/p>\n<p>Les couteaux <strong>Muela<\/strong> sont produits par une entreprise espagnole qui produit des couteaux de chasse, des couteaux pliants, des couteaux de luxe et bien d&rsquo;autres \u00e0 des prix abordables et de haute qualit\u00e9.<\/p>\n<p>Couteau de chasse universel avec \u00e9tui en cuir de la soci\u00e9t\u00e9 espagnole <strong>Muela<\/strong> . Il est fabriqu\u00e9 \u00e0 partir d\u2019une seule pi\u00e8ce d\u2019acier au molybd\u00e8ne vanadium et du bois de rose a \u00e9t\u00e9 utilis\u00e9 pour la touche. Au bout de la poign\u00e9e se trouve un trou pour enfiler le cordon de poignet. Les couteaux de cette construction sont tr\u00e8s durables et robustes. Le couteau est livr\u00e9 avec un \u00e9tui en cuir.<\/p>\n<p>Mat\u00e9riau de la lame&nbsp;: MoVa<br \/>\nMat\u00e9riau du manche : Bois<br \/>\nMat\u00e9riau du bo\u00eetier : Cuir<br \/>\nLongueur de la lame : 14,5 cm<br \/>\nLongueur totale : 27 cm<br \/>\nLongueur du manche : 12,5 cm<br \/>\nPoids : 240g<br \/>\nType de lame&nbsp;:&nbsp;pointe de chute<\/p>\n<p>&nbsp;<\/p>\n","protected":false},"excerpt":{"rendered":"<p><strong>Couteau de chasse universel avec \u00e9tui en cuir de la soci\u00e9t\u00e9 espagnole Muela.<\/strong><\/p>\n","protected":false},"featured_media":351221,"comment_status":"open","ping_status":"closed","template":"","meta":[],"pwb-brand":[3909],"product_brand":[],"product_cat":[3697,3696],"product_tag":[3754],"class_list":{"0":"post-351228","1":"product","2":"type-product","3":"status-publish","4":"has-post-thumbnail","6":"pwb-brand-elle-a-du","7":"product_cat-couteaux-solides","8":"product_cat-des-couteaux","9":"product_tag-b2b-fr","11":"first","12":"instock","13":"taxable","14":"shipping-taxable","15":"purchasable","16":"product-type-simple"},"brands":[{"id":3909,"name":"Elle a d\u00fb","slug":"elle-a-du"}],"_links":{"self":[{"href":"https:\/\/www.moskito.cz\/fr\/wp-json\/wp\/v2\/product\/351228","targetHints":{"allow":["GET"]}}],"collection":[{"href":"https:\/\/www.moskito.cz\/fr\/wp-json\/wp\/v2\/product"}],"about":[{"href":"https:\/\/www.moskito.cz\/fr\/wp-json\/wp\/v2\/types\/product"}],"replies":[{"embeddable":true,"href":"https:\/\/www.moskito.cz\/fr\/wp-json\/wp\/v2\/comments?post=351228"}],"wp:featuredmedia":[{"embeddable":true,"href":"https:\/\/www.moskito.cz\/fr\/wp-json\/wp\/v2\/media\/351221"}],"wp:attachment":[{"href":"https:\/\/www.moskito.cz\/fr\/wp-json\/wp\/v2\/media?parent=351228"}],"wp:term":[{"taxonomy":"pwb-brand","embeddable":true,"href":"https:\/\/www.moskito.cz\/fr\/wp-json\/wp\/v2\/pwb-brand?post=351228"},{"taxonomy":"product_brand","embeddable":true,"href":"https:\/\/www.moskito.cz\/fr\/wp-json\/wp\/v2\/product_brand?post=351228"},{"taxonomy":"product_cat","embeddable":true,"href":"https:\/\/www.moskito.cz\/fr\/wp-json\/wp\/v2\/product_cat?post=351228"},{"taxonomy":"product_tag","embeddable":true,"href":"https:\/\/www.moskito.cz\/fr\/wp-json\/wp\/v2\/product_tag?post=351228"}],"curies":[{"name":"wp","href":"https:\/\/api.w.org\/{rel}","templated":true}]}}