{"id":351303,"date":"2024-07-11T11:13:49","date_gmt":"2024-07-11T11:37:22","guid":{"rendered":"https:\/\/www.moskito.cz\/produkt\/couteau-fixe-muela-criollo-17\/"},"modified":"2025-05-07T11:20:50","modified_gmt":"2025-05-07T10:20:50","slug":"couteau-fixe-muela-criollo-17","status":"publish","type":"product","link":"https:\/\/www.moskito.cz\/fr\/produkt\/couteau-fixe-muela-criollo-17\/","title":{"rendered":"Couteau Fixe Muela CRIOLLO-17"},"content":{"rendered":"<p>Couteau fixe <strong>Muela<\/strong> CRIOLLO-17.<\/p>\n<p><strong>CRIOLLO-17<\/strong> le plus grand des deux couteaux universels de la s\u00e9rie CRIOLLO avec construction pleine soie. Fabriqu\u00e9 en acier molybd\u00e8ne vanadium MoVa. Con\u00e7u pour les survivalistes, id\u00e9al pour les d\u00e9placements hors de la ville et comme couteau de chasse.<\/p>\n<p>T\u00eate &#8211; avec profil Drop Point modifi\u00e9, \u00e9paisseur 4 mm avec une bonne mise au point longue dur\u00e9e, recouverte d&rsquo;une finition satin\u00e9e antireflet (semi-mate) \u00e9liminant l&rsquo;\u00e9blouissement. Fabriqu\u00e9 en acier inoxydable molybd\u00e8ne-vanadium X50CrMoV15 durable durci dans la plage de 57 \u00e0 58 HRC. La lame lisse (type Plain) a \u00e9t\u00e9 fabriqu\u00e9e avec Full Flat Grind pour d&rsquo;excellentes performances de coupe. Cette coupe r\u00e9duisait le poids du couteau et am\u00e9liorait les caract\u00e9ristiques de coupe.<\/p>\n<p>Le manche profil\u00e9 sous la main offre une prise s\u00fbre, recouvert de coussinets marron naturels en stratifi\u00e9 corail (corail pakkawood). Finger Choil profil\u00e9 en contre-d\u00e9pouille entre le manche et la lame (augmente le contr\u00f4le sur le couteau). Le couteau tient tr\u00e8s bien dans la main, ne glisse pas, peut \u00eatre facilement contr\u00f4l\u00e9 dans toutes les conditions. Il y a un trou pour c\u00e2ble \u00e0 l&rsquo;arri\u00e8re de la poign\u00e9e.<\/p>\n<p>\u00c9tui &#8211; profil\u00e9 sous la poign\u00e9e, en cuir marron avec logo Muela en relief avec fermeture \u00e0 loquet. Le fourreau \u00e9tait cousu sur les bords avec du fil d\u00e9coratif. La fixation par ceinture ou par engrenage permet de transporter le couteau en position verticale.<\/p>\n<p>Sp\u00e9cifications techniques:<br \/>\nNum\u00e9ro de produit: CRIOLLO-17<\/p>\n<p>Longueur de la lame : 17 cm \/ 6,69&Prime;<br \/>\n\u00c9paisseur de la lame : 0,4 cm \/ 0,16&Prime;<br \/>\nLongueur totale : 28 cm \/ 11,34&Prime;<br \/>\nPoids&nbsp;: 170,0 g \/ 6,0 oz<\/p>\n<p>Mat\u00e9riau de la lame&nbsp;: 1.4116 (X50CrMoV15)<br \/>\nDuret\u00e9 de la lame&nbsp;: 57-58 HRC<br \/>\nType de bord&nbsp;:&nbsp;Lisse<br \/>\nType de lame&nbsp;:&nbsp;pointe de chute<br \/>\nType de coupe&nbsp;: Compl\u00e8tement plat<\/p>\n<p>Manche : s\u00e9quoia, palissandre, pakkawood<\/p>\n<p>Fourreau&nbsp;: Cuir<br \/>\nFabricant : Muela, Espagne<\/p>\n<p>&nbsp;<\/p>\n","protected":false},"excerpt":{"rendered":"<p><strong>CRIOLLO-17 le plus grand des deux couteaux universels de la s\u00e9rie CRIOLLO avec construction pleine soie. Fabriqu\u00e9 en acier molybd\u00e8ne vanadium MoVa. Con\u00e7u pour les survivalistes, id\u00e9al pour les d\u00e9placements hors de la ville et comme couteau de chasse.<\/strong><\/p>\n","protected":false},"featured_media":351288,"comment_status":"open","ping_status":"closed","template":"","meta":[],"pwb-brand":[3909],"product_brand":[],"product_cat":[3697,3696],"product_tag":[3754],"class_list":{"0":"post-351303","1":"product","2":"type-product","3":"status-publish","4":"has-post-thumbnail","6":"pwb-brand-elle-a-du","7":"product_cat-couteaux-solides","8":"product_cat-des-couteaux","9":"product_tag-b2b-fr","11":"first","12":"instock","13":"taxable","14":"shipping-taxable","15":"purchasable","16":"product-type-simple"},"brands":[{"id":3909,"name":"Elle a d\u00fb","slug":"elle-a-du"}],"_links":{"self":[{"href":"https:\/\/www.moskito.cz\/fr\/wp-json\/wp\/v2\/product\/351303","targetHints":{"allow":["GET"]}}],"collection":[{"href":"https:\/\/www.moskito.cz\/fr\/wp-json\/wp\/v2\/product"}],"about":[{"href":"https:\/\/www.moskito.cz\/fr\/wp-json\/wp\/v2\/types\/product"}],"replies":[{"embeddable":true,"href":"https:\/\/www.moskito.cz\/fr\/wp-json\/wp\/v2\/comments?post=351303"}],"wp:featuredmedia":[{"embeddable":true,"href":"https:\/\/www.moskito.cz\/fr\/wp-json\/wp\/v2\/media\/351288"}],"wp:attachment":[{"href":"https:\/\/www.moskito.cz\/fr\/wp-json\/wp\/v2\/media?parent=351303"}],"wp:term":[{"taxonomy":"pwb-brand","embeddable":true,"href":"https:\/\/www.moskito.cz\/fr\/wp-json\/wp\/v2\/pwb-brand?post=351303"},{"taxonomy":"product_brand","embeddable":true,"href":"https:\/\/www.moskito.cz\/fr\/wp-json\/wp\/v2\/product_brand?post=351303"},{"taxonomy":"product_cat","embeddable":true,"href":"https:\/\/www.moskito.cz\/fr\/wp-json\/wp\/v2\/product_cat?post=351303"},{"taxonomy":"product_tag","embeddable":true,"href":"https:\/\/www.moskito.cz\/fr\/wp-json\/wp\/v2\/product_tag?post=351303"}],"curies":[{"name":"wp","href":"https:\/\/api.w.org\/{rel}","templated":true}]}}