{"id":351310,"date":"2022-09-20T22:08:49","date_gmt":"2024-07-11T12:52:32","guid":{"rendered":"https:\/\/www.moskito.cz\/produkt\/couteau-de-fermeture-tolerance-zero-blackwash-0357bw\/"},"modified":"2025-05-07T11:20:51","modified_gmt":"2025-05-07T10:20:51","slug":"couteau-de-fermeture-tolerance-zero-blackwash-0357bw","status":"publish","type":"product","link":"https:\/\/www.moskito.cz\/fr\/produkt\/couteau-de-fermeture-tolerance-zero-blackwash-0357bw\/","title":{"rendered":"Couteau de fermeture Tol\u00e9rance Z\u00e9ro BLACKWASH 0357BW"},"content":{"rendered":"<p>Couteau de fermeture <strong>Tol\u00e9rance Z\u00e9ro<\/strong> BLACKWASH 0357BW.<\/p>\n<p>Le 0357BW est un couteau de travail simple haut de gamme con\u00e7u pour des conditions exigeantes. La lame pointue de 3,25 pouces offre aux utilisateurs de nombreuses options de coupe. L&rsquo;acier de lame CPM 20CV de qualit\u00e9 sup\u00e9rieure offre une r\u00e9tention fiable des bords et une r\u00e9sistance \u00e0 la corrosion. Les rayures se fondent dans la finition de la lame BlackWash\u2122. Le G10 noir est usin\u00e9 sur l&rsquo;avant et l&rsquo;arri\u00e8re du manche. 0357BW est \u00e9quip\u00e9 du syst\u00e8me d&rsquo;ouverture assist\u00e9e ZT. Tirez simplement sur le flipper pour ouvrir le couteau facilement \u00e0 chaque fois. La lame se verrouille en place avec un verrou d&rsquo;insertion solide. Un clip double face sur la poche profonde permet de porter les deux c\u00f4t\u00e9s en position pli\u00e9e. Toutes ces caract\u00e9ristiques sont fabriqu\u00e9es avec pr\u00e9cision dans l&rsquo;usine ZT de Tualatin, Oregon, \u00c9tats-Unis. Que vous commenciez tout juste votre aventure ZT ou que vous cherchiez \u00e0 compl\u00e9ter votre collection, comptez sur le 0357BW pour faire le travail.<\/p>\n<p>Fonction<\/p>\n<p>Fabriqu\u00e9 aux \u00c9tats-Unis<br \/>\nPoign\u00e9e G10 noire<br \/>\nL&rsquo;acier \u00e0 lame CPM 20CV offre une duret\u00e9, une r\u00e9sistance \u00e0 l&rsquo;usure et une r\u00e9tention des bords exceptionnelles&nbsp;; la finition noire aide \u00e0 masquer les rayures dues \u00e0 l&rsquo;utilisation<br \/>\nL&rsquo;ouverture assist\u00e9e offre un d\u00e9ploiement rapide et fiable \u00e0 l&rsquo;aide d&rsquo;un aileron<\/p>\n<p>Type assist\u00e9, dossier<br \/>\nUtiliser tous les jours, \u00e0 l&rsquo;ext\u00e9rieur, au travail<br \/>\nCouteau de poche \u00e9l\u00e9gant<br \/>\nCon\u00e7u par ZT Originals<br \/>\nPoint de chute de style lame<br \/>\nBord de lame uni<br \/>\nAction d\u2019ouverture assist\u00e9e<br \/>\nS&rsquo;ouvre avec Flipper<br \/>\nType de verrouillage Linerlock<br \/>\nClip de poche Transport profond r\u00e9versible (droite\/gauche, rabat)<br \/>\nFabriqu\u00e9 aux \u00c9tats-Unis Oui<br \/>\nQuincaillerie Goupille en acier, vis, clip<\/p>\n<p>Lame acier CPM 20CV<br \/>\nLongueur de la lame 3,25 pouces (8,25 cm)<br \/>\nHRC 60-62<br \/>\nTraitement de surface de la lame\/Rev\u00eatement Traitement de surface BlackWash\u2122<br \/>\n\u00c9paisseur de la lame 0,121 po (0,31 cm)<br \/>\nLongueur une fois ferm\u00e9 4,4 pouces (11,2 cm)<br \/>\nMat\u00e9riau du manche G10<br \/>\nCouleur de la poign\u00e9e Noir<br \/>\n\u00c9paisseur du manche 0,47 po (11,2 mm)<br \/>\nLongueur totale 7,625 pouces (19,4 cm)<br \/>\nPoids 4,3 onces. (122g)<\/p>\n","protected":false},"excerpt":{"rendered":"<p>Nous continuerons \u00e0 fabriquer des couteaux professionnels de qualit\u00e9 sup\u00e9rieure sur lesquels nos clients pourront compter au quotidien&nbsp;!!<\/p>\n<p><strong>C&rsquo;est la tol\u00e9rance z\u00e9ro !!<\/strong><\/p>\n<p><strong>Transports gratuits.<\/strong><\/p>\n","protected":false},"featured_media":351312,"comment_status":"open","ping_status":"closed","template":"","meta":[],"pwb-brand":[3923],"product_brand":[],"product_cat":[3700,3696],"product_tag":[],"class_list":{"0":"post-351310","1":"product","2":"type-product","3":"status-publish","4":"has-post-thumbnail","6":"pwb-brand-tolerance-zero","7":"product_cat-couteaux-de-fermeture","8":"product_cat-des-couteaux","10":"first","11":"outofstock","12":"taxable","13":"shipping-taxable","14":"purchasable","15":"product-type-simple"},"brands":[{"id":3923,"name":"Tol\u00e9rance z\u00e9ro","slug":"tolerance-zero"}],"_links":{"self":[{"href":"https:\/\/www.moskito.cz\/fr\/wp-json\/wp\/v2\/product\/351310","targetHints":{"allow":["GET"]}}],"collection":[{"href":"https:\/\/www.moskito.cz\/fr\/wp-json\/wp\/v2\/product"}],"about":[{"href":"https:\/\/www.moskito.cz\/fr\/wp-json\/wp\/v2\/types\/product"}],"replies":[{"embeddable":true,"href":"https:\/\/www.moskito.cz\/fr\/wp-json\/wp\/v2\/comments?post=351310"}],"wp:featuredmedia":[{"embeddable":true,"href":"https:\/\/www.moskito.cz\/fr\/wp-json\/wp\/v2\/media\/351312"}],"wp:attachment":[{"href":"https:\/\/www.moskito.cz\/fr\/wp-json\/wp\/v2\/media?parent=351310"}],"wp:term":[{"taxonomy":"pwb-brand","embeddable":true,"href":"https:\/\/www.moskito.cz\/fr\/wp-json\/wp\/v2\/pwb-brand?post=351310"},{"taxonomy":"product_brand","embeddable":true,"href":"https:\/\/www.moskito.cz\/fr\/wp-json\/wp\/v2\/product_brand?post=351310"},{"taxonomy":"product_cat","embeddable":true,"href":"https:\/\/www.moskito.cz\/fr\/wp-json\/wp\/v2\/product_cat?post=351310"},{"taxonomy":"product_tag","embeddable":true,"href":"https:\/\/www.moskito.cz\/fr\/wp-json\/wp\/v2\/product_tag?post=351310"}],"curies":[{"name":"wp","href":"https:\/\/api.w.org\/{rel}","templated":true}]}}