{"id":351396,"date":"2021-09-24T15:32:31","date_gmt":"2024-07-12T09:07:31","guid":{"rendered":"https:\/\/www.moskito.cz\/produkt\/couteau-de-fermeture-sog-pentagon-xr-by-green\/"},"modified":"2025-05-07T11:20:53","modified_gmt":"2025-05-07T10:20:53","slug":"couteau-de-fermeture-sog-pentagon-xr-by-green","status":"publish","type":"product","link":"https:\/\/www.moskito.cz\/fr\/produkt\/couteau-de-fermeture-sog-pentagon-xr-by-green\/","title":{"rendered":"Couteau de fermeture SOG PENTAGON XR BY GREEN"},"content":{"rendered":"<p>Couteau de fermeture <strong>SOG<\/strong> PENTAGON XR PAR GREEN.<\/p>\n<p>Con\u00e7u pour la d\u00e9fense, le SOG Pentagon XR, facile \u00e0 transporter, est dot\u00e9 d&rsquo;acier inoxydable CTS XHP trait\u00e9 thermiquement cryog\u00e9niquement, d&rsquo;une large lame \u00e0 pointe de lance et d&rsquo;une poign\u00e9e G10 ultra-adh\u00e9rente. Le verrou XR de <strong>SOG<\/strong> permet une ouverture fluide d&rsquo;une seule main de trois mani\u00e8res diff\u00e9rentes avec un verrouillage de lame solide perceptible lors de l&rsquo;ouverture avec la sensation et la confiance d&rsquo;une lame solide. Un autre niveau de capacit\u00e9s am\u00e9lior\u00e9es soutenu par le pedigree \u00e9prouv\u00e9 du Pentagone.<\/p>\n<p>CONCEPTION BUT<br \/>\nIl est dot\u00e9 d&rsquo;une ouverture lisse double face et d&rsquo;un verrouillage XR Lock ferme, d&rsquo;une large pointe de lance CRYO CTS XHP en acier inoxydable et d&rsquo;une poign\u00e9e G10 ultra-adh\u00e9rente pour un meilleur contr\u00f4le.<\/p>\n<p>VERROUILLAGE XR<br \/>\nLe SOG XR Lock\u00ae permet une ouverture douce et contr\u00f4l\u00e9e d&rsquo;une seule main lorsqu&rsquo;elle est pr\u00e9vue avec un ouvre-pied, une goupille de pouce ou en tenant le verrou et en tirant la lame. Il offre un verrouillage de lame int\u00e9gr\u00e9 maximal lorsqu&rsquo;il est ouvert, pouvant r\u00e9sister \u00e0 une force de 1 500 livres.<\/p>\n<p>ACIER CRYO CTS XHP<\/p>\n<p>Acier de haute duret\u00e9 et r\u00e9sistant \u00e0 la corrosion, trait\u00e9 thermiquement cryog\u00e9niquement selon les sp\u00e9cifications de performance uniques de SOG. CTS XHP offre la combinaison id\u00e9ale de r\u00e9tention des bords et de durabilit\u00e9 pour une utilisation intensive avec un minimum d&rsquo;entretien.<\/p>\n<p>CONCEPTION AMBIDEXTRE<br \/>\nCon\u00e7u pour une utilisation ambidextre d&rsquo;une seule main, avec toutes les fonctions accessibles aux deux mains, y compris un support \u00e0 clip invers\u00e9 pour un port \u00e0 gauche ou \u00e0 droite.<\/p>\n<p>LONGUEUR TOTALE : 21 cm<br \/>\nLONGUEUR DE LA LAME : 9 cm<br \/>\nPOIDS&nbsp;: 4,9 onces<br \/>\nTYPE DE LAME EN ACIER : CRYO CTS XHP<br \/>\nMAT\u00c9RIAU DU POIGN\u00c9E&nbsp;: G10<br \/>\nCOULEUR DE LA POIGN\u00c9E&nbsp;: OD Vert<br \/>\nM\u00c9CANISME D&rsquo;OUVERTURE : XR, Pouce, Coup de pied<br \/>\nM\u00c9CANISME DE VERROUILLAGE : XR<br \/>\nFINITION&nbsp;: Nitrure de titane noir<br \/>\nFORME DE LA LAME&nbsp;: Pointe de Lance<\/p>\n<p>Notre histoire commence au Vietnam, o\u00f9 des membres de la force d&rsquo;op\u00e9rations sp\u00e9ciales tr\u00e8s secr\u00e8te am\u00e9ricaine &#8211; connue sous le nom de MACV &#8211; <strong>SOG<\/strong> &#8211; transportaient un couteau secret unique dans la jungle lors de missions secr\u00e8tes. Quelques ann\u00e9es plus tard, en 1986, ce couteau a inspir\u00e9 un jeune designer nomm\u00e9 Spencer Frazer \u00e0 fonder SOG Specialty Knives. Sa mission : reproduire le couteau <strong>SOG<\/strong> Bowie original et rendre hommage \u00e0 l&rsquo;unit\u00e9 des op\u00e9rations sp\u00e9ciales qui l&rsquo;a cr\u00e9\u00e9. Ce qui a commenc\u00e9 comme un mod\u00e8le comm\u00e9moratif unique est rapidement devenu toute une gamme d&rsquo;outils innovants &#8211; \u00e9prouv\u00e9s par les forces sp\u00e9ciales am\u00e9ricaines, et m\u00eame r\u00e9compens\u00e9s comme le couteau de choix des Navy SEAL. Aujourd&rsquo;hui, les couteaux SOG sont port\u00e9s en toute confiance dans les situations les plus exigeantes. Forg\u00e9 dans la tradition, endurci sur le terrain, d\u00e9pos\u00e9 pour vous.<\/p>\n<p>Que vous prot\u00e9giez les autres ou meniez une exp\u00e9dition de chasse \u00e9pique, releviez l&rsquo;un des d\u00e9fis quotidiens de la vie ou affrontiez les conditions les plus extr\u00eames \u00e0 ce jour, faites votre chemin avec <strong>SOG<\/strong> .<\/p>\n<p><iframe title=\"Pentagon XR\" width=\"800\" height=\"450\" src=\"https:\/\/www.youtube.com\/embed\/pgrGfNe-rl0?feature=oembed\" frameborder=\"0\" allow=\"accelerometer; autoplay; clipboard-write; encrypted-media; gyroscope; picture-in-picture; web-share\" referrerpolicy=\"strict-origin-when-cross-origin\" allowfullscreen><\/iframe><\/p>\n<p>&nbsp;<\/p>\n<p>Con\u00e7u pour la d\u00e9fense, le SOG Pentagon XR, facile \u00e0 transporter, est dot\u00e9 d&rsquo;un acier inoxydable CTS XHP de 3,66 pouces trait\u00e9 thermiquement cryog\u00e9niquement, d&rsquo;une large lame \u00e0 pointe de lance et d&rsquo;une poign\u00e9e G10 ultra-adh\u00e9rente. Le XR Lock de SOG permet une ouverture ambidextre fluide d&rsquo;une seule main de trois mani\u00e8res diff\u00e9rentes avec un verrouillage de lame solide distinctif une fois ouvert avec une sensation et une confiance semblables \u00e0 celles d&rsquo;une lame fixe. Le prochain niveau de capacit\u00e9 am\u00e9lior\u00e9e soutenu par le pedigree \u00e9prouv\u00e9 du Pentagone.<\/p>\n<p>LONGUEUR TOTALE<br \/>\n8,38 pouces<br \/>\nLONGUEUR FERM\u00c9E<br \/>\n4,77 pouces<br \/>\nLONGUEUR DE LA LAME<br \/>\n3,6 pouces<br \/>\nPOIDS<br \/>\n4,9 onces<br \/>\nTYPE DE LAME EN ACIER<br \/>\nCRYO CTS XHP<br \/>\n\u00c9PAISSEUR DE LA LAME<br \/>\n0,12 po<br \/>\nMAT\u00c9RIEL DE LA POIGN\u00c9E<br \/>\nG10<br \/>\nCOULEUR DE LA POIGN\u00c9E<br \/>\nPar vert<br \/>\nM\u00c9CANISME D&rsquo;OUVERTURE<br \/>\nXR, bouton de pouce, coup de pied<br \/>\nM\u00c9CANISME DE VERROUILLAGE<br \/>\nXR<br \/>\nFINITION<br \/>\nNitrure de titane noir<br \/>\nFORME DE LA LAME<br \/>\nPoint lance<br \/>\nTYPE DE BORD<br \/>\nDroit<\/p>\n<p>&nbsp;<\/p>\n<p>&nbsp;<\/p>\n","protected":false},"excerpt":{"rendered":"<p>Que vous prot\u00e9giez les autres ou meniez une exp\u00e9dition de chasse \u00e9pique, releviez l&rsquo;un des d\u00e9fis quotidiens de la vie ou affrontiez les conditions les plus extr\u00eames \u00e0 ce jour, faites votre chemin avec <strong>SOG<\/strong> .<\/p>\n<p><strong>Nous offrons une garantie \u00e0 vie sur tous les couteaux SOG&nbsp;!<\/strong><\/p>\n","protected":false},"featured_media":351404,"comment_status":"open","ping_status":"closed","template":"","meta":[],"pwb-brand":[3849],"product_brand":[],"product_cat":[3700,3696],"product_tag":[3754],"class_list":{"0":"post-351396","1":"product","2":"type-product","3":"status-publish","4":"has-post-thumbnail","6":"pwb-brand-sog-fr","7":"product_cat-couteaux-de-fermeture","8":"product_cat-des-couteaux","9":"product_tag-b2b-fr","11":"first","12":"outofstock","13":"taxable","14":"shipping-taxable","15":"purchasable","16":"product-type-simple"},"brands":[{"id":3849,"name":"SOG","slug":"sog-fr"}],"_links":{"self":[{"href":"https:\/\/www.moskito.cz\/fr\/wp-json\/wp\/v2\/product\/351396","targetHints":{"allow":["GET"]}}],"collection":[{"href":"https:\/\/www.moskito.cz\/fr\/wp-json\/wp\/v2\/product"}],"about":[{"href":"https:\/\/www.moskito.cz\/fr\/wp-json\/wp\/v2\/types\/product"}],"replies":[{"embeddable":true,"href":"https:\/\/www.moskito.cz\/fr\/wp-json\/wp\/v2\/comments?post=351396"}],"wp:featuredmedia":[{"embeddable":true,"href":"https:\/\/www.moskito.cz\/fr\/wp-json\/wp\/v2\/media\/351404"}],"wp:attachment":[{"href":"https:\/\/www.moskito.cz\/fr\/wp-json\/wp\/v2\/media?parent=351396"}],"wp:term":[{"taxonomy":"pwb-brand","embeddable":true,"href":"https:\/\/www.moskito.cz\/fr\/wp-json\/wp\/v2\/pwb-brand?post=351396"},{"taxonomy":"product_brand","embeddable":true,"href":"https:\/\/www.moskito.cz\/fr\/wp-json\/wp\/v2\/product_brand?post=351396"},{"taxonomy":"product_cat","embeddable":true,"href":"https:\/\/www.moskito.cz\/fr\/wp-json\/wp\/v2\/product_cat?post=351396"},{"taxonomy":"product_tag","embeddable":true,"href":"https:\/\/www.moskito.cz\/fr\/wp-json\/wp\/v2\/product_tag?post=351396"}],"curies":[{"name":"wp","href":"https:\/\/api.w.org\/{rel}","templated":true}]}}